{"id":5767,"date":"2024-08-01T12:59:59","date_gmt":"2024-08-01T12:59:59","guid":{"rendered":"https:\/\/voxtours.com\/politica-di-sostenibilita\/"},"modified":"2025-07-09T17:01:30","modified_gmt":"2025-07-09T17:01:30","slug":"politica-di-sostenibilita","status":"publish","type":"page","link":"https:\/\/voxtours.com\/it\/politica-di-sostenibilita\/","title":{"rendered":"Politica di sostenibilit\u00e0"},"content":{"rendered":"<section class=\"l-section wpb_row us_custom_64ac204c policy-content-sec height_medium\"><div class=\"l-section-h i-cf\"><div class=\"g-cols vc_row via_grid cols_1 laptops-cols_inherit tablets-cols_inherit mobiles-cols_1 valign_top type_default stacking_default\"><div class=\"wpb_column vc_column_container\"><div class=\"vc_column-inner\"><div class=\"g-cols wpb_row via_grid cols_1 laptops-cols_inherit tablets-cols_inherit mobiles-cols_1 valign_top type_default stacking_default\" style=\"--gap:3rem;\"><div class=\"wpb_column vc_column_container\"><div class=\"vc_column-inner\"><h1 class=\"w-text us_custom_acb5efb5 has_text_color\"><span class=\"w-text-h\"><span class=\"w-text-value\">Politica di sostenibilit\u00e0<\/span><\/span><\/h1><div class=\"wpb_text_column us_custom_2913d69d has_text_color\"><div class=\"wpb_wrapper\"><h4><strong>Introduzione<\/strong><\/h4>\n<p>Noi di Vox Tours ci impegniamo a promuovere la sostenibilit\u00e0 in tutti gli aspetti delle nostre operazioni. Riconosciamo la nostra responsabilit\u00e0 di proteggere l&#8217;ambiente e contribuire al benessere delle comunit\u00e0 che serviamo. <\/p>\n<h4><strong>I nostri impegni<\/strong><\/h4>\n<ol>\n<li><strong>Responsabilit\u00e0 Ambientale<\/strong>: Miriamo a minimizzare il nostro impatto ambientale riducendo i rifiuti, conservando le risorse e promuovendo pratiche ecologiche.<\/li>\n<li><strong>Viaggi Sostenibili<\/strong>: Sosteniamo opzioni di viaggio sostenibili che riducono l&#8217;impronta di carbonio e promuovono la conservazione culturale e ambientale.<\/li>\n<li><strong>Coinvolgimento della Comunit\u00e0<\/strong>: Ci impegniamo attivamente con le comunit\u00e0 locali per sostenere iniziative sociali, economiche e ambientali che beneficiano le regioni in cui operiamo.<\/li>\n<\/ol>\n<h4><strong>Azioni che intraprendiamo<\/strong><\/h4>\n<ul>\n<li>Implementare pratiche ad alta efficienza energetica nei nostri uffici e nelle nostre operazioni.<\/li>\n<li>Incoraggiare l&#8217;uso dei trasporti pubblici e di altri metodi di viaggio sostenibili.<\/li>\n<li>Collaborare con organizzazioni che promuovono la conservazione ambientale e lo sviluppo della comunit\u00e0.<\/li>\n<li>Educare i nostri dipendenti, partner e clienti sull&#8217;importanza della sostenibilit\u00e0.<\/li>\n<\/ul>\n<h4><strong>Monitoraggio e rendicontazione<\/strong><\/h4>\n<p>Monitoriamo costantemente le nostre prestazioni di sostenibilit\u00e0 e ci impegniamo per il miglioramento. Siamo impegnati nella trasparenza e rendicontiamo regolarmente le nostre iniziative e i progressi in materia di sostenibilit\u00e0. <\/p>\n<h4><strong>Conclusione<\/strong><\/h4>\n<p>Vox Tours si dedica a creare un impatto positivo sull&#8217;ambiente e sulla societ\u00e0. Crediamo che, attraverso uno sforzo collettivo, possiamo creare un futuro sostenibile per le generazioni a venire.<\/p>\n<\/div><\/div><\/div><\/div><\/div><\/div><\/div><\/div><\/div><\/section>\n","protected":false},"excerpt":{"rendered":"","protected":false},"author":18,"featured_media":0,"parent":0,"menu_order":0,"comment_status":"closed","ping_status":"closed","template":"","meta":{"footnotes":""},"class_list":["post-5767","page","type-page","status-publish","hentry"],"acf":[],"_links":{"self":[{"href":"https:\/\/voxtours.com\/it\/wp-json\/wp\/v2\/pages\/5767","targetHints":{"allow":["GET"]}}],"collection":[{"href":"https:\/\/voxtours.com\/it\/wp-json\/wp\/v2\/pages"}],"about":[{"href":"https:\/\/voxtours.com\/it\/wp-json\/wp\/v2\/types\/page"}],"author":[{"embeddable":true,"href":"https:\/\/voxtours.com\/it\/wp-json\/wp\/v2\/users\/18"}],"replies":[{"embeddable":true,"href":"https:\/\/voxtours.com\/it\/wp-json\/wp\/v2\/comments?post=5767"}],"version-history":[{"count":0,"href":"https:\/\/voxtours.com\/it\/wp-json\/wp\/v2\/pages\/5767\/revisions"}],"wp:attachment":[{"href":"https:\/\/voxtours.com\/it\/wp-json\/wp\/v2\/media?parent=5767"}],"curies":[{"name":"wp","href":"https:\/\/api.w.org\/{rel}","templated":true}]}}