{"id":5778,"date":"2024-08-01T12:29:30","date_gmt":"2024-08-01T12:29:30","guid":{"rendered":"https:\/\/voxtours.com\/politique-de-confidentialite\/"},"modified":"2025-07-09T17:02:24","modified_gmt":"2025-07-09T17:02:24","slug":"politique-de-confidentialite","status":"publish","type":"page","link":"https:\/\/voxtours.com\/fr\/politique-de-confidentialite\/","title":{"rendered":"Politique de confidentialit\u00e9"},"content":{"rendered":"<section class=\"l-section wpb_row us_custom_64ac204c policy-content-sec height_medium\"><div class=\"l-section-h i-cf\"><div class=\"g-cols vc_row via_grid cols_1 laptops-cols_inherit tablets-cols_inherit mobiles-cols_1 valign_top type_default stacking_default\"><div class=\"wpb_column vc_column_container\"><div class=\"vc_column-inner\"><div class=\"g-cols wpb_row via_grid cols_1 laptops-cols_inherit tablets-cols_inherit mobiles-cols_1 valign_top type_default stacking_default\" style=\"--gap:3rem;\"><div class=\"wpb_column vc_column_container\"><div class=\"vc_column-inner\"><h1 class=\"w-text us_custom_c9e8db2a has_text_color\"><span class=\"w-text-h\"><span class=\"w-text-value\">Politique de confidentialit\u00e9<\/span><\/span><\/h1><div class=\"wpb_text_column us_custom_2913d69d has_text_color\"><div class=\"wpb_wrapper\"><h4><strong>Introduction<\/strong><\/h4>\n<p>Vox Tours (\u00ab nous \u00bb, \u00ab notre \u00bb, \u00ab nos \u00bb) valorise votre vie priv\u00e9e et s&rsquo;engage \u00e0 prot\u00e9ger vos informations personnelles. Cette Politique de Confidentialit\u00e9 explique comment nous collectons, utilisons et partageons les informations lorsque vous visitez notre site web <a href=\"https:\/\/www.voxtours.com\" target=\"_new\" rel=\"noreferrer noopener\">www.voxtours.com<\/a> et utilisez nos services. <\/p>\n<h4><strong>Informations que nous collectons<\/strong><\/h4>\n<p>Nous collectons les types d&rsquo;informations suivants :<\/p>\n<ul>\n<li><strong>Informations d&rsquo;identification personnelle<\/strong> : Nom, adresse e-mail, num\u00e9ro de t\u00e9l\u00e9phone et autres coordonn\u00e9es lorsque vous vous abonnez ou nous contactez.<\/li>\n<li><strong>Donn\u00e9es techniques<\/strong> : Adresse IP, type de navigateur, syst\u00e8me d&rsquo;exploitation et comportement de navigation collect\u00e9s via des cookies et technologies similaires.<\/li>\n<li><strong>Donn\u00e9es d&rsquo;utilisation<\/strong> : Informations sur la fa\u00e7on dont vous utilisez notre site web et nos services.<\/li>\n<\/ul>\n<h4><strong>Comment nous utilisons vos informations<\/strong><\/h4>\n<p>Nous utilisons les informations collect\u00e9es aux fins suivantes :<\/p>\n<ul>\n<li>Pour fournir et maintenir nos services.<\/li>\n<li>Pour vous informer des modifications apport\u00e9es \u00e0 nos services.<\/li>\n<li>Pour vous permettre de participer aux fonctionnalit\u00e9s interactives de notre site web.<\/li>\n<li>Pour fournir un service client.<\/li>\n<li>Pour recueillir des analyses ou des informations pr\u00e9cieuses afin d&rsquo;am\u00e9liorer notre site web.<\/li>\n<li>Pour surveiller l&rsquo;utilisation de notre site web.<\/li>\n<li>Pour d\u00e9tecter, pr\u00e9venir et r\u00e9soudre les probl\u00e8mes techniques.<\/li>\n<\/ul>\n<h4><strong>Partage de vos informations<\/strong><\/h4>\n<p>Nous ne vendons, n&rsquo;\u00e9changeons ni ne transf\u00e9rons vos informations personnelles \u00e0 des tiers, \u00e0 l&rsquo;exception des tiers de confiance qui nous aident \u00e0 exploiter notre site web, \u00e0 mener nos activit\u00e9s ou \u00e0 servir nos utilisateurs, \u00e0 condition que ces parties acceptent de garder ces informations confidentielles.<\/p>\n<h4><strong>S\u00e9curit\u00e9 de vos informations<\/strong><\/h4>\n<p>Nous prenons des mesures raisonnables pour prot\u00e9ger vos informations personnelles contre la perte, le vol, l&rsquo;utilisation abusive et l&rsquo;acc\u00e8s non autoris\u00e9. Cependant, aucune m\u00e9thode de transmission sur Internet ou m\u00e9thode de stockage \u00e9lectronique n&rsquo;est s\u00e9curis\u00e9e \u00e0 100 %. <\/p>\n<h4><strong>Vos droits en mati\u00e8re de protection des donn\u00e9es<\/strong><\/h4>\n<p>Selon votre localisation, vous pouvez disposer des droits suivants concernant vos donn\u00e9es personnelles :<\/p>\n<ul>\n<li>Le droit d&rsquo;acc\u00e8s \u2013 Vous avez le droit de demander des copies de vos donn\u00e9es personnelles.<\/li>\n<li>Le droit de rectification \u2013 Vous avez le droit de demander que nous corrigions toute information que vous estimez inexacte ou que nous compl\u00e9tions les informations que vous estimez incompl\u00e8tes<\/li>\n<\/ul>\n<\/div><\/div><\/div><\/div><\/div><\/div><\/div><\/div><\/div><\/section>\n","protected":false},"excerpt":{"rendered":"","protected":false},"author":18,"featured_media":0,"parent":0,"menu_order":0,"comment_status":"closed","ping_status":"closed","template":"","meta":{"footnotes":""},"class_list":["post-5778","page","type-page","status-publish","hentry"],"acf":[],"_links":{"self":[{"href":"https:\/\/voxtours.com\/fr\/wp-json\/wp\/v2\/pages\/5778","targetHints":{"allow":["GET"]}}],"collection":[{"href":"https:\/\/voxtours.com\/fr\/wp-json\/wp\/v2\/pages"}],"about":[{"href":"https:\/\/voxtours.com\/fr\/wp-json\/wp\/v2\/types\/page"}],"author":[{"embeddable":true,"href":"https:\/\/voxtours.com\/fr\/wp-json\/wp\/v2\/users\/18"}],"replies":[{"embeddable":true,"href":"https:\/\/voxtours.com\/fr\/wp-json\/wp\/v2\/comments?post=5778"}],"version-history":[{"count":0,"href":"https:\/\/voxtours.com\/fr\/wp-json\/wp\/v2\/pages\/5778\/revisions"}],"wp:attachment":[{"href":"https:\/\/voxtours.com\/fr\/wp-json\/wp\/v2\/media?parent=5778"}],"curies":[{"name":"wp","href":"https:\/\/api.w.org\/{rel}","templated":true}]}}