{"id":5758,"date":"2024-08-01T12:59:59","date_gmt":"2024-08-01T12:59:59","guid":{"rendered":"https:\/\/voxtours.com\/politique-de-developpement-durable\/"},"modified":"2025-07-09T17:00:58","modified_gmt":"2025-07-09T17:00:58","slug":"politique-de-developpement-durable","status":"publish","type":"page","link":"https:\/\/voxtours.com\/fr\/politique-de-developpement-durable\/","title":{"rendered":"Politique de d\u00e9veloppement durable"},"content":{"rendered":"<section class=\"l-section wpb_row us_custom_64ac204c policy-content-sec height_medium\"><div class=\"l-section-h i-cf\"><div class=\"g-cols vc_row via_grid cols_1 laptops-cols_inherit tablets-cols_inherit mobiles-cols_1 valign_top type_default stacking_default\"><div class=\"wpb_column vc_column_container\"><div class=\"vc_column-inner\"><div class=\"g-cols wpb_row via_grid cols_1 laptops-cols_inherit tablets-cols_inherit mobiles-cols_1 valign_top type_default stacking_default\" style=\"--gap:3rem;\"><div class=\"wpb_column vc_column_container\"><div class=\"vc_column-inner\"><h1 class=\"w-text us_custom_acb5efb5 has_text_color\"><span class=\"w-text-h\"><span class=\"w-text-value\">Politique de d\u00e9veloppement durable<\/span><\/span><\/h1><div class=\"wpb_text_column us_custom_2913d69d has_text_color\"><div class=\"wpb_wrapper\"><h4><strong>Introduction<\/strong><\/h4>\n<p>Chez Vox Tours, nous nous engageons \u00e0 promouvoir le d\u00e9veloppement durable dans tous les aspects de nos activit\u00e9s. Nous reconnaissons notre responsabilit\u00e9 de prot\u00e9ger l&rsquo;environnement et de contribuer au bien-\u00eatre des communaut\u00e9s que nous servons. <\/p>\n<h4><strong>Nos engagements<\/strong><\/h4>\n<ol>\n<li><strong>Responsabilit\u00e9 environnementale<\/strong> : Nous visons \u00e0 minimiser notre impact environnemental en r\u00e9duisant les d\u00e9chets, en pr\u00e9servant les ressources et en promouvant des pratiques \u00e9cologiques.<\/li>\n<li><strong>Voyage durable<\/strong> : Nous soutenons des options de voyage durables qui r\u00e9duisent l&#8217;empreinte carbone et favorisent la pr\u00e9servation culturelle et environnementale.<\/li>\n<li><strong>Engagement communautaire<\/strong> : Nous nous engageons activement aupr\u00e8s des communaut\u00e9s locales pour soutenir des initiatives sociales, \u00e9conomiques et environnementales qui b\u00e9n\u00e9ficient aux r\u00e9gions o\u00f9 nous op\u00e9rons.<\/li>\n<\/ol>\n<h4><strong>Nos actions<\/strong><\/h4>\n<ul>\n<li>Mise en \u0153uvre de pratiques \u00e9co\u00e9nerg\u00e9tiques dans nos bureaux et nos op\u00e9rations.<\/li>\n<li>Encouragement \u00e0 l&rsquo;utilisation des transports en commun et d&rsquo;autres m\u00e9thodes de voyage durables.<\/li>\n<li>Partenariat avec des organisations qui promeuvent la conservation de l&rsquo;environnement et le d\u00e9veloppement communautaire.<\/li>\n<li>Sensibilisation de nos employ\u00e9s, partenaires et clients \u00e0 l&rsquo;importance du d\u00e9veloppement durable.<\/li>\n<\/ul>\n<h4><strong>Suivi et rapports<\/strong><\/h4>\n<p>Nous surveillons continuellement notre performance en mati\u00e8re de d\u00e9veloppement durable et nous nous effor\u00e7ons de l&rsquo;am\u00e9liorer. Nous nous engageons \u00e0 la transparence et rendons r\u00e9guli\u00e8rement compte de nos initiatives et de nos progr\u00e8s en mati\u00e8re de d\u00e9veloppement durable. <\/p>\n<h4><strong>Conclusion<\/strong><\/h4>\n<p>Vox Tours s&rsquo;engage \u00e0 avoir un impact positif sur l&rsquo;environnement et la soci\u00e9t\u00e9. Nous croyons que gr\u00e2ce \u00e0 un effort collectif, nous pouvons cr\u00e9er un avenir durable pour les g\u00e9n\u00e9rations futures.<\/p>\n<\/div><\/div><\/div><\/div><\/div><\/div><\/div><\/div><\/div><\/section>\n","protected":false},"excerpt":{"rendered":"","protected":false},"author":18,"featured_media":0,"parent":0,"menu_order":0,"comment_status":"closed","ping_status":"closed","template":"","meta":{"footnotes":""},"class_list":["post-5758","page","type-page","status-publish","hentry"],"acf":[],"_links":{"self":[{"href":"https:\/\/voxtours.com\/fr\/wp-json\/wp\/v2\/pages\/5758","targetHints":{"allow":["GET"]}}],"collection":[{"href":"https:\/\/voxtours.com\/fr\/wp-json\/wp\/v2\/pages"}],"about":[{"href":"https:\/\/voxtours.com\/fr\/wp-json\/wp\/v2\/types\/page"}],"author":[{"embeddable":true,"href":"https:\/\/voxtours.com\/fr\/wp-json\/wp\/v2\/users\/18"}],"replies":[{"embeddable":true,"href":"https:\/\/voxtours.com\/fr\/wp-json\/wp\/v2\/comments?post=5758"}],"version-history":[{"count":0,"href":"https:\/\/voxtours.com\/fr\/wp-json\/wp\/v2\/pages\/5758\/revisions"}],"wp:attachment":[{"href":"https:\/\/voxtours.com\/fr\/wp-json\/wp\/v2\/media?parent=5758"}],"curies":[{"name":"wp","href":"https:\/\/api.w.org\/{rel}","templated":true}]}}