{"id":5750,"date":"2024-09-03T14:59:42","date_gmt":"2024-09-03T14:59:42","guid":{"rendered":"https:\/\/voxtours.com\/faq-du-guide-pop\/"},"modified":"2025-07-09T17:00:41","modified_gmt":"2025-07-09T17:00:41","slug":"faq-du-guide-pop","status":"publish","type":"page","link":"https:\/\/voxtours.com\/fr\/faq-du-guide-pop\/","title":{"rendered":"FAQ du guide POP"},"content":{"rendered":"\t\t<div data-elementor-type=\"wp-page\" data-elementor-id=\"5750\" class=\"elementor elementor-5750 elementor-1047\" data-elementor-post-type=\"page\">\n\t\t\t\t<div class=\"elementor-element elementor-element-90146ff inner-ban-sec e-flex e-con-boxed e-con e-parent\" data-id=\"90146ff\" data-element_type=\"container\" data-settings=\"{&quot;background_background&quot;:&quot;classic&quot;}\">\n\t\t\t\t\t<div class=\"e-con-inner\">\n\t\t<div class=\"elementor-element elementor-element-54b49e6b e-con-full e-flex e-con e-child\" data-id=\"54b49e6b\" data-element_type=\"container\">\n\t\t\t\t<div class=\"elementor-element elementor-element-41318c4e elementor-widget__width-initial elementor-widget elementor-widget-heading\" data-id=\"41318c4e\" data-element_type=\"widget\" data-widget_type=\"heading.default\">\n\t\t\t\t<div class=\"elementor-widget-container\">\n\t\t\t\t\t<h2 class=\"elementor-heading-title elementor-size-default\">FAQ du guide POP<\/h2>\t\t\t\t<\/div>\n\t\t\t\t<\/div>\n\t\t\t\t<\/div>\n\t\t\t\t\t<\/div>\n\t\t\t\t<\/div>\n\t\t<div class=\"elementor-element elementor-element-284248a e-flex e-con-boxed e-con e-parent\" data-id=\"284248a\" data-element_type=\"container\">\n\t\t\t\t\t<div class=\"e-con-inner\">\n\t\t\t\t<div class=\"elementor-element elementor-element-285f64a elementor-widget elementor-widget-text-editor\" data-id=\"285f64a\" data-element_type=\"widget\" data-widget_type=\"text-editor.default\">\n\t\t\t\t<div class=\"elementor-widget-container\">\n\t\t\t\t\t\t\t\t\t<a href=\"#howcanlogn\">Comment puis-je me connecter ?<\/a> | <a href=\"#dltmstk\">Comment puis-je t\u00e9l\u00e9charger mes contenus ?<\/a> | <a href=\"#lang\">Comment changer la langue de mes contenus ?<\/a> | <a href=\"#mistake\">J&rsquo;ai supprim\u00e9 l&rsquo;application par erreur<\/a> | <a href=\"#slfgt\">Comment voir les visites autoguid\u00e9es<\/a> |  <a href=\"#purchase\">J&rsquo;ai achet\u00e9 deux exp\u00e9riences audio ou plus. O\u00f9 puis-je voir toutes mes exp\u00e9riences audio disponibles ? <\/a>\t\t\t\t\t\t\t\t<\/div>\n\t\t\t\t<\/div>\n\t\t\t\t\t<\/div>\n\t\t\t\t<\/div>\n\t\t<div class=\"elementor-element elementor-element-2ea0ba5 e-flex e-con-boxed e-con e-parent\" data-id=\"2ea0ba5\" data-element_type=\"container\">\n\t\t\t\t\t<div class=\"e-con-inner\">\n\t\t<div class=\"elementor-element elementor-element-7375e82 e-con-full e-flex e-con e-child\" data-id=\"7375e82\" data-element_type=\"container\" id=\"howcanlogn\">\n\t\t\t\t<div class=\"elementor-element elementor-element-3fda760 elementor-widget elementor-widget-heading\" data-id=\"3fda760\" data-element_type=\"widget\" data-widget_type=\"heading.default\">\n\t\t\t\t<div class=\"elementor-widget-container\">\n\t\t\t\t\t<h2 class=\"elementor-heading-title elementor-size-default\">Comment puis-je me connecter ?<\/h2>\t\t\t\t<\/div>\n\t\t\t\t<\/div>\n\t\t\t\t<div class=\"elementor-element elementor-element-6b0589d elementor-widget elementor-widget-text-editor\" data-id=\"6b0589d\" data-element_type=\"widget\" data-widget_type=\"text-editor.default\">\n\t\t\t\t<div class=\"elementor-widget-container\">\n\t\t\t\t\t\t\t\t\tApr\u00e8s avoir achet\u00e9 vos identifiants de connexion aupr\u00e8s d&rsquo;un partenaire POPGuide, connectez-vous \u00e0 l&rsquo;application en scannant le code QR sur leur bon ou en cliquant sur le lien intelligent. Cela vous permettra de t\u00e9l\u00e9charger l&rsquo;application depuis votre magasin et d&rsquo;installer votre contenu achet\u00e9. \t\t\t\t\t\t\t\t<\/div>\n\t\t\t\t<\/div>\n\t\t\t\t<div class=\"elementor-element elementor-element-f308d0b elementor-widget elementor-widget-image\" data-id=\"f308d0b\" data-element_type=\"widget\" data-widget_type=\"image.default\">\n\t\t\t\t<div class=\"elementor-widget-container\">\n\t\t\t\t\t\t\t\t\t\t\t\t\t\t\t<img fetchpriority=\"high\" decoding=\"async\" width=\"768\" height=\"499\" src=\"https:\/\/voxtours.com\/wp-content\/uploads\/2024\/09\/how-login-768x499-1.jpg\" class=\"attachment-full size-full wp-image-4059\" alt=\"\" srcset=\"https:\/\/voxtours.com\/wp-content\/uploads\/2024\/09\/how-login-768x499-1.jpg 768w, https:\/\/voxtours.com\/wp-content\/uploads\/2024\/09\/how-login-768x499-1-300x195.jpg 300w\" sizes=\"(max-width: 768px) 100vw, 768px\" \/>\t\t\t\t\t\t\t\t\t\t\t\t\t\t\t<\/div>\n\t\t\t\t<\/div>\n\t\t\t\t<\/div>\n\t\t<div class=\"elementor-element elementor-element-b0623db e-con-full e-flex e-con e-child\" data-id=\"b0623db\" data-element_type=\"container\" id=\"dltmstk\">\n\t\t\t\t<div class=\"elementor-element elementor-element-8ae781b elementor-widget elementor-widget-heading\" data-id=\"8ae781b\" data-element_type=\"widget\" data-widget_type=\"heading.default\">\n\t\t\t\t<div class=\"elementor-widget-container\">\n\t\t\t\t\t<h2 class=\"elementor-heading-title elementor-size-default\">Comment puis-je t\u00e9l\u00e9charger mes contenus ?\n<\/h2>\t\t\t\t<\/div>\n\t\t\t\t<\/div>\n\t\t\t\t<div class=\"elementor-element elementor-element-063e6a7 elementor-widget elementor-widget-text-editor\" data-id=\"063e6a7\" data-element_type=\"widget\" data-widget_type=\"text-editor.default\">\n\t\t\t\t<div class=\"elementor-widget-container\">\n\t\t\t\t\t\t\t\t\tUne fois connect\u00e9 \u00e0 l&rsquo;application, vous pouvez t\u00e9l\u00e9charger votre contenu achet\u00e9. Cliquez sur la bo\u00eete de carte, puis s\u00e9lectionnez l&rsquo;une des langues disponibles. Vous pouvez choisir de t\u00e9l\u00e9charger le contenu en mode complet ou l\u00e9ger. Le mode complet vous permettra d&rsquo;utiliser l&rsquo;application compl\u00e8tement hors ligne, tandis que le mode l\u00e9ger n\u00e9cessitera une connexion internet tout au long de votre visite.   \n\t\t\t\t\t\t\t\t<\/div>\n\t\t\t\t<\/div>\n\t\t\t\t<div class=\"elementor-element elementor-element-8478ca1 elementor-widget elementor-widget-image\" data-id=\"8478ca1\" data-element_type=\"widget\" data-widget_type=\"image.default\">\n\t\t\t\t<div class=\"elementor-widget-container\">\n\t\t\t\t\t\t\t\t\t\t\t\t\t\t\t<img decoding=\"async\" width=\"768\" height=\"499\" src=\"https:\/\/voxtours.com\/wp-content\/uploads\/2024\/09\/donwload-contents-768x499-1.jpg\" class=\"attachment-full size-full wp-image-4063\" alt=\"\" srcset=\"https:\/\/voxtours.com\/wp-content\/uploads\/2024\/09\/donwload-contents-768x499-1.jpg 768w, https:\/\/voxtours.com\/wp-content\/uploads\/2024\/09\/donwload-contents-768x499-1-300x195.jpg 300w\" sizes=\"(max-width: 768px) 100vw, 768px\" \/>\t\t\t\t\t\t\t\t\t\t\t\t\t\t\t<\/div>\n\t\t\t\t<\/div>\n\t\t\t\t<\/div>\n\t\t<div class=\"elementor-element elementor-element-b76988d e-con-full e-flex e-con e-child\" data-id=\"b76988d\" data-element_type=\"container\">\n\t\t\t\t<div class=\"elementor-element elementor-element-a915d63 elementor-widget elementor-widget-heading\" data-id=\"a915d63\" data-element_type=\"widget\" id=\"lang\" data-widget_type=\"heading.default\">\n\t\t\t\t<div class=\"elementor-widget-container\">\n\t\t\t\t\t<h2 class=\"elementor-heading-title elementor-size-default\">Comment changer la langue de mes contenus ?<\/h2>\t\t\t\t<\/div>\n\t\t\t\t<\/div>\n\t\t\t\t<div class=\"elementor-element elementor-element-c2699db elementor-widget elementor-widget-text-editor\" data-id=\"c2699db\" data-element_type=\"widget\" data-widget_type=\"text-editor.default\">\n\t\t\t\t<div class=\"elementor-widget-container\">\n\t\t\t\t\t\t\t\t\tSi vous avez s\u00e9lectionn\u00e9 la mauvaise langue par erreur, vous pouvez la changer dans vos param\u00e8tres. Retournez \u00e0 la page \u00ab Mes Cartes \u00bb, puis cliquez sur votre profil dans le menu en haut \u00e0 droite. Cliquez sur l&rsquo;ic\u00f4ne de suppression \u00e0 c\u00f4t\u00e9 de la carte que vous souhaitez t\u00e9l\u00e9charger \u00e0 nouveau. Maintenant, retournez \u00e0 \u00ab Mes Cartes \u00bb et t\u00e9l\u00e9chargez la carte dans la langue de votre choix.   \n\t\t\t\t\t\t\t\t<\/div>\n\t\t\t\t<\/div>\n\t\t\t\t<div class=\"elementor-element elementor-element-e337131 elementor-widget elementor-widget-image\" data-id=\"e337131\" data-element_type=\"widget\" data-widget_type=\"image.default\">\n\t\t\t\t<div class=\"elementor-widget-container\">\n\t\t\t\t\t\t\t\t\t\t\t\t\t\t\t<img decoding=\"async\" width=\"768\" height=\"499\" src=\"https:\/\/voxtours.com\/wp-content\/uploads\/2024\/09\/change-language-768x499-1.jpg\" class=\"attachment-full size-full wp-image-4067\" alt=\"\" srcset=\"https:\/\/voxtours.com\/wp-content\/uploads\/2024\/09\/change-language-768x499-1.jpg 768w, https:\/\/voxtours.com\/wp-content\/uploads\/2024\/09\/change-language-768x499-1-300x195.jpg 300w\" sizes=\"(max-width: 768px) 100vw, 768px\" \/>\t\t\t\t\t\t\t\t\t\t\t\t\t\t\t<\/div>\n\t\t\t\t<\/div>\n\t\t\t\t<\/div>\n\t\t<div class=\"elementor-element elementor-element-3c2839e e-con-full e-flex e-con e-child\" data-id=\"3c2839e\" data-element_type=\"container\" id=\"mistake\">\n\t\t\t\t<div class=\"elementor-element elementor-element-ef43910 elementor-widget elementor-widget-heading\" data-id=\"ef43910\" data-element_type=\"widget\" data-widget_type=\"heading.default\">\n\t\t\t\t<div class=\"elementor-widget-container\">\n\t\t\t\t\t<h2 class=\"elementor-heading-title elementor-size-default\">J'ai supprim\u00e9 l'application par erreur\n<\/h2>\t\t\t\t<\/div>\n\t\t\t\t<\/div>\n\t\t\t\t<div class=\"elementor-element elementor-element-4f701d3 elementor-widget elementor-widget-text-editor\" data-id=\"4f701d3\" data-element_type=\"widget\" data-widget_type=\"text-editor.default\">\n\t\t\t\t<div class=\"elementor-widget-container\">\n\t\t\t\t\t\t\t\t\tVeuillez noter que vos identifiants de connexion ne peuvent \u00eatre utilis\u00e9s qu&rsquo;une seule fois sur l&rsquo;appareil de votre choix. Si vous avez supprim\u00e9 l&rsquo;application par erreur, contactez simplement le service client du partenaire qui vous a vendu l&rsquo;exp\u00e9rience audio, et ils g\u00e9n\u00e9reront une nouvelle connexion pour vous. \n\t\t\t\t\t\t\t\t<\/div>\n\t\t\t\t<\/div>\n\t\t\t\t<div class=\"elementor-element elementor-element-e695828 elementor-widget elementor-widget-image\" data-id=\"e695828\" data-element_type=\"widget\" data-widget_type=\"image.default\">\n\t\t\t\t<div class=\"elementor-widget-container\">\n\t\t\t\t\t\t\t\t\t\t\t\t\t\t\t<img loading=\"lazy\" decoding=\"async\" width=\"768\" height=\"499\" src=\"https:\/\/voxtours.com\/wp-content\/uploads\/2024\/09\/delete-app-768x499-1.jpg\" class=\"attachment-full size-full wp-image-4071\" alt=\"\" srcset=\"https:\/\/voxtours.com\/wp-content\/uploads\/2024\/09\/delete-app-768x499-1.jpg 768w, https:\/\/voxtours.com\/wp-content\/uploads\/2024\/09\/delete-app-768x499-1-300x195.jpg 300w\" sizes=\"(max-width: 768px) 100vw, 768px\" \/>\t\t\t\t\t\t\t\t\t\t\t\t\t\t\t<\/div>\n\t\t\t\t<\/div>\n\t\t\t\t<\/div>\n\t\t<div class=\"elementor-element elementor-element-815f8a9 e-con-full e-flex e-con e-child\" data-id=\"815f8a9\" data-element_type=\"container\" id=\"slfgt\">\n\t\t\t\t<div class=\"elementor-element elementor-element-7a3e83d elementor-widget elementor-widget-heading\" data-id=\"7a3e83d\" data-element_type=\"widget\" data-widget_type=\"heading.default\">\n\t\t\t\t<div class=\"elementor-widget-container\">\n\t\t\t\t\t<h2 class=\"elementor-heading-title elementor-size-default\">Comment voir les visites autoguid\u00e9es\n<\/h2>\t\t\t\t<\/div>\n\t\t\t\t<\/div>\n\t\t\t\t<div class=\"elementor-element elementor-element-7cf6570 elementor-widget elementor-widget-text-editor\" data-id=\"7cf6570\" data-element_type=\"widget\" data-widget_type=\"text-editor.default\">\n\t\t\t\t<div class=\"elementor-widget-container\">\n\t\t\t\t\t\t\t\t\tSi vous avez achet\u00e9 une exp\u00e9rience de ville, nous avons inclus quelques visites autoguid\u00e9es sugg\u00e9r\u00e9es pour vous aider \u00e0 d\u00e9couvrir le meilleur de ce que la ville a \u00e0 offrir. Vous pouvez les trouver en cliquant sur la deuxi\u00e8me ic\u00f4ne (itin\u00e9raires) du menu inf\u00e9rieur. Vous y verrez toutes les visites sugg\u00e9r\u00e9es disponibles. S\u00e9lectionnez simplement celle qui vous pla\u00eet le plus.   \n\t\t\t\t\t\t\t\t<\/div>\n\t\t\t\t<\/div>\n\t\t\t\t<div class=\"elementor-element elementor-element-cc7e1b9 elementor-widget elementor-widget-image\" data-id=\"cc7e1b9\" data-element_type=\"widget\" data-widget_type=\"image.default\">\n\t\t\t\t<div class=\"elementor-widget-container\">\n\t\t\t\t\t\t\t\t\t\t\t\t\t\t\t<img loading=\"lazy\" decoding=\"async\" width=\"768\" height=\"499\" src=\"https:\/\/voxtours.com\/wp-content\/uploads\/2024\/09\/see-self-guided-tours-768x499-1.jpg\" class=\"attachment-full size-full wp-image-4075\" alt=\"\" srcset=\"https:\/\/voxtours.com\/wp-content\/uploads\/2024\/09\/see-self-guided-tours-768x499-1.jpg 768w, https:\/\/voxtours.com\/wp-content\/uploads\/2024\/09\/see-self-guided-tours-768x499-1-300x195.jpg 300w\" sizes=\"(max-width: 768px) 100vw, 768px\" \/>\t\t\t\t\t\t\t\t\t\t\t\t\t\t\t<\/div>\n\t\t\t\t<\/div>\n\t\t\t\t<\/div>\n\t\t<div class=\"elementor-element elementor-element-ff52040 e-con-full e-flex e-con e-child\" data-id=\"ff52040\" data-element_type=\"container\" id=\"purchase\">\n\t\t\t\t<div class=\"elementor-element elementor-element-d5b3524 elementor-widget elementor-widget-heading\" data-id=\"d5b3524\" data-element_type=\"widget\" data-widget_type=\"heading.default\">\n\t\t\t\t<div class=\"elementor-widget-container\">\n\t\t\t\t\t<h2 class=\"elementor-heading-title elementor-size-default\">J'ai achet\u00e9 deux exp\u00e9riences audio ou plus. O\u00f9 puis-je voir toutes mes exp\u00e9riences audio disponibles ? \n<\/h2>\t\t\t\t<\/div>\n\t\t\t\t<\/div>\n\t\t\t\t<div class=\"elementor-element elementor-element-dcc941e elementor-widget elementor-widget-text-editor\" data-id=\"dcc941e\" data-element_type=\"widget\" data-widget_type=\"text-editor.default\">\n\t\t\t\t<div class=\"elementor-widget-container\">\n\t\t\t\t\t\t\t\t\tSi vous avez achet\u00e9 deux exp\u00e9riences audio ou plus, vous pouvez facilement les voir sur la page \u00ab Compte \u00bb. Pour la trouver, retournez \u00e0 la page \u00ab Mes Cartes \u00bb et cliquez sur votre profil dans le coin sup\u00e9rieur droit. Cliquez sur l&rsquo;ic\u00f4ne \u00ab \u00e9changer \u00bb \u00e0 c\u00f4t\u00e9 de l&rsquo;exp\u00e9rience audio que vous souhaitez utiliser. Maintenant, retournez \u00e0 \u00ab Mes Cartes \u00bb et profitez de votre visite !   \n\n\t\t\t\t\t\t\t\t<\/div>\n\t\t\t\t<\/div>\n\t\t\t\t<div class=\"elementor-element elementor-element-5023bcb elementor-widget elementor-widget-image\" data-id=\"5023bcb\" data-element_type=\"widget\" data-widget_type=\"image.default\">\n\t\t\t\t<div class=\"elementor-widget-container\">\n\t\t\t\t\t\t\t\t\t\t\t\t\t\t\t<img loading=\"lazy\" decoding=\"async\" width=\"768\" height=\"499\" src=\"https:\/\/voxtours.com\/wp-content\/uploads\/2024\/09\/see-audio-experiences-768x499-1.jpg\" class=\"attachment-full size-full wp-image-4079\" alt=\"\" srcset=\"https:\/\/voxtours.com\/wp-content\/uploads\/2024\/09\/see-audio-experiences-768x499-1.jpg 768w, https:\/\/voxtours.com\/wp-content\/uploads\/2024\/09\/see-audio-experiences-768x499-1-300x195.jpg 300w\" sizes=\"(max-width: 768px) 100vw, 768px\" \/>\t\t\t\t\t\t\t\t\t\t\t\t\t\t\t<\/div>\n\t\t\t\t<\/div>\n\t\t\t\t<\/div>\n\t\t\t\t\t<\/div>\n\t\t\t\t<\/div>\n\t\t\t\t<\/div>\n\t\t","protected":false},"excerpt":{"rendered":"<p>FAQ du guide POP Comment puis-je me connecter ? | Comment puis-je t\u00e9l\u00e9charger mes contenus ? | Comment changer la langue de mes contenus ? | J&rsquo;ai supprim\u00e9 l&rsquo;application par erreur | Comment voir les visites autoguid\u00e9es | J&rsquo;ai achet\u00e9 deux exp\u00e9riences audio ou plus. O\u00f9 puis-je voir toutes mes exp\u00e9riences audio disponibles ? Comment&#8230;<\/p>\n","protected":false},"author":18,"featured_media":0,"parent":0,"menu_order":0,"comment_status":"closed","ping_status":"closed","template":"","meta":{"footnotes":""},"class_list":["post-5750","page","type-page","status-publish","hentry"],"acf":[],"_links":{"self":[{"href":"https:\/\/voxtours.com\/fr\/wp-json\/wp\/v2\/pages\/5750","targetHints":{"allow":["GET"]}}],"collection":[{"href":"https:\/\/voxtours.com\/fr\/wp-json\/wp\/v2\/pages"}],"about":[{"href":"https:\/\/voxtours.com\/fr\/wp-json\/wp\/v2\/types\/page"}],"author":[{"embeddable":true,"href":"https:\/\/voxtours.com\/fr\/wp-json\/wp\/v2\/users\/18"}],"replies":[{"embeddable":true,"href":"https:\/\/voxtours.com\/fr\/wp-json\/wp\/v2\/comments?post=5750"}],"version-history":[{"count":0,"href":"https:\/\/voxtours.com\/fr\/wp-json\/wp\/v2\/pages\/5750\/revisions"}],"wp:attachment":[{"href":"https:\/\/voxtours.com\/fr\/wp-json\/wp\/v2\/media?parent=5750"}],"curies":[{"name":"wp","href":"https:\/\/api.w.org\/{rel}","templated":true}]}}