{"id":5744,"date":"2024-10-10T10:32:23","date_gmt":"2024-10-10T10:32:23","guid":{"rendered":"https:\/\/voxtours.com\/conditions-generales-du-service-de-systeme-de-guide-touristique-uk\/"},"modified":"2025-07-09T17:00:16","modified_gmt":"2025-07-09T17:00:16","slug":"conditions-generales-du-service-de-systeme-de-guide-touristique-uk","status":"publish","type":"page","link":"https:\/\/voxtours.com\/fr\/conditions-generales-du-service-de-systeme-de-guide-touristique-uk\/","title":{"rendered":"Conditions g\u00e9n\u00e9rales du service de syst\u00e8me de guide touristique UK"},"content":{"rendered":"\t\t<div data-elementor-type=\"wp-page\" data-elementor-id=\"5744\" class=\"elementor elementor-5744 elementor-1289\" data-elementor-post-type=\"page\">\n\t\t\t\t<div class=\"elementor-element elementor-element-5b2e51ac inner-ban-sec e-flex e-con-boxed e-con e-parent\" data-id=\"5b2e51ac\" data-element_type=\"container\" data-settings=\"{&quot;background_background&quot;:&quot;gradient&quot;}\">\n\t\t\t\t\t<div class=\"e-con-inner\">\n\t\t<div class=\"elementor-element elementor-element-3e003222 e-con-full e-flex e-con e-child\" data-id=\"3e003222\" data-element_type=\"container\">\n\t\t\t\t<div class=\"elementor-element elementor-element-53a85847 elementor-widget__width-initial elementor-widget elementor-widget-heading\" data-id=\"53a85847\" data-element_type=\"widget\" data-widget_type=\"heading.default\">\n\t\t\t\t<div class=\"elementor-widget-container\">\n\t\t\t\t\t<h2 class=\"elementor-heading-title elementor-size-default\">Conditions g\u00e9n\u00e9rales du service de syst\u00e8me de guide touristique UK<\/h2>\t\t\t\t<\/div>\n\t\t\t\t<\/div>\n\t\t\t\t<\/div>\n\t\t\t\t\t<\/div>\n\t\t\t\t<\/div>\n\t\t<div class=\"elementor-element elementor-element-6e1d3fe e-flex e-con-boxed e-con e-parent\" data-id=\"6e1d3fe\" data-element_type=\"container\">\n\t\t\t\t\t<div class=\"e-con-inner\">\n\t\t<div class=\"elementor-element elementor-element-049b5d8 e-con-full e-flex e-con e-child\" data-id=\"049b5d8\" data-element_type=\"container\">\n\t\t\t\t<div class=\"elementor-element elementor-element-248f85d elementor-widget elementor-widget-heading\" data-id=\"248f85d\" data-element_type=\"widget\" data-widget_type=\"heading.default\">\n\t\t\t\t<div class=\"elementor-widget-container\">\n\t\t\t\t\t<h2 class=\"elementor-heading-title elementor-size-default\">Qu'est-ce qui est inclus dans vos tarifs ?<\/h2>\t\t\t\t<\/div>\n\t\t\t\t<\/div>\n\t\t\t\t<\/div>\n\t\t\t\t<div class=\"elementor-element elementor-element-e65e174 elementor-widget elementor-widget-text-editor\" data-id=\"e65e174\" data-element_type=\"widget\" data-widget_type=\"text-editor.default\">\n\t\t\t\t<div class=\"elementor-widget-container\">\n\t\t\t\t\t\t\t\t\t<p>\u2714 Livraison et collecte*<br>\u2714 Unit\u00e9s r\u00e9ceptrices comme sp\u00e9cifi\u00e9<br>\u2714 Un \u00e9metteur pour le guide<br>\u2714 \u00c9couteurs standard<br>\u2714 5 \u00e9couteurs AM1 pour les malentendants<br>\u2714 \u00c9quipement de rechange (1 \u00e9metteur\/5 r\u00e9cepteurs\/10 \u00e9couteurs jetables\/piles alcalines)<br>\u2714 Manuel d&rsquo;instructions<\/p><p><em>*Pour les \u00eeles et les lieux consid\u00e9r\u00e9s comme \u00e9loign\u00e9s par les compagnies de transport, il y aura un suppl\u00e9ment de 100,00 \u00a3.<\/em><\/p><p>Les demandes suppl\u00e9mentaires ou sp\u00e9ciales peuvent \u00eatre soumises \u00e0 une augmentation du co\u00fbt de location.<br>Pour toute exigence particuli\u00e8re, vous pouvez nous contacter \u00e0 : <strong>uk@vox.network<\/strong><\/p><h2><strong>Politique d&rsquo;annulation<\/strong><\/h2><ul><li>Aucuns frais d&rsquo;annulation jusqu&rsquo;\u00e0 6 jours ouvrables avant le service<\/li><li>Jusqu&rsquo;\u00e0 5 jours avant le service entra\u00eene des frais d&rsquo;exp\u00e9dition de 80,00 \u00a3<\/li><li>Jusqu&rsquo;\u00e0 4 \u2013 0 jours entra\u00eene des frais complets<\/li><\/ul><h2><strong>Responsabilit\u00e9<\/strong><\/h2><p>Tout dommage et\/ou perte d&rsquo;\u00e9quipement est soumis aux p\u00e9nalit\u00e9s suivantes :<\/p><ul><li>Dommage \/ perte de r\u00e9cepteur : 70,00 \u00a3 par unit\u00e9 + TVA<\/li><li>Dommage \/ perte d&rsquo;\u00e9metteur : 100,00 \u00a3 par unit\u00e9 + TVA<\/li><\/ul>\t\t\t\t\t\t\t\t<\/div>\n\t\t\t\t<\/div>\n\t\t\t\t<div class=\"elementor-element elementor-element-dd24ae6 elementor-widget elementor-widget-image\" data-id=\"dd24ae6\" data-element_type=\"widget\" data-widget_type=\"image.default\">\n\t\t\t\t<div class=\"elementor-widget-container\">\n\t\t\t\t\t\t\t\t\t\t\t\t\t\t\t<img fetchpriority=\"high\" decoding=\"async\" width=\"1024\" height=\"280\" src=\"https:\/\/voxtours.com\/wp-content\/uploads\/2024\/09\/terms-condition-products.jpg\" class=\"attachment-full size-full wp-image-4039\" alt=\"\" srcset=\"https:\/\/voxtours.com\/wp-content\/uploads\/2024\/09\/terms-condition-products.jpg 1024w, https:\/\/voxtours.com\/wp-content\/uploads\/2024\/09\/terms-condition-products-300x82.jpg 300w\" sizes=\"(max-width: 1024px) 100vw, 1024px\" \/>\t\t\t\t\t\t\t\t\t\t\t\t\t\t\t<\/div>\n\t\t\t\t<\/div>\n\t\t\t\t<div class=\"elementor-element elementor-element-3cb040e elementor-widget elementor-widget-text-editor\" data-id=\"3cb040e\" data-element_type=\"widget\" data-widget_type=\"text-editor.default\">\n\t\t\t\t<div class=\"elementor-widget-container\">\n\t\t\t\t\t\t\t\t\t<h2><strong>Choses \u00e0 faire avant la visite :<\/strong><\/h2><ul><li>R\u00e9servez au moins 5 jours ouvrables avant la date de d\u00e9but de la visite, en envoyant \u00e0 Vox le formulaire de r\u00e9servation compl\u00e9t\u00e9.<\/li><li>Assurez-vous de noter votre code de visite et les contacts du Directeur de Tour.<\/li><li>Indiquez dans la note le nom de la compagnie avec laquelle vous avez r\u00e9serv\u00e9 l&rsquo;h\u00f4tel (nous marquerons ce nom comme r\u00e9f\u00e9rence sur la bo\u00eete).<\/li><li>Pr\u00e9venez les h\u00f4tels\/compagnie d&rsquo;autocars, etc. qu&rsquo;ils recevront une bo\u00eete pour votre Directeur de Tour de la part de Vox.<\/li><li>Une fois arriv\u00e9, si le concierge signale qu&rsquo;il n&rsquo;a pas de bo\u00eete de Vox pour votre visite, veuillez lui demander de v\u00e9rifier \u00e0 nouveau pour une bo\u00eete emball\u00e9e dans un sac plastique rouge Vox.<\/li><li>Une fois que vous r\u00e9cup\u00e9rez la bo\u00eete, veuillez v\u00e9rifier que les r\u00e9f\u00e9rences sur l&rsquo;\u00e9tiquette correspondent \u00e0 votre groupe sp\u00e9cifique pour \u00e9viter toute confusion de livraisons (nous avons souvent plusieurs groupes dans le m\u00eame h\u00f4tel).<\/li><li>Enfin, v\u00e9rifiez soigneusement l&rsquo;\u00e9quipement \u00e0 l&rsquo;int\u00e9rieur de la bo\u00eete. Si vous identifiez des probl\u00e8mes, veuillez contacter Vox imm\u00e9diatement sur notre num\u00e9ro de t\u00e9l\u00e9phone des Op\u00e9rations (disponible 24h\/24 et 7j\/7) pour r\u00e9soudre le probl\u00e8me : <\/li><\/ul><p><em>appel : +447507817627 | email : uk@vox.network<\/em><\/p><h2><strong>Fonctionnement des services de location<\/strong><\/h2>\t\t\t\t\t\t\t\t<\/div>\n\t\t\t\t<\/div>\n\t\t\t\t<div class=\"elementor-element elementor-element-9b03a82 elementor-widget elementor-widget-image\" data-id=\"9b03a82\" data-element_type=\"widget\" data-widget_type=\"image.default\">\n\t\t\t\t<div class=\"elementor-widget-container\">\n\t\t\t\t\t\t\t\t\t\t\t\t\t\t\t<img decoding=\"async\" width=\"1024\" height=\"450\" src=\"https:\/\/voxtours.com\/wp-content\/uploads\/2024\/09\/operation-of-rental-service.jpg\" class=\"attachment-full size-full wp-image-4043\" alt=\"\" srcset=\"https:\/\/voxtours.com\/wp-content\/uploads\/2024\/09\/operation-of-rental-service.jpg 1024w, https:\/\/voxtours.com\/wp-content\/uploads\/2024\/09\/operation-of-rental-service-300x132.jpg 300w\" sizes=\"(max-width: 1024px) 100vw, 1024px\" \/>\t\t\t\t\t\t\t\t\t\t\t\t\t\t\t<\/div>\n\t\t\t\t<\/div>\n\t\t\t\t<div class=\"elementor-element elementor-element-36f9745 elementor-widget elementor-widget-text-editor\" data-id=\"36f9745\" data-element_type=\"widget\" data-widget_type=\"text-editor.default\">\n\t\t\t\t<div class=\"elementor-widget-container\">\n\t\t\t\t\t\t\t\t\t<h2><strong>Logistique apr\u00e8s le brexit<\/strong><\/h2><p>En raison du Brexit, si votre visite couvre \u00e0 la fois le Royaume-Uni et la R\u00e9publique d&rsquo;Irlande (ou le Royaume-Uni et d&rsquo;autres nations de l&rsquo;UE), nous serons contraints de diviser notre approvisionnement de guides radio en deux parties pour \u00e9viter les frais de douane, comme suit :<\/p><ul><li><strong>Londres \/ Europe (par exemple Paris) :<\/strong>Vous devez r\u00e9cup\u00e9rer un ensemble Vox \u00e0 Londres, le laisser \u00e0 l&rsquo;h\u00f4tel de Londres lors de votre d\u00e9part, et r\u00e9cup\u00e9rer un ensemble diff\u00e9rent \u00e0 l&rsquo;arriv\u00e9e au premier h\u00f4tel \u00e0 Paris.<\/li><li><strong>Royaume-Uni (inclut l&rsquo;Irlande du Nord) \/ R\u00e9publique d&rsquo;Irlande :<\/strong>Vous devez r\u00e9cup\u00e9rer un ensemble Vox au Royaume-Uni, le laisser au Royaume-Uni lors de votre d\u00e9part, puis r\u00e9cup\u00e9rer un ensemble diff\u00e9rent pour votre s\u00e9jour en R\u00e9publique d&rsquo;Irlande.<\/li><li><strong>R\u00e9publique d&rsquo;Irlande \/ Royaume-Uni (inclut l&rsquo;Irlande du Nord) :<\/strong>Vous devez r\u00e9cup\u00e9rer un ensemble Vox en R\u00e9publique d&rsquo;Irlande, le laisser en R\u00e9publique d&rsquo;Irlande lors de votre d\u00e9part, r\u00e9cup\u00e9rer un autre ensemble pour votre s\u00e9jour au Royaume-Uni<\/li><li><strong>Irlande du Nord\/R\u00e9publique d&rsquo;Irlande :<\/strong>Ici vous pouvez utiliser le m\u00eame ensemble (donc un seul) pour toute la dur\u00e9e de la visite (r\u00e9cup\u00e9ration en Irlande du Nord et d\u00e9p\u00f4t en R\u00e9publique d&rsquo;Irlande)<\/li><li><strong>R\u00e9publique d&rsquo;Irlande\/Irlande du Nord :<\/strong>Ici vous pouvez utiliser le m\u00eame ensemble (donc un seul) pour toute la dur\u00e9e de la visite (r\u00e9cup\u00e9ration en R\u00e9publique d&rsquo;Irlande et d\u00e9p\u00f4t en Irlande du Nord)<\/li><li><strong>Royaume-Uni\/Irlande du Nord :<\/strong>Ici vous pouvez utiliser le m\u00eame ensemble (donc un seul) pour toute la dur\u00e9e de la visite (r\u00e9cup\u00e9ration au Royaume-Uni et d\u00e9p\u00f4t en Irlande du Nord)<\/li><li><strong>Irlande du Nord\/Royaume-Uni :<\/strong>Ici vous pouvez utiliser le m\u00eame ensemble (donc un seul) pour toute la dur\u00e9e de la visite (r\u00e9cup\u00e9ration en Irlande du Nord et d\u00e9p\u00f4t au Royaume-Uni)<\/li><\/ul>\t\t\t\t\t\t\t\t<\/div>\n\t\t\t\t<\/div>\n\t\t\t\t<div class=\"elementor-element elementor-element-b47c658 elementor-widget elementor-widget-image\" data-id=\"b47c658\" data-element_type=\"widget\" data-widget_type=\"image.default\">\n\t\t\t\t<div class=\"elementor-widget-container\">\n\t\t\t\t\t\t\t\t\t\t\t\t\t\t\t<img decoding=\"async\" width=\"768\" height=\"210\" src=\"https:\/\/voxtours.com\/wp-content\/uploads\/2024\/09\/Vox-sustainable-future-768x210-1.jpg\" class=\"attachment-full size-full wp-image-4047\" alt=\"\" srcset=\"https:\/\/voxtours.com\/wp-content\/uploads\/2024\/09\/Vox-sustainable-future-768x210-1.jpg 768w, https:\/\/voxtours.com\/wp-content\/uploads\/2024\/09\/Vox-sustainable-future-768x210-1-300x82.jpg 300w\" sizes=\"(max-width: 768px) 100vw, 768px\" \/>\t\t\t\t\t\t\t\t\t\t\t\t\t\t\t<\/div>\n\t\t\t\t<\/div>\n\t\t\t\t<div class=\"elementor-element elementor-element-81b61cc elementor-widget elementor-widget-text-editor\" data-id=\"81b61cc\" data-element_type=\"widget\" data-widget_type=\"text-editor.default\">\n\t\t\t\t<div class=\"elementor-widget-container\">\n\t\t\t\t\t\t\t\t\t<h2><strong>VOX  GUIDES TRAVAILLANT ENSEMBLE<\/strong><\/h2><p>Chez Vox, nous nous effor\u00e7ons constamment de rendre nos op\u00e9rations aussi durables que possible. Nous mettons d\u00e9j\u00e0 l&rsquo;accent sur le fait de nous assurer que nos batteries et casques nous sont retourn\u00e9s dans des sacs d\u00e9di\u00e9s afin que nous puissions les recycler correctement et nous augmentons notre utilisation de bo\u00eetiers en carton recyclable dans notre logistique.<br>Veuillez nous aider \u00e0 aider davantage l&rsquo;environnement en encourageant vos invit\u00e9s \u00e0 utiliser leurs \u00e9couteurs personnels avec nos Syst\u00e8mes de Guide Touristique. <\/p><p><strong><em>Merci pour votre soutien<\/em><\/strong><\/p>\t\t\t\t\t\t\t\t<\/div>\n\t\t\t\t<\/div>\n\t\t\t\t<div class=\"elementor-element elementor-element-e9a8df1 elementor-widget elementor-widget-image\" data-id=\"e9a8df1\" data-element_type=\"widget\" data-widget_type=\"image.default\">\n\t\t\t\t<div class=\"elementor-widget-container\">\n\t\t\t\t\t\t\t\t\t\t\t\t\t\t\t<img loading=\"lazy\" decoding=\"async\" width=\"1024\" height=\"359\" src=\"https:\/\/voxtours.com\/wp-content\/uploads\/2024\/09\/operations-1024x359-1.png\" class=\"attachment-full size-full wp-image-4051\" alt=\"\" srcset=\"https:\/\/voxtours.com\/wp-content\/uploads\/2024\/09\/operations-1024x359-1.png 1024w, https:\/\/voxtours.com\/wp-content\/uploads\/2024\/09\/operations-1024x359-1-300x105.png 300w\" sizes=\"(max-width: 1024px) 100vw, 1024px\" \/>\t\t\t\t\t\t\t\t\t\t\t\t\t\t\t<\/div>\n\t\t\t\t<\/div>\n\t\t\t\t\t<\/div>\n\t\t\t\t<\/div>\n\t\t\t\t<\/div>\n\t\t","protected":false},"excerpt":{"rendered":"<p>Conditions g\u00e9n\u00e9rales du service de syst\u00e8me de guide touristique UK Qu&rsquo;est-ce qui est inclus dans vos tarifs ? \u2714 Livraison et collecte*\u2714 Unit\u00e9s r\u00e9ceptrices comme sp\u00e9cifi\u00e9\u2714 Un \u00e9metteur pour le guide\u2714 \u00c9couteurs standard\u2714 5 \u00e9couteurs AM1 pour les malentendants\u2714 \u00c9quipement de rechange (1 \u00e9metteur\/5 r\u00e9cepteurs\/10 \u00e9couteurs jetables\/piles alcalines)\u2714 Manuel d&rsquo;instructions *Pour les \u00eeles et les&#8230;<\/p>\n","protected":false},"author":18,"featured_media":0,"parent":0,"menu_order":0,"comment_status":"closed","ping_status":"closed","template":"","meta":{"footnotes":""},"class_list":["post-5744","page","type-page","status-publish","hentry"],"acf":[],"_links":{"self":[{"href":"https:\/\/voxtours.com\/fr\/wp-json\/wp\/v2\/pages\/5744","targetHints":{"allow":["GET"]}}],"collection":[{"href":"https:\/\/voxtours.com\/fr\/wp-json\/wp\/v2\/pages"}],"about":[{"href":"https:\/\/voxtours.com\/fr\/wp-json\/wp\/v2\/types\/page"}],"author":[{"embeddable":true,"href":"https:\/\/voxtours.com\/fr\/wp-json\/wp\/v2\/users\/18"}],"replies":[{"embeddable":true,"href":"https:\/\/voxtours.com\/fr\/wp-json\/wp\/v2\/comments?post=5744"}],"version-history":[{"count":0,"href":"https:\/\/voxtours.com\/fr\/wp-json\/wp\/v2\/pages\/5744\/revisions"}],"wp:attachment":[{"href":"https:\/\/voxtours.com\/fr\/wp-json\/wp\/v2\/media?parent=5744"}],"curies":[{"name":"wp","href":"https:\/\/api.w.org\/{rel}","templated":true}]}}