{"id":5723,"date":"2024-07-23T13:48:53","date_gmt":"2024-07-23T13:48:53","guid":{"rendered":"https:\/\/voxtours.com\/webinaires-de-discussions-technologiques\/"},"modified":"2025-07-09T16:58:54","modified_gmt":"2025-07-09T16:58:54","slug":"webinaires-de-discussions-technologiques","status":"publish","type":"page","link":"https:\/\/voxtours.com\/fr\/webinaires-de-discussions-technologiques\/","title":{"rendered":"Webinaires de discussions technologiques"},"content":{"rendered":"\t\t<div data-elementor-type=\"wp-page\" data-elementor-id=\"5723\" class=\"elementor elementor-5723 elementor-269\" data-elementor-post-type=\"page\">\n\t\t\t\t<div class=\"elementor-element elementor-element-7987d006 inner-ban-sec e-flex e-con-boxed e-con e-parent\" data-id=\"7987d006\" data-element_type=\"container\" data-settings=\"{&quot;background_background&quot;:&quot;classic&quot;}\">\n\t\t\t\t\t<div class=\"e-con-inner\">\n\t\t<div class=\"elementor-element elementor-element-7789fe46 e-con-full e-flex e-con e-child\" data-id=\"7789fe46\" data-element_type=\"container\">\n\t\t\t\t<div class=\"elementor-element elementor-element-3d515b5f elementor-widget__width-initial elementor-widget elementor-widget-heading\" data-id=\"3d515b5f\" data-element_type=\"widget\" data-widget_type=\"heading.default\">\n\t\t\t\t<div class=\"elementor-widget-container\">\n\t\t\t\t\t<h1 class=\"elementor-heading-title elementor-size-default\">Vox : webinaires de discussions technologiques<\/h1>\t\t\t\t<\/div>\n\t\t\t\t<\/div>\n\t\t\t\t<\/div>\n\t\t\t\t\t<\/div>\n\t\t\t\t<\/div>\n\t\t<div class=\"elementor-element elementor-element-dfb35e4 e-flex e-con-boxed e-con e-parent\" data-id=\"dfb35e4\" data-element_type=\"container\">\n\t\t\t\t\t<div class=\"e-con-inner\">\n\t\t<div class=\"elementor-element elementor-element-f245546 e-con-full e-flex e-con e-child\" data-id=\"f245546\" data-element_type=\"container\">\n\t\t\t\t<div class=\"elementor-element elementor-element-353160f elementor-widget elementor-widget-heading\" data-id=\"353160f\" data-element_type=\"widget\" data-widget_type=\"heading.default\">\n\t\t\t\t<div class=\"elementor-widget-container\">\n\t\t\t\t\t<h2 class=\"elementor-heading-title elementor-size-default\">Rejoignez-nous pour un voyage de d\u00e9couverte \u00e0 travers les solutions de guidage de pointe, la technologie auto-guid\u00e9e et les services de voyage innovants<\/h2>\t\t\t\t<\/div>\n\t\t\t\t<\/div>\n\t\t\t\t<div class=\"elementor-element elementor-element-803ef9c elementor-widget elementor-widget-heading\" data-id=\"803ef9c\" data-element_type=\"widget\" data-widget_type=\"heading.default\">\n\t\t\t\t<div class=\"elementor-widget-container\">\n\t\t\t\t\t<h2 class=\"elementor-heading-title elementor-size-default\">Cliquez ci-dessous pour regarder<\/h2>\t\t\t\t<\/div>\n\t\t\t\t<\/div>\n\t\t\t\t<div class=\"elementor-element elementor-element-ca7442e elementor-widget__width-initial elementor-widget elementor-widget-heading\" data-id=\"ca7442e\" data-element_type=\"widget\" data-widget_type=\"heading.default\">\n\t\t\t\t<div class=\"elementor-widget-container\">\n\t\t\t\t\t<h2 class=\"elementor-heading-title elementor-size-default\">D\u00e9voiler le prochain horizon de la technologie du voyage<\/h2>\t\t\t\t<\/div>\n\t\t\t\t<\/div>\n\t\t\t\t<div class=\"elementor-element elementor-element-e361d84 elementor-widget-mobile__width-initial elementor-widget elementor-widget-text-editor\" data-id=\"e361d84\" data-element_type=\"widget\" data-widget_type=\"text-editor.default\">\n\t\t\t\t<div class=\"elementor-widget-container\">\n\t\t\t\t\t\t\t\t\t<p style=\"text-align: left;\">Con\u00e7ue pour les leaders de l&rsquo;industrie et les visionnaires, cette s\u00e9rie a \u00e9t\u00e9 une fusion d&rsquo;\u00e9ducation, de collaboration et de perspicacit\u00e9, d\u00e9voilant l&rsquo;esprit pionnier des produits et services qui font progresser l&rsquo;industrie du voyage dans la nouvelle dynamique d&rsquo;aujourd&rsquo;hui. <span style=\"font-style: var(--font-style,normal); letter-spacing: var(--letter-spacing,0); text-transform: var(--text-transform,none);\">Nos panels d&rsquo;experts ont explor\u00e9 un \u00e9ventail diversifi\u00e9 de sujets br\u00fblants et de strat\u00e9gies technologiques, fournissant des perspectives et des insights inestimables sur les implications des technologies \u00e9mergentes et des approches innovantes qui am\u00e9lioreront les exp\u00e9riences des voyageurs. <\/span><span style=\"font-style: var(--font-style,normal); letter-spacing: var(--letter-spacing,0); text-transform: var(--text-transform,none);\">Notre incroyable programmation d&rsquo;intervenants a livr\u00e9 des discussions stimulantes \u00e0 ne pas manquer &#8211; cliquez ci-dessous pour regarder les enregistrements vid\u00e9o !<\/span><\/p>\t\t\t\t\t\t\t\t<\/div>\n\t\t\t\t<\/div>\n\t\t\t\t<div class=\"elementor-element elementor-element-372faba wbnr_ul_list elementor-widget elementor-widget-text-editor\" data-id=\"372faba\" data-element_type=\"widget\" data-widget_type=\"text-editor.default\">\n\t\t\t\t<div class=\"elementor-widget-container\">\n\t\t\t\t\t\t\t\t\t<p><span style=\"color: #800080;\">\u21d2 S&rsquo;adapter au Voyageur 2.0 : Une plong\u00e9e profonde dans les technologies d&rsquo;accompagnement<\/span> \u2013<a class=\"c-link\" href=\"https:\/\/youtu.be\/A-MXEeiFvqI?feature=shared\" target=\"_blank\" rel=\"noopener noreferrer nofollow\" data-stringify-link=\"https:\/\/youtu.be\/A-MXEeiFvqI?feature=shared\" data-sk=\"tooltip_parent\">Voir la vid\u00e9o maintenant !<\/a><\/p><p><span style=\"color: #800080;\">\u21d2 L&rsquo;\u00e9volution du voyage de groupe : Combler le foss\u00e9 g\u00e9n\u00e9rationnel<\/span> \u2013<a class=\"c-link\" href=\"https:\/\/www.youtube.com\/watch?v=yAbrGEM-LpU\" target=\"_blank\" rel=\"noopener noreferrer nofollow\" data-stringify-link=\"https:\/\/www.youtube.com\/watch?v=yAbrGEM-LpU\" data-sk=\"tooltip_parent\">Voir la vid\u00e9o maintenant !<\/a><\/p><p><span style=\"color: #800080;\">\u21d2 L&rsquo;essor du voyage FIT : Personnalisation et ind\u00e9pendance<\/span> &#8211; <a class=\"c-link\" href=\"https:\/\/youtu.be\/eonfu_H_pnM?feature=shared\" target=\"_blank\" rel=\"noopener noreferrer nofollow\" data-stringify-link=\"https:\/\/youtu.be\/eonfu_H_pnM?feature=shared\" data-sk=\"tooltip_parent\">Voir la vid\u00e9o maintenant !<\/a><\/p><p><span style=\"color: #800080;\">\u21d2 Int\u00e9grer le MaaS avec la gestion de destination traditionnelle pour un marketing urbain pr\u00eat pour l&rsquo;avenir<\/span> \u2013 <a class=\"c-link\" href=\"https:\/\/youtu.be\/MwmEVVM0b9U?feature=shared\" target=\"_blank\" rel=\"noopener noreferrer nofollow\" data-stringify-link=\"https:\/\/youtu.be\/MwmEVVM0b9U?feature=shared\" data-sk=\"tooltip_parent\">Voir la vid\u00e9o maintenant !<\/a><\/p><p><span style=\"color: #800080;\">\u21d2 D\u00e9bloquer les donn\u00e9es de destination : Une nouvelle fronti\u00e8re pour les op\u00e9rateurs<\/span> \u2013 <a href=\"https:\/\/youtu.be\/gEbsC8va3Ts?feature=shared\" rel=\"nofollow noopener\" target=\"_blank\">Voir la vid\u00e9o maintenant !<\/a><\/p><p><span style=\"color: #800080;\">\u21d2 Am\u00e9liorer les exp\u00e9riences de voyage de bout en bout gr\u00e2ce \u00e0 la technologie \u2013<\/span> <a href=\"https:\/\/attendee.gotowebinar.com\/recording\/5536139346423936605\" rel=\"nofollow noopener\" target=\"_blank\"><span style=\"color: #ff0000;\"><span style=\"color: #3366ff;\">Voir la vid\u00e9o maintenant !<\/span><\/span><\/a><\/p>\t\t\t\t\t\t\t\t<\/div>\n\t\t\t\t<\/div>\n\t\t\t\t<\/div>\n\t\t\t\t\t<\/div>\n\t\t\t\t<\/div>\n\t\t\t\t<\/div>\n\t\t","protected":false},"excerpt":{"rendered":"<p>Vox : webinaires de discussions technologiques Rejoignez-nous pour un voyage de d\u00e9couverte \u00e0 travers les solutions de guidage de pointe, la technologie auto-guid\u00e9e et les services de voyage innovants Cliquez ci-dessous pour regarder D\u00e9voiler le prochain horizon de la technologie du voyage Con\u00e7ue pour les leaders de l&rsquo;industrie et les visionnaires, cette s\u00e9rie a \u00e9t\u00e9&#8230;<\/p>\n","protected":false},"author":18,"featured_media":3031,"parent":0,"menu_order":0,"comment_status":"closed","ping_status":"closed","template":"","meta":{"footnotes":""},"class_list":["post-5723","page","type-page","status-publish","has-post-thumbnail","hentry"],"acf":[],"_links":{"self":[{"href":"https:\/\/voxtours.com\/fr\/wp-json\/wp\/v2\/pages\/5723","targetHints":{"allow":["GET"]}}],"collection":[{"href":"https:\/\/voxtours.com\/fr\/wp-json\/wp\/v2\/pages"}],"about":[{"href":"https:\/\/voxtours.com\/fr\/wp-json\/wp\/v2\/types\/page"}],"author":[{"embeddable":true,"href":"https:\/\/voxtours.com\/fr\/wp-json\/wp\/v2\/users\/18"}],"replies":[{"embeddable":true,"href":"https:\/\/voxtours.com\/fr\/wp-json\/wp\/v2\/comments?post=5723"}],"version-history":[{"count":0,"href":"https:\/\/voxtours.com\/fr\/wp-json\/wp\/v2\/pages\/5723\/revisions"}],"wp:featuredmedia":[{"embeddable":true,"href":"https:\/\/voxtours.com\/fr\/wp-json\/wp\/v2\/media\/3031"}],"wp:attachment":[{"href":"https:\/\/voxtours.com\/fr\/wp-json\/wp\/v2\/media?parent=5723"}],"curies":[{"name":"wp","href":"https:\/\/api.w.org\/{rel}","templated":true}]}}