{"id":5706,"date":"2024-07-22T12:29:42","date_gmt":"2024-07-22T12:29:42","guid":{"rendered":"https:\/\/voxtours.com\/etudes-de-cas\/"},"modified":"2025-07-09T16:58:16","modified_gmt":"2025-07-09T16:58:16","slug":"etudes-de-cas","status":"publish","type":"page","link":"https:\/\/voxtours.com\/fr\/etudes-de-cas\/","title":{"rendered":"\u00c9tudes de cas"},"content":{"rendered":"\t\t<div data-elementor-type=\"wp-page\" data-elementor-id=\"5706\" class=\"elementor elementor-5706 elementor-202\" data-elementor-post-type=\"page\">\n\t\t\t\t<div class=\"elementor-element elementor-element-857b074 inner-ban-sec e-flex e-con-boxed e-con e-parent\" data-id=\"857b074\" data-element_type=\"container\" data-e-type=\"container\" data-settings=\"{&quot;background_background&quot;:&quot;classic&quot;}\">\n\t\t\t\t\t<div class=\"e-con-inner\">\n\t\t<div class=\"elementor-element elementor-element-bf78ff6 e-con-full e-flex e-con e-child\" data-id=\"bf78ff6\" data-element_type=\"container\" data-e-type=\"container\">\n\t\t\t\t<div class=\"elementor-element elementor-element-60b06439 elementor-widget__width-initial elementor-widget elementor-widget-heading\" data-id=\"60b06439\" data-element_type=\"widget\" data-e-type=\"widget\" data-widget_type=\"heading.default\">\n\t\t\t\t<div class=\"elementor-widget-container\">\n\t\t\t\t\t<h1 class=\"elementor-heading-title elementor-size-default\">Solutions mises en \u0153uvre et \u00e9tudes de cas<\/h1>\t\t\t\t<\/div>\n\t\t\t\t<\/div>\n\t\t\t\t<\/div>\n\t\t\t\t\t<\/div>\n\t\t\t\t<\/div>\n\t\t<div class=\"elementor-element elementor-element-14dc89e8 e-flex e-con-boxed e-con e-parent\" data-id=\"14dc89e8\" data-element_type=\"container\" data-e-type=\"container\" data-settings=\"{&quot;background_background&quot;:&quot;classic&quot;}\">\n\t\t\t\t\t<div class=\"e-con-inner\">\n\t\t<div class=\"elementor-element elementor-element-55b0c246 e-con-full e-flex e-con e-child\" data-id=\"55b0c246\" data-element_type=\"container\" data-e-type=\"container\">\n\t\t\t\t<div class=\"elementor-element elementor-element-7cdc78f0 elementor-widget__width-initial elementor-widget elementor-widget-text-editor\" data-id=\"7cdc78f0\" data-element_type=\"widget\" data-e-type=\"widget\" data-widget_type=\"text-editor.default\">\n\t\t\t\t<div class=\"elementor-widget-container\">\n\t\t\t\t\t\t\t\t\t<p>Bienvenue dans notre portfolio d&rsquo;\u00e9tudes de cas, o\u00f9 nous pr\u00e9sentons des exemples de solutions innovantes que nous avons d\u00e9velopp\u00e9es dans divers secteurs des industries du tourisme et de la culture. Chaque \u00e9tude de cas met en \u00e9vidence notre engagement \u00e0 am\u00e9liorer les exp\u00e9riences client, \u00e0 stimuler l&rsquo;engagement et \u00e0 apporter une valeur ajout\u00e9e gr\u00e2ce \u00e0 nos services sur mesure et \u00e0 notre technologie de pointe. Explorez nos success stories en filtrant par secteur ci-dessous pour voir comment nous nous sommes associ\u00e9s \u00e0 des organisations de premier plan dans le monde entier pour obtenir des r\u00e9sultats exceptionnels.  <\/p>\t\t\t\t\t\t\t\t<\/div>\n\t\t\t\t<\/div>\n\t\t\t\t<div class=\"elementor-element elementor-element-7e6f463 elementor-grid-3 cus-portfolios-grid elementor-grid-tablet-2 elementor-grid-mobile-1 elementor-widget elementor-widget-loop-grid\" data-id=\"7e6f463\" data-element_type=\"widget\" data-e-type=\"widget\" data-settings=\"{&quot;template_id&quot;:77,&quot;pagination_type&quot;:&quot;load_more_infinite_scroll&quot;,&quot;columns&quot;:3,&quot;row_gap_mobile&quot;:{&quot;unit&quot;:&quot;px&quot;,&quot;size&quot;:15,&quot;sizes&quot;:[]},&quot;_skin&quot;:&quot;post&quot;,&quot;columns_tablet&quot;:&quot;2&quot;,&quot;columns_mobile&quot;:&quot;1&quot;,&quot;edit_handle_selector&quot;:&quot;[data-elementor-type=\\&quot;loop-item\\&quot;]&quot;,&quot;load_more_spinner&quot;:{&quot;value&quot;:&quot;fas fa-spinner&quot;,&quot;library&quot;:&quot;fa-solid&quot;},&quot;row_gap&quot;:{&quot;unit&quot;:&quot;px&quot;,&quot;size&quot;:&quot;&quot;,&quot;sizes&quot;:[]},&quot;row_gap_tablet&quot;:{&quot;unit&quot;:&quot;px&quot;,&quot;size&quot;:&quot;&quot;,&quot;sizes&quot;:[]}}\" data-widget_type=\"loop-grid.post\">\n\t\t\t\t<div class=\"elementor-widget-container\">\n\t\t\t\t\t\t\t<div class=\"e-loop-nothing-found-message\">\n\t\t<\/div>\n\t\t\t\t\t\t<\/div>\n\t\t\t\t<\/div>\n\t\t\t\t<\/div>\n\t\t\t\t\t<\/div>\n\t\t\t\t<\/div>\n\t\t<div class=\"elementor-element elementor-element-8c7792a e-flex e-con-boxed e-con e-parent\" data-id=\"8c7792a\" data-element_type=\"container\" data-e-type=\"container\" data-settings=\"{&quot;background_background&quot;:&quot;classic&quot;}\">\n\t\t\t\t\t<div class=\"e-con-inner\">\n\t\t<div class=\"elementor-element elementor-element-4f2d843 e-con-full e-flex e-con e-child\" data-id=\"4f2d843\" data-element_type=\"container\" data-e-type=\"container\">\n\t\t\t\t<div class=\"elementor-element elementor-element-e6c46c4 elementor-widget-mobile__width-initial elementor-widget elementor-widget-heading\" data-id=\"e6c46c4\" data-element_type=\"widget\" data-e-type=\"widget\" data-widget_type=\"heading.default\">\n\t\t\t\t<div class=\"elementor-widget-container\">\n\t\t\t\t\t<h2 class=\"elementor-heading-title elementor-size-default\"><span style=\"color:#008EC8\">Solutions<\/span> pour chaque secteur<\/h2>\t\t\t\t<\/div>\n\t\t\t\t<\/div>\n\t\t\t\t<div class=\"elementor-element elementor-element-b4b52a3 elementor-widget__width-initial elementor-widget-mobile__width-initial elementor-widget elementor-widget-text-editor\" data-id=\"b4b52a3\" data-element_type=\"widget\" data-e-type=\"widget\" data-widget_type=\"text-editor.default\">\n\t\t\t\t<div class=\"elementor-widget-container\">\n\t\t\t\t\t\t\t\t\t<p>Dans un secteur du voyage en \u00e9volution rapide, Vox sert de phare du progr\u00e8s pour stimuler la revitalisation de l&rsquo;industrie. En favorisant l&rsquo;innovation, nous permettons \u00e0 nos partenaires d&rsquo;atteindre des performances sup\u00e9rieures gr\u00e2ce \u00e0 nos solutions d&rsquo;auto-guidage et de guidage de groupe. <\/p>\t\t\t\t\t\t\t\t<\/div>\n\t\t\t\t<\/div>\n\t\t<div class=\"elementor-element elementor-element-30c3dec sector-inner-rw e-flex e-con-boxed elementor-invisible e-con e-child\" data-id=\"30c3dec\" data-element_type=\"container\" data-e-type=\"container\" data-settings=\"{&quot;animation&quot;:&quot;fadeIn&quot;,&quot;animation_delay&quot;:200}\">\n\t\t\t\t\t<div class=\"e-con-inner\">\n\t\t\t\t<div class=\"elementor-element elementor-element-17426b5 elementor-align-center elementor-widget elementor-widget-button\" data-id=\"17426b5\" data-element_type=\"widget\" data-e-type=\"widget\" data-widget_type=\"button.default\">\n\t\t\t\t<div class=\"elementor-widget-container\">\n\t\t\t\t\t\t\t\t\t<div class=\"elementor-button-wrapper\">\n\t\t\t\t\t<a class=\"elementor-button elementor-button-link elementor-size-sm\" href=\"https:\/\/voxtours.com\/contact-us\/\">\n\t\t\t\t\t\t<span class=\"elementor-button-content-wrapper\">\n\t\t\t\t\t\t\t\t\t<span class=\"elementor-button-text\">Nous contacter<\/span>\n\t\t\t\t\t<\/span>\n\t\t\t\t\t<\/a>\n\t\t\t\t<\/div>\n\t\t\t\t\t\t\t\t<\/div>\n\t\t\t\t<\/div>\n\t\t\t\t<div class=\"elementor-element elementor-element-0564a2a sector_carosal  nw-sctr-sldr elementor-widget elementor-widget-ucaddon_card_carousel\" data-id=\"0564a2a\" data-element_type=\"widget\" data-e-type=\"widget\" data-widget_type=\"ucaddon_card_carousel.default\">\n\t\t\t\t<div class=\"elementor-widget-container\">\n\t\t\t\t\t\n<!-- start Card Carousel -->\n\t\t<link id='font-awesome-css' href='https:\/\/voxtours.com\/wp-content\/plugins\/unlimited-elements-for-elementor\/assets_libraries\/font-awesome6\/fontawesome-all.min.css' type='text\/css' rel='stylesheet' >\n\t\t<link id='font-awesome-4-shim-css' href='https:\/\/voxtours.com\/wp-content\/plugins\/unlimited-elements-for-elementor\/assets_libraries\/font-awesome6\/fontawesome-v4-shims.min.css' type='text\/css' rel='stylesheet' >\n\t\t<link id='owl-carousel-css' href='https:\/\/voxtours.com\/wp-content\/plugins\/unlimited-elements-for-elementor\/assets_libraries\/owl-carousel-new\/assets\/owl.carousel.css' type='text\/css' rel='stylesheet' >\n\t\t<link id='uc_ac_assets_file_animate_css_77907-css' href='https:\/\/voxtours.com\/wp-content\/uploads\/ac_assets\/uc_classic_carousel\/animate.css' type='text\/css' rel='stylesheet' >\n\n<style>\/* widget: Card Carousel *\/\n\n#uc_card_carousel_elementor_0564a2a-wrapper{\n  min-height:1px;\n}\n\n#uc_card_carousel_elementor_0564a2a *{\n\t-webkit-box-sizing: border-box;\n\t-moz-box-sizing: border-box;\n\tbox-sizing: border-box;\n}\n\n#uc_card_carousel_elementor_0564a2a .ue-carousel-item{\n  overflow:hidden;\n  transition:0.3s;\n}\n\n#uc_card_carousel_elementor_0564a2a .uc_classic_carousel_container_holder{\n\tdisplay:block;\n\tposition:relative;\n\twidth:100%;\n    box-sizing: border-box;\n}\n#uc_card_carousel_elementor_0564a2a .uc_classic_carousel_placeholder{\n   position:relative;\n}\n\n\n#uc_card_carousel_elementor_0564a2a .uc_classic_carousel_placeholder img, #uc_card_carousel_elementor_0564a2a .ue_card_carousel_image_overlay{\n  transition: all 300ms;\n}\n\n.card_carousel_title{\n\tfont-size:21px;\n}\n\n.uc_classic_carousel .uc_classic_carousel_border{\n\tdisplay:block;\n    margin:0 auto;\n}\n\n.uc_classic_carousel  .uc_classic_carousel_placeholder img{\n\twidth:100%;    \n    display:inline-flex;\n}\n\n.uc_classic_carousel .uc_classic_carousel_content{\n  display: flex;\n  flex-flow: column nowrap;\n}\n\n.uc_classic_carousel .ue_button{\n  margin-top:auto;\n}\n\n.uc_classic_carousel .uc_classic_carousel_content .uc_more_btn {\n\tdisplay:inline-block;\n\ttext-decoration:none;\n\ttransition: all 0.5s ease;\n}\n\n#uc_card_carousel_elementor_0564a2a .owl-dots {\n  overflow:hidden;\n  text-align:center;\n}\n\n#uc_card_carousel_elementor_0564a2a .owl-dot {\n  border-radius:50%;\n  display:inline-block;\n}\n\n#uc_card_carousel_elementor_0564a2a .owl-nav .owl-prev,\n#uc_card_carousel_elementor_0564a2a .owl-nav .owl-next{\n    position:absolute;\n    display:flex;\n  \tjustify-content: center;\n  \talign-items: center;\n    text-align:center;\n}\n\n#uc_card_carousel_elementor_0564a2a .owl-nav .disabled{\n    display: none;  \n}\n\n\n#uc_card_carousel_elementor_0564a2a .ue-item-icon{\n  line-height:1em;\n  display:inline-flex;\n  justify-content:center;\n  align-items:center;  \n}\n\n#uc_card_carousel_elementor_0564a2a .ue-item-icon svg{\n  height:1em;\n  width:1em;\n}\n\n#uc_card_carousel_elementor_0564a2a .ue-item-icon-wrapper{\n  display:flex;\n}\n\n#uc_card_carousel_elementor_0564a2a .uc_classic_carousel_container_holder {\n\t max-width: ;\n}\n\n\n\n@media screen and (max-width: 1024px) {\n  #uc_card_carousel_elementor_0564a2a .uc_classic_carousel_container_holder {\n\t max-width: ;\n  }\n}\n\n@media screen and (max-width: 767px) {\n  #uc_card_carousel_elementor_0564a2a .uc_classic_carousel_container_holder {\n    max-width: ;\n  }\n}\n\n<\/style>\n\n<div class=\"uc_classic_carousel\" id=\"uc_card_carousel_elementor_0564a2a-wrapper\">\n        <div class=\"uc_carousel owl-carousel uc-items-wrapper  \" id=\"uc_card_carousel_elementor_0564a2a\"  >\n          \t\n\n\n<div id=\"uc_card_carousel_elementor_0564a2a_item1\" class=\"uc_classic_carousel_container_holder ue-item elementor-repeater-item-05ebdb9\" data-hide-item=\"false\">  \n  <div class=\"ue-carousel-item\">\n    \n    <span class=\"uc_classic_carousel_border\" style=\"\"><\/span>    \n    \n          <div class=\"uc_classic_carousel_placeholder\">\n                  <img fetchpriority=\"high\" decoding=\"async\" src=\"https:\/\/voxtours.com\/wp-content\/uploads\/2024\/09\/Touring.jpg\"  src=\"https:\/\/voxtours.com\/wp-content\/uploads\/2024\/09\/Touring.jpg\" alt=\"Touring\" width=\"765\" height=\"765\">\n                      <\/div>\n    \n    <div class=\"uc_classic_carousel_content\" style=\"direction:ltr;\">    \n\n      \n          <div  class=\"card_carousel_title\"><span class=\"notranslate\">Circuits touristiques<\/span><\/div>\n        <p class=\"card_carousel_text\"><span class=\"notranslate\">Simplifiez les op\u00e9rations et am\u00e9liorez les visites de groupe avec nos syst\u00e8mes de guidage, notre technologie multilingue et notre support logistique pour des exp\u00e9riences impeccables.<\/span><\/p>      \t\n\n              <div class=\"ue_button\">\n          <a class=\"uc_more_btn \" href=\"\/case-studies\/\" title=\"\" ><\/a>\n      \t<\/div>   \n      \t\n      \n    <\/div>\n    \n  <\/div>\n<\/div>\n\n\n\n<div id=\"uc_card_carousel_elementor_0564a2a_item2\" class=\"uc_classic_carousel_container_holder ue-item elementor-repeater-item-de34a54\" data-hide-item=\"false\">  \n  <div class=\"ue-carousel-item\">\n    \n    <span class=\"uc_classic_carousel_border\" style=\"\"><\/span>    \n    \n          <div class=\"uc_classic_carousel_placeholder\">\n                  <img decoding=\"async\" src=\"https:\/\/voxtours.com\/wp-content\/uploads\/2024\/09\/Cruising.jpg\"  src=\"https:\/\/voxtours.com\/wp-content\/uploads\/2024\/09\/Cruising.jpg\" alt=\"Cruising\" width=\"800\" height=\"533\">\n                      <\/div>\n    \n    <div class=\"uc_classic_carousel_content\" style=\"direction:ltr;\">    \n\n      \n          <div  class=\"card_carousel_title\">Croisi\u00e8res<\/div>\n        <p class=\"card_carousel_text\">Enrichissez les excursions \u00e0 terre avec des syst\u00e8mes de guidage, du contenu multilingue et une logistique fluide, assurant des exp\u00e9riences de voyage exceptionnelles.<\/p>      \t\n\n              <div class=\"ue_button\">\n          <a class=\"uc_more_btn \" href=\"\/case-studies\/\" title=\"\" ><\/a>\n      \t<\/div>   \n      \t\n      \n    <\/div>\n    \n  <\/div>\n<\/div>\n\n\n\n<div id=\"uc_card_carousel_elementor_0564a2a_item3\" class=\"uc_classic_carousel_container_holder ue-item elementor-repeater-item-153d44a\" data-hide-item=\"false\">  \n  <div class=\"ue-carousel-item\">\n    \n    <span class=\"uc_classic_carousel_border\" style=\"\"><\/span>    \n    \n          <div class=\"uc_classic_carousel_placeholder\">\n                  <img decoding=\"async\" src=\"https:\/\/voxtours.com\/wp-content\/uploads\/2024\/09\/Sightseeing.jpg\"  src=\"https:\/\/voxtours.com\/wp-content\/uploads\/2024\/09\/Sightseeing.jpg\" alt=\"Sightseeing\" width=\"840\" height=\"560\">\n                      <\/div>\n    \n    <div class=\"uc_classic_carousel_content\" style=\"direction:ltr;\">    \n\n      \n          <div  class=\"card_carousel_title\">Visites touristiques<\/div>\n        <p class=\"card_carousel_text\">Am\u00e9liorez les visites de ville avec des syst\u00e8mes de guidage de pointe, du contenu multilingue et une cartographie interactive pour une exp\u00e9rience visiteur captivante.<\/p>      \t\n\n              <div class=\"ue_button\">\n          <a class=\"uc_more_btn \" href=\"\/case-studies\/\" title=\"\" ><\/a>\n      \t<\/div>   \n      \t\n      \n    <\/div>\n    \n  <\/div>\n<\/div>\n\n\n\n<div id=\"uc_card_carousel_elementor_0564a2a_item4\" class=\"uc_classic_carousel_container_holder ue-item elementor-repeater-item-3041dc6\" data-hide-item=\"false\">  \n  <div class=\"ue-carousel-item\">\n    \n    <span class=\"uc_classic_carousel_border\" style=\"\"><\/span>    \n    \n          <div class=\"uc_classic_carousel_placeholder\">\n                  <img loading=\"lazy\" decoding=\"async\" src=\"https:\/\/voxtours.com\/wp-content\/uploads\/2024\/08\/Promo_3.png\"  src=\"https:\/\/voxtours.com\/wp-content\/uploads\/2024\/08\/Promo_3.png\" alt=\"Promo_3\" width=\"382\" height=\"446\">\n                      <\/div>\n    \n    <div class=\"uc_classic_carousel_content\" style=\"direction:ltr;\">    \n\n      \n          <div  class=\"card_carousel_title\"><span class=\"notranslate\">Hop-on hop-off<\/span><\/div>\n        <p class=\"card_carousel_text\"><span class=\"notranslate\">Optimisez les circuits avec des solutions num\u00e9riques, un suivi en temps r\u00e9el et des audioguides multilingues pour des trajets agr\u00e9ables et fluides.<\/span><\/p>      \t\n\n              <div class=\"ue_button\">\n          <a class=\"uc_more_btn \" href=\"\/case-studies\/\" title=\"\" ><\/a>\n      \t<\/div>   \n      \t\n      \n    <\/div>\n    \n  <\/div>\n<\/div>\n\n\n\n<div id=\"uc_card_carousel_elementor_0564a2a_item5\" class=\"uc_classic_carousel_container_holder ue-item elementor-repeater-item-39d2671\" data-hide-item=\"false\">  \n  <div class=\"ue-carousel-item\">\n    \n    <span class=\"uc_classic_carousel_border\" style=\"\"><\/span>    \n    \n          <div class=\"uc_classic_carousel_placeholder\">\n                  <img loading=\"lazy\" decoding=\"async\" src=\"https:\/\/voxtours.com\/wp-content\/uploads\/2024\/08\/Promo_1.png\"  src=\"https:\/\/voxtours.com\/wp-content\/uploads\/2024\/08\/Promo_1.png\" alt=\"Promo_1\" width=\"381\" height=\"446\">\n                      <\/div>\n    \n    <div class=\"uc_classic_carousel_content\" style=\"direction:ltr;\">    \n\n      \n          <div  class=\"card_carousel_title\">OTAs<\/div>\n        <p class=\"card_carousel_text\">Proposez des billets et des exp\u00e9riences avec nos guides de voyage multilingues et des itin\u00e9raires personnalis\u00e9s pour ajouter de la valeur et diff\u00e9rencier vos offres.<\/p>      \t\n\n              <div class=\"ue_button\">\n          <a class=\"uc_more_btn \" href=\"\/case-studies\/\" title=\"\" ><\/a>\n      \t<\/div>   \n      \t\n      \n    <\/div>\n    \n  <\/div>\n<\/div>\n\n\n\n<div id=\"uc_card_carousel_elementor_0564a2a_item6\" class=\"uc_classic_carousel_container_holder ue-item elementor-repeater-item-ec193b9\" data-hide-item=\"false\">  \n  <div class=\"ue-carousel-item\">\n    \n    <span class=\"uc_classic_carousel_border\" style=\"\"><\/span>    \n    \n          <div class=\"uc_classic_carousel_placeholder\">\n                  <img loading=\"lazy\" decoding=\"async\" src=\"https:\/\/voxtours.com\/wp-content\/uploads\/2024\/08\/Promo_5.png\"  src=\"https:\/\/voxtours.com\/wp-content\/uploads\/2024\/08\/Promo_5.png\" alt=\"Promo_5\" width=\"382\" height=\"446\">\n                      <\/div>\n    \n    <div class=\"uc_classic_carousel_content\" style=\"direction:ltr;\">    \n\n      \n          <div  class=\"card_carousel_title\">Lieux\/mus\u00e9es<\/div>\n        <p class=\"card_carousel_text\">Am\u00e9liorez l'exp\u00e9rience des visiteurs avec des dispositifs d'auto-guidage, des expositions interactives et du contenu multilingue pour des publics diversifi\u00e9s.<\/p>      \t\n\n              <div class=\"ue_button\">\n          <a class=\"uc_more_btn \" href=\"\/case-studies\/\" title=\"\" ><\/a>\n      \t<\/div>   \n      \t\n      \n    <\/div>\n    \n  <\/div>\n<\/div>\n\n\n\n<div id=\"uc_card_carousel_elementor_0564a2a_item7\" class=\"uc_classic_carousel_container_holder ue-item elementor-repeater-item-41b65b7\" data-hide-item=\"false\">  \n  <div class=\"ue-carousel-item\">\n    \n    <span class=\"uc_classic_carousel_border\" style=\"\"><\/span>    \n    \n          <div class=\"uc_classic_carousel_placeholder\">\n                  <img loading=\"lazy\" decoding=\"async\" src=\"https:\/\/voxtours.com\/wp-content\/uploads\/2024\/09\/DMOs.jpg\"  src=\"https:\/\/voxtours.com\/wp-content\/uploads\/2024\/09\/DMOs.jpg\" alt=\"DMOs\" width=\"559\" height=\"370\">\n                      <\/div>\n    \n    <div class=\"uc_classic_carousel_content\" style=\"direction:ltr;\">    \n\n      \n          <div  class=\"card_carousel_title\">Villes et OGD<\/div>\n        <p class=\"card_carousel_text\">Stimulez le tourisme avec des solutions de pass num\u00e9riques, l'analyse de donn\u00e9es et des plateformes de gestion touristique adapt\u00e9es aux environnements urbains.<\/p>      \t\n\n              <div class=\"ue_button\">\n          <a class=\"uc_more_btn \" href=\"\/solutions\/\" title=\"\" ><\/a>\n      \t<\/div>   \n      \t\n      \n    <\/div>\n    \n  <\/div>\n<\/div>\n\n\n\n<div id=\"uc_card_carousel_elementor_0564a2a_item8\" class=\"uc_classic_carousel_container_holder ue-item elementor-repeater-item-2b418b5\" data-hide-item=\"false\">  \n  <div class=\"ue-carousel-item\">\n    \n    <span class=\"uc_classic_carousel_border\" style=\"\"><\/span>    \n    \n          <div class=\"uc_classic_carousel_placeholder\">\n                  <img loading=\"lazy\" decoding=\"async\" src=\"https:\/\/voxtours.com\/wp-content\/uploads\/2024\/09\/Mobility-Providers.jpg\"  src=\"https:\/\/voxtours.com\/wp-content\/uploads\/2024\/09\/Mobility-Providers.jpg\" alt=\"Mobility Providers\" width=\"880\" height=\"587\">\n                      <\/div>\n    \n    <div class=\"uc_classic_carousel_content\" style=\"direction:ltr;\">    \n\n      \n          <div  class=\"card_carousel_title\">Fournisseurs de mobilit\u00e9<\/div>\n        <p class=\"card_carousel_text\">Int\u00e9grez notre technologie pour un acc\u00e8s pratique aux transports, une navigation en temps r\u00e9el, des commentaires multilingues et des guides personnalis\u00e9s.<\/p>      \t\n\n              <div class=\"ue_button\">\n          <a class=\"uc_more_btn \" href=\"\/case-studies\/\" title=\"\" ><\/a>\n      \t<\/div>   \n      \t\n      \n    <\/div>\n    \n  <\/div>\n<\/div>\n\n\n\n<div id=\"uc_card_carousel_elementor_0564a2a_item9\" class=\"uc_classic_carousel_container_holder ue-item elementor-repeater-item-139eca8\" data-hide-item=\"false\">  \n  <div class=\"ue-carousel-item\">\n    \n    <span class=\"uc_classic_carousel_border\" style=\"\"><\/span>    \n    \n          <div class=\"uc_classic_carousel_placeholder\">\n                  <img loading=\"lazy\" decoding=\"async\" src=\"https:\/\/voxtours.com\/wp-content\/uploads\/2024\/09\/Self-drive.jpg\"  src=\"https:\/\/voxtours.com\/wp-content\/uploads\/2024\/09\/Self-drive.jpg\" alt=\"Self drive\" width=\"780\" height=\"520\">\n                      <\/div>\n    \n    <div class=\"uc_classic_carousel_content\" style=\"direction:ltr;\">    \n\n      \n          <div  class=\"card_carousel_title\"><span class=\"notranslate\">Conduite autonome<\/span><\/div>\n        <p class=\"card_carousel_text\"><span class=\"notranslate\">Renforcez les circuits en conduite autonome avec des cartes interactives et des guides audio multilingues pour une exploration flexible et \u00e0 votre rythme.<\/span><\/p>      \t\n\n              <div class=\"ue_button\">\n          <a class=\"uc_more_btn \" href=\"\/case-studies\/\" title=\"\" ><\/a>\n      \t<\/div>   \n      \t\n      \n    <\/div>\n    \n  <\/div>\n<\/div>\n\n\n\n<div id=\"uc_card_carousel_elementor_0564a2a_item10\" class=\"uc_classic_carousel_container_holder ue-item elementor-repeater-item-c93098f\" data-hide-item=\"false\">  \n  <div class=\"ue-carousel-item\">\n    \n    <span class=\"uc_classic_carousel_border\" style=\"\"><\/span>    \n    \n          <div class=\"uc_classic_carousel_placeholder\">\n                  <img loading=\"lazy\" decoding=\"async\" src=\"https:\/\/voxtours.com\/wp-content\/uploads\/2024\/09\/MICE.jpg\"  src=\"https:\/\/voxtours.com\/wp-content\/uploads\/2024\/09\/MICE.jpg\" alt=\"MICE\" width=\"559\" height=\"373\">\n                      <\/div>\n    \n    <div class=\"uc_classic_carousel_content\" style=\"direction:ltr;\">    \n\n      \n          <div  class=\"card_carousel_title\"><span class=\"notranslate\">MICE<\/span><\/div>\n        <p class=\"card_carousel_text\"><span class=\"notranslate\">Offrez un audio impeccable et des diffusions multilingues avec des radios num\u00e9riques, et connectez-vous avec les d\u00e9l\u00e9gu\u00e9s gr\u00e2ce \u00e0 notre technologie de cartographie et de guidage.<\/span><\/p>      \t\n\n              <div class=\"ue_button\">\n          <a class=\"uc_more_btn \" href=\"\/case-studies\/\" title=\"\" ><\/a>\n      \t<\/div>   \n      \t\n      \n    <\/div>\n    \n  <\/div>\n<\/div>\n\n      <\/div>\n<\/div>\n<!-- end Card Carousel -->\t\t\t\t<\/div>\n\t\t\t\t<\/div>\n\t\t\t\t\t<\/div>\n\t\t\t\t<\/div>\n\t\t\t\t<\/div>\n\t\t\t\t\t<\/div>\n\t\t\t\t<\/div>\n\t\t\t\t<\/div>\n\t\t","protected":false},"excerpt":{"rendered":"<p>Solutions mises en \u0153uvre et \u00e9tudes de cas Bienvenue dans notre portfolio d&rsquo;\u00e9tudes de cas, o\u00f9 nous pr\u00e9sentons des exemples de solutions innovantes que nous avons d\u00e9velopp\u00e9es dans divers secteurs des industries du tourisme et de la culture. Chaque \u00e9tude de cas met en \u00e9vidence notre engagement \u00e0 am\u00e9liorer les exp\u00e9riences client, \u00e0 stimuler l&rsquo;engagement&#8230;<\/p>\n","protected":false},"author":18,"featured_media":3831,"parent":0,"menu_order":0,"comment_status":"closed","ping_status":"closed","template":"","meta":{"footnotes":""},"class_list":["post-5706","page","type-page","status-publish","has-post-thumbnail","hentry"],"acf":[],"_links":{"self":[{"href":"https:\/\/voxtours.com\/fr\/wp-json\/wp\/v2\/pages\/5706","targetHints":{"allow":["GET"]}}],"collection":[{"href":"https:\/\/voxtours.com\/fr\/wp-json\/wp\/v2\/pages"}],"about":[{"href":"https:\/\/voxtours.com\/fr\/wp-json\/wp\/v2\/types\/page"}],"author":[{"embeddable":true,"href":"https:\/\/voxtours.com\/fr\/wp-json\/wp\/v2\/users\/18"}],"replies":[{"embeddable":true,"href":"https:\/\/voxtours.com\/fr\/wp-json\/wp\/v2\/comments?post=5706"}],"version-history":[{"count":0,"href":"https:\/\/voxtours.com\/fr\/wp-json\/wp\/v2\/pages\/5706\/revisions"}],"wp:featuredmedia":[{"embeddable":true,"href":"https:\/\/voxtours.com\/fr\/wp-json\/wp\/v2\/media\/3831"}],"wp:attachment":[{"href":"https:\/\/voxtours.com\/fr\/wp-json\/wp\/v2\/media?parent=5706"}],"curies":[{"name":"wp","href":"https:\/\/api.w.org\/{rel}","templated":true}]}}