{"id":5695,"date":"2025-02-05T15:08:10","date_gmt":"2025-02-05T15:08:10","guid":{"rendered":"https:\/\/voxtours.com\/innover-dans-la-technologie-du-voyage-avec-vox-group-newsletter-ukinbound\/"},"modified":"2025-07-09T16:58:38","modified_gmt":"2025-07-09T16:58:38","slug":"innover-dans-la-technologie-du-voyage-avec-vox-group-newsletter-ukinbound","status":"publish","type":"page","link":"https:\/\/voxtours.com\/fr\/actualites\/innover-dans-la-technologie-du-voyage-avec-vox-group-newsletter-ukinbound\/","title":{"rendered":"INNOVER DANS LA TECHNOLOGIE DU VOYAGE AVEC VOX GROUP &#8211; NEWSLETTER UKINBOUND"},"content":{"rendered":"<p><img fetchpriority=\"high\" decoding=\"async\" class=\"aligncenter wp-image-1597 size-full\" src=\"https:\/\/voxtours.com\/wp-content\/uploads\/2025\/02\/Screenshot-2025-02-05-alle-16.05.53.png\" alt=\"\" width=\"1196\" height=\"634\" srcset=\"https:\/\/voxtours.com\/wp-content\/uploads\/2025\/02\/Screenshot-2025-02-05-alle-16.05.53.png 1196w, https:\/\/voxtours.com\/wp-content\/uploads\/2025\/02\/Screenshot-2025-02-05-alle-16.05.53-300x159.png 300w, https:\/\/voxtours.com\/wp-content\/uploads\/2025\/02\/Screenshot-2025-02-05-alle-16.05.53-1024x543.png 1024w\" sizes=\"(max-width: 1196px) 100vw, 1196px\" \/><\/p>\n<p>Alors que l&rsquo;industrie du voyage continue de prosp\u00e9rer, Vox Group s&rsquo;impose comme un phare d&rsquo;innovation, offrant des solutions de pointe pour red\u00e9finir les exp\u00e9riences de guidage et de destination.<\/p>\n<p>Reconnu comme laur\u00e9at du prix UKinbound de la Technologie pendant trois ann\u00e9es cons\u00e9cutives, nous sommes fiers de collaborer avec les leaders de l&rsquo;industrie pour am\u00e9liorer l&rsquo;exp\u00e9rience de voyage des visiteurs et des op\u00e9rateurs. Voici comment nos produits peuvent vous aider \u00e0 d\u00e9velopper votre entreprise et \u00e0 ravir vos clients : <\/p>\n<p><strong>Syst\u00e8mes de guide touristique<br \/>\n<\/strong><\/p>\n<p><img decoding=\"async\" class=\"aligncenter wp-image-1594 size-full\" src=\"https:\/\/voxtours.com\/wp-content\/uploads\/2025\/02\/unnamed.png\" alt=\"\" width=\"4400\" height=\"2475\" srcset=\"https:\/\/voxtours.com\/wp-content\/uploads\/2025\/02\/unnamed.png 4400w, https:\/\/voxtours.com\/wp-content\/uploads\/2025\/02\/unnamed-300x169.png 300w, https:\/\/voxtours.com\/wp-content\/uploads\/2025\/02\/unnamed-1024x576.png 1024w\" sizes=\"(max-width: 4400px) 100vw, 4400px\" \/><\/p>\n<p>Reconnus comme les meilleurs au monde, nos syst\u00e8mes de guide touristique exploitent les derni\u00e8res technologies num\u00e9riques pour garantir des exp\u00e9riences de groupe fluides. Ils sont fiables, intuitifs et adaptables \u00e0 tout type de groupe, livr\u00e9s \u00e0 temps, \u00e0 chaque fois. Que vous organisiez une petite visite priv\u00e9e ou un grand \u00e9v\u00e9nement, nos syst\u00e8mes offrent une communication cristalline pour enrichir le voyage.  <\/p>\n<p><strong>Guidage de groupe aliment\u00e9 par l&rsquo;IA<\/strong><\/p>\n<p>Gardez une longueur d&rsquo;avance avec nos solutions de guidage de groupe aliment\u00e9es par l&rsquo;IA. En combinant l&rsquo;intelligence artificielle avec nos syst\u00e8mes uniques de guide radio, nous simplifions la gestion multilingue des groupes et rendons les voyages plus inclusifs. Ces solutions transforment la fa\u00e7on dont les op\u00e9rateurs et les guides s&rsquo;adressent \u00e0 des publics diversifi\u00e9s, assurant une communication sans effort et des exp\u00e9riences visiteurs enrichies.  <\/p>\n<p><strong>POPGuide : la solution d&rsquo;auto-guidage<\/strong><img decoding=\"async\" class=\"aligncenter wp-image-1595 size-full\" src=\"https:\/\/voxtours.com\/wp-content\/uploads\/2025\/02\/unnamed-1.png\" alt=\"\" width=\"3069\" height=\"2000\" srcset=\"https:\/\/voxtours.com\/wp-content\/uploads\/2025\/02\/unnamed-1.png 3069w, https:\/\/voxtours.com\/wp-content\/uploads\/2025\/02\/unnamed-1-300x196.png 300w, https:\/\/voxtours.com\/wp-content\/uploads\/2025\/02\/unnamed-1-1024x667.png 1024w\" sizes=\"(max-width: 3069px) 100vw, 3069px\" \/><\/p>\n<p>Donnez les moyens \u00e0 vos clients avec POPGuide, une plateforme mobile polyvalente con\u00e7ue pour une utilisation int\u00e9rieure et ext\u00e9rieure, enti\u00e8rement fonctionnelle hors ligne et offrant des capacit\u00e9s multilingues. POPGuide transforme la fa\u00e7on dont les visiteurs explorent les lieux, les croisi\u00e8res, les visites et les attractions &#8211; une solution personnalis\u00e9e et abordable qui d\u00e9bloque des opportunit\u00e9s de revenus gr\u00e2ce \u00e0 la vente incitative, la vente crois\u00e9e et des outils publicitaires int\u00e9gr\u00e9s. Avec des analyses avanc\u00e9es et des cartes thermiques, vous obtiendrez des informations pr\u00e9cieuses pour optimiser vos offres.  <\/p>\n<p><strong>Vox DPS : solutions de pass destination<\/strong><\/p>\n<p><img loading=\"lazy\" decoding=\"async\" class=\"aligncenter wp-image-1596 size-full\" src=\"https:\/\/voxtours.com\/wp-content\/uploads\/2025\/02\/unnamed-2.png\" alt=\"\" width=\"4419\" height=\"2579\" srcset=\"https:\/\/voxtours.com\/wp-content\/uploads\/2025\/02\/unnamed-2.png 4419w, https:\/\/voxtours.com\/wp-content\/uploads\/2025\/02\/unnamed-2-300x175.png 300w, https:\/\/voxtours.com\/wp-content\/uploads\/2025\/02\/unnamed-2-1024x598.png 1024w\" sizes=\"(max-width: 4419px) 100vw, 4419px\" \/><\/p>\n<p>D\u00e9couvrez l&rsquo;avenir du tourisme urbain avec Vox DPS, le premier city pass enti\u00e8rement num\u00e9rique con\u00e7u pour les DMO. Cette solution compl\u00e8te int\u00e8gre le transport, les lieux, les exp\u00e9riences et la distribution dans un syst\u00e8me sans papier fluide. Vox DPS connecte chaque facette de l&rsquo;\u00e9cosyst\u00e8me touristique d&rsquo;une destination, am\u00e9liorant la commodit\u00e9 pour les visiteurs tout en cr\u00e9ant de nouvelles opportunit\u00e9s de collaboration et de croissance.  <\/p>\n<p><strong>Pourquoi s&rsquo;associer avec vox group ?<\/strong><\/p>\n<p>Chez Vox, la collaboration est au c\u0153ur de notre activit\u00e9. Nous travaillons \u00e9troitement avec nos partenaires pour identifier les opportunit\u00e9s, am\u00e9liorer l&rsquo;engagement des visiteurs et apporter de la valeur. Que vous soyez un DMC, un cr\u00e9ateur d&rsquo;exp\u00e9riences, un tour-op\u00e9rateur, un DMO ou un gestionnaire de site, nos solutions sont con\u00e7ues pour anticiper les besoins des voyageurs d&rsquo;aujourd&rsquo;hui et \u00e9tablir de nouveaux standards pour l&rsquo;avenir.  <\/p>\n<p><strong>Passez \u00e0 l&rsquo;\u00e9tape suivante<\/strong><\/p>\n<p>Travaillons ensemble pour faire du Royaume-Uni une destination incontournable pour les voyageurs du monde entier.<\/p>\n<p>Contactez notre \u00e9quipe de d\u00e9veloppement commercial \u00e0 <a href=\"mailto:bizdev@voxtours.co.uk\" target=\"_blank\" rel=\"noopener\">bizdev@voxtours.co.uk<\/a> pour d\u00e9couvrir comment les solutions prim\u00e9es de Vox peuvent contribuer au succ\u00e8s de votre organisation. Rejoignez-nous pour mener la prochaine \u00e8re de la technologie du voyage &#8211; nous sommes pr\u00eats \u00e0 innover avec vous. <\/p>\n","protected":false},"excerpt":{"rendered":"<p>Alors que l&rsquo;industrie du voyage continue de prosp\u00e9rer, Vox Group s&rsquo;impose comme un phare d&rsquo;innovation, offrant des solutions de pointe pour red\u00e9finir les exp\u00e9riences de guidage et de destination. Reconnu comme laur\u00e9at du prix UKinbound de la Technologie pendant trois ann\u00e9es cons\u00e9cutives, nous sommes fiers de collaborer avec les leaders de l&rsquo;industrie pour am\u00e9liorer l&rsquo;exp\u00e9rience&#8230;<\/p>\n","protected":false},"author":18,"featured_media":5231,"parent":5717,"menu_order":0,"comment_status":"closed","ping_status":"closed","template":"","meta":{"footnotes":""},"class_list":["post-5695","page","type-page","status-publish","has-post-thumbnail","hentry"],"acf":[],"_links":{"self":[{"href":"https:\/\/voxtours.com\/fr\/wp-json\/wp\/v2\/pages\/5695","targetHints":{"allow":["GET"]}}],"collection":[{"href":"https:\/\/voxtours.com\/fr\/wp-json\/wp\/v2\/pages"}],"about":[{"href":"https:\/\/voxtours.com\/fr\/wp-json\/wp\/v2\/types\/page"}],"author":[{"embeddable":true,"href":"https:\/\/voxtours.com\/fr\/wp-json\/wp\/v2\/users\/18"}],"replies":[{"embeddable":true,"href":"https:\/\/voxtours.com\/fr\/wp-json\/wp\/v2\/comments?post=5695"}],"version-history":[{"count":0,"href":"https:\/\/voxtours.com\/fr\/wp-json\/wp\/v2\/pages\/5695\/revisions"}],"up":[{"embeddable":true,"href":"https:\/\/voxtours.com\/fr\/wp-json\/wp\/v2\/pages\/5717"}],"wp:featuredmedia":[{"embeddable":true,"href":"https:\/\/voxtours.com\/fr\/wp-json\/wp\/v2\/media\/5231"}],"wp:attachment":[{"href":"https:\/\/voxtours.com\/fr\/wp-json\/wp\/v2\/media?parent=5695"}],"curies":[{"name":"wp","href":"https:\/\/api.w.org\/{rel}","templated":true}]}}