{"id":5775,"date":"2024-08-01T12:37:43","date_gmt":"2024-08-01T12:37:43","guid":{"rendered":"https:\/\/voxtours.com\/politica-de-cookies\/"},"modified":"2025-07-09T17:02:13","modified_gmt":"2025-07-09T17:02:13","slug":"politica-de-cookies","status":"publish","type":"page","link":"https:\/\/voxtours.com\/es\/politica-de-cookies\/","title":{"rendered":"Pol\u00edtica de cookies"},"content":{"rendered":"<section class=\"l-section wpb_row us_custom_64ac204c policy-content-sec height_medium\"><div class=\"l-section-h i-cf\"><div class=\"g-cols vc_row via_grid cols_1 laptops-cols_inherit tablets-cols_inherit mobiles-cols_1 valign_top type_default stacking_default\"><div class=\"wpb_column vc_column_container\"><div class=\"vc_column-inner\"><div class=\"g-cols wpb_row via_grid cols_1 laptops-cols_inherit tablets-cols_inherit mobiles-cols_1 valign_top type_default stacking_default\" style=\"--gap:3rem;\"><div class=\"wpb_column vc_column_container\"><div class=\"vc_column-inner\"><h1 class=\"w-text us_custom_600f1fbc has_text_color\"><span class=\"w-text-h\"><span class=\"w-text-value\">Pol\u00edtica de cookies<\/span><\/span><\/h1><div class=\"wpb_text_column us_custom_2913d69d has_text_color\"><div class=\"wpb_wrapper\"><h4><strong>Introducci\u00f3n<\/strong><\/h4>\n<p>Vox Tours (\u201cnosotros\u201d, \u201cnuestro\/a\u201d, \u201cnos\u201d) utiliza cookies y tecnolog\u00edas similares para mejorar su experiencia en nuestro sitio web <a href=\"https:\/\/www.voxtours.com\" target=\"_new\" rel=\"noreferrer noopener\">www.voxtours.com<\/a>. Esta Pol\u00edtica de cookies explica qu\u00e9 son las cookies, c\u00f3mo las utilizamos y sus opciones con respecto a su uso. <\/p>\n<h4><strong>\u00bfQu\u00e9 son las cookies?<\/strong><\/h4>\n<p>Las cookies son peque\u00f1os archivos de texto que se almacenan en su dispositivo cuando visita un sitio web. Nos ayudan a comprender c\u00f3mo interact\u00faa con nuestro sitio, lo que nos permite mejorar su experiencia de usuario. <\/p>\n<h4><strong>Tipos de cookies que utilizamos<\/strong><\/h4>\n<ol>\n<li><strong>Cookies esenciales<\/strong>: Necesarias para que el sitio web funcione correctamente. Permiten funcionalidades b\u00e1sicas como la navegaci\u00f3n por la p\u00e1gina y el acceso a \u00e1reas seguras. <\/li>\n<li><strong>Cookies de rendimiento<\/strong>: Recopilan informaci\u00f3n sobre c\u00f3mo los visitantes utilizan nuestro sitio web, lo que nos ayuda a mejorar el rendimiento del sitio.<\/li>\n<li><strong>Cookies de funcionalidad<\/strong>: Permiten que el sitio web recuerde sus preferencias y ofrezca funciones mejoradas.<\/li>\n<li><strong>Cookies de segmentaci\u00f3n<\/strong>: Se utilizan para ofrecerle anuncios relevantes en funci\u00f3n de sus intereses.<\/li>\n<\/ol>\n<h4><strong>C\u00f3mo utilizamos las cookies<\/strong><\/h4>\n<ul>\n<li>Para garantizar que el sitio web funcione correctamente.<\/li>\n<li>Para analizar el tr\u00e1fico y el uso del sitio web.<\/li>\n<li>Para recordar sus preferencias y ajustes.<\/li>\n<li>Para ofrecer contenido y anuncios personalizados.<\/li>\n<\/ul>\n<h4><strong>Sus opciones con respecto a las cookies<\/strong><\/h4>\n<p>Puede gestionar sus preferencias de cookies a trav\u00e9s de la configuraci\u00f3n de su navegador. La mayor\u00eda de los navegadores le permiten rechazar o eliminar las cookies. Sin embargo, si elige desactivar las cookies, es posible que algunas funciones de nuestro sitio web no funcionen correctamente.  <\/p>\n<h4><strong>Cambios en esta pol\u00edtica de cookies<\/strong><\/h4>\n<p>Es posible que actualicemos esta Pol\u00edtica de cookies de vez en cuando. Le recomendamos que revise esta pol\u00edtica peri\u00f3dicamente para comprobar si hay cambios.<\/p>\n<\/div><\/div><\/div><\/div><\/div><\/div><\/div><\/div><\/div><\/section>\n","protected":false},"excerpt":{"rendered":"","protected":false},"author":18,"featured_media":0,"parent":0,"menu_order":0,"comment_status":"closed","ping_status":"closed","template":"","meta":{"footnotes":""},"class_list":["post-5775","page","type-page","status-publish","hentry"],"acf":[],"_links":{"self":[{"href":"https:\/\/voxtours.com\/es\/wp-json\/wp\/v2\/pages\/5775","targetHints":{"allow":["GET"]}}],"collection":[{"href":"https:\/\/voxtours.com\/es\/wp-json\/wp\/v2\/pages"}],"about":[{"href":"https:\/\/voxtours.com\/es\/wp-json\/wp\/v2\/types\/page"}],"author":[{"embeddable":true,"href":"https:\/\/voxtours.com\/es\/wp-json\/wp\/v2\/users\/18"}],"replies":[{"embeddable":true,"href":"https:\/\/voxtours.com\/es\/wp-json\/wp\/v2\/comments?post=5775"}],"version-history":[{"count":0,"href":"https:\/\/voxtours.com\/es\/wp-json\/wp\/v2\/pages\/5775\/revisions"}],"wp:attachment":[{"href":"https:\/\/voxtours.com\/es\/wp-json\/wp\/v2\/media?parent=5775"}],"curies":[{"name":"wp","href":"https:\/\/api.w.org\/{rel}","templated":true}]}}