{"id":5770,"date":"2024-08-01T12:29:30","date_gmt":"2024-08-01T12:29:30","guid":{"rendered":"https:\/\/voxtours.com\/politica-de-privacidad\/"},"modified":"2025-07-09T17:01:43","modified_gmt":"2025-07-09T17:01:43","slug":"politica-de-privacidad","status":"publish","type":"page","link":"https:\/\/voxtours.com\/es\/politica-de-privacidad\/","title":{"rendered":"Pol\u00edtica de Privacidad"},"content":{"rendered":"<section class=\"l-section wpb_row us_custom_64ac204c policy-content-sec height_medium\"><div class=\"l-section-h i-cf\"><div class=\"g-cols vc_row via_grid cols_1 laptops-cols_inherit tablets-cols_inherit mobiles-cols_1 valign_top type_default stacking_default\"><div class=\"wpb_column vc_column_container\"><div class=\"vc_column-inner\"><div class=\"g-cols wpb_row via_grid cols_1 laptops-cols_inherit tablets-cols_inherit mobiles-cols_1 valign_top type_default stacking_default\" style=\"--gap:3rem;\"><div class=\"wpb_column vc_column_container\"><div class=\"vc_column-inner\"><h1 class=\"w-text us_custom_c9e8db2a has_text_color\"><span class=\"w-text-h\"><span class=\"w-text-value\">Pol\u00edtica de Privacidad<\/span><\/span><\/h1><div class=\"wpb_text_column us_custom_2913d69d has_text_color\"><div class=\"wpb_wrapper\"><h4><strong>Introducci\u00f3n<\/strong><\/h4>\n<p>Vox Tours (\u201cnosotros\u201d, \u201cnuestro\/a\u201d, \u201cnos\u201d) valora su privacidad y se compromete a proteger su informaci\u00f3n personal. Esta Pol\u00edtica de Privacidad explica c\u00f3mo recopilamos, utilizamos y compartimos la informaci\u00f3n cuando visita nuestro sitio web <a href=\"https:\/\/www.voxtours.com\" target=\"_new\" rel=\"noreferrer noopener\">www.voxtours.com<\/a> y utiliza nuestros servicios. <\/p>\n<h4><strong>Informaci\u00f3n que recopilamos<\/strong><\/h4>\n<p>Recopilamos los siguientes tipos de informaci\u00f3n:<\/p>\n<ul>\n<li><strong>Informaci\u00f3n de identificaci\u00f3n personal<\/strong>: nombre, direcci\u00f3n de correo electr\u00f3nico, n\u00famero de tel\u00e9fono y otros datos de contacto cuando se suscribe o se pone en contacto con nosotros.<\/li>\n<li><strong>Datos t\u00e9cnicos<\/strong>: direcci\u00f3n IP, tipo de navegador, sistema operativo y comportamiento de navegaci\u00f3n recopilados a trav\u00e9s de cookies y tecnolog\u00edas similares.<\/li>\n<li><strong>Datos de uso<\/strong>: informaci\u00f3n sobre c\u00f3mo utiliza nuestro sitio web y nuestros servicios.<\/li>\n<\/ul>\n<h4><strong>C\u00f3mo utilizamos su informaci\u00f3n<\/strong><\/h4>\n<p>Utilizamos la informaci\u00f3n recopilada para los siguientes fines:<\/p>\n<ul>\n<li>Para proporcionar y mantener nuestros servicios.<\/li>\n<li>Para notificarle los cambios en nuestros servicios.<\/li>\n<li>Para permitirle participar en las funciones interactivas de nuestro sitio web.<\/li>\n<li>Para proporcionar atenci\u00f3n al cliente.<\/li>\n<li>Para recopilar an\u00e1lisis o informaci\u00f3n valiosa para mejorar nuestro sitio web.<\/li>\n<li>Para supervisar el uso de nuestro sitio web.<\/li>\n<li>Para detectar, prevenir y solucionar problemas t\u00e9cnicos.<\/li>\n<\/ul>\n<h4><strong>Compartir su informaci\u00f3n<\/strong><\/h4>\n<p>No vendemos, intercambiamos ni transferimos de otro modo su informaci\u00f3n personal a terceros ajenos, excepto a terceros de confianza que nos ayudan a operar nuestro sitio web, a llevar a cabo nuestro negocio o a prestar servicios a nuestros usuarios, siempre y cuando dichas partes acuerden mantener esta informaci\u00f3n confidencial.<\/p>\n<h4><strong>Seguridad de su informaci\u00f3n<\/strong><\/h4>\n<p>Tomamos medidas razonables para proteger su informaci\u00f3n personal contra la p\u00e9rdida, el robo, el uso indebido y el acceso no autorizado. Sin embargo, ning\u00fan m\u00e9todo de transmisi\u00f3n a trav\u00e9s de Internet o m\u00e9todo de almacenamiento electr\u00f3nico es 100% seguro. <\/p>\n<h4><strong>Sus derechos de protecci\u00f3n de datos<\/strong><\/h4>\n<p>Dependiendo de su ubicaci\u00f3n, puede tener los siguientes derechos con respecto a sus datos personales:<\/p>\n<ul>\n<li>El derecho de acceso: tiene derecho a solicitar copias de sus datos personales.<\/li>\n<li>El derecho de rectificaci\u00f3n: tiene derecho a solicitar que corrijamos cualquier informaci\u00f3n que considere inexacta o que completemos la informaci\u00f3n que crea<\/li>\n<\/ul>\n<\/div><\/div><\/div><\/div><\/div><\/div><\/div><\/div><\/div><\/section>\n","protected":false},"excerpt":{"rendered":"","protected":false},"author":18,"featured_media":0,"parent":0,"menu_order":0,"comment_status":"closed","ping_status":"closed","template":"","meta":{"footnotes":""},"class_list":["post-5770","page","type-page","status-publish","hentry"],"acf":[],"_links":{"self":[{"href":"https:\/\/voxtours.com\/es\/wp-json\/wp\/v2\/pages\/5770","targetHints":{"allow":["GET"]}}],"collection":[{"href":"https:\/\/voxtours.com\/es\/wp-json\/wp\/v2\/pages"}],"about":[{"href":"https:\/\/voxtours.com\/es\/wp-json\/wp\/v2\/types\/page"}],"author":[{"embeddable":true,"href":"https:\/\/voxtours.com\/es\/wp-json\/wp\/v2\/users\/18"}],"replies":[{"embeddable":true,"href":"https:\/\/voxtours.com\/es\/wp-json\/wp\/v2\/comments?post=5770"}],"version-history":[{"count":0,"href":"https:\/\/voxtours.com\/es\/wp-json\/wp\/v2\/pages\/5770\/revisions"}],"wp:attachment":[{"href":"https:\/\/voxtours.com\/es\/wp-json\/wp\/v2\/media?parent=5770"}],"curies":[{"name":"wp","href":"https:\/\/api.w.org\/{rel}","templated":true}]}}