{"id":5757,"date":"2024-08-01T12:59:59","date_gmt":"2024-08-01T12:59:59","guid":{"rendered":"https:\/\/voxtours.com\/politica-de-sostenibilidad\/"},"modified":"2025-07-09T17:00:57","modified_gmt":"2025-07-09T17:00:57","slug":"politica-de-sostenibilidad","status":"publish","type":"page","link":"https:\/\/voxtours.com\/es\/politica-de-sostenibilidad\/","title":{"rendered":"Pol\u00edtica de sostenibilidad"},"content":{"rendered":"<section class=\"l-section wpb_row us_custom_64ac204c policy-content-sec height_medium\"><div class=\"l-section-h i-cf\"><div class=\"g-cols vc_row via_grid cols_1 laptops-cols_inherit tablets-cols_inherit mobiles-cols_1 valign_top type_default stacking_default\"><div class=\"wpb_column vc_column_container\"><div class=\"vc_column-inner\"><div class=\"g-cols wpb_row via_grid cols_1 laptops-cols_inherit tablets-cols_inherit mobiles-cols_1 valign_top type_default stacking_default\" style=\"--gap:3rem;\"><div class=\"wpb_column vc_column_container\"><div class=\"vc_column-inner\"><h1 class=\"w-text us_custom_acb5efb5 has_text_color\"><span class=\"w-text-h\"><span class=\"w-text-value\">Pol\u00edtica de sostenibilidad<\/span><\/span><\/h1><div class=\"wpb_text_column us_custom_2913d69d has_text_color\"><div class=\"wpb_wrapper\"><h4><strong>Introducci\u00f3n<\/strong><\/h4>\n<p>En Vox Tours, nos comprometemos a promover la sostenibilidad en todos los aspectos de nuestras operaciones. Reconocemos nuestra responsabilidad de proteger el medio ambiente y contribuir al bienestar de las comunidades a las que servimos. <\/p>\n<h4><strong>Nuestros compromisos<\/strong><\/h4>\n<ol>\n<li><strong>Responsabilidad ambiental<\/strong>: Nuestro objetivo es minimizar nuestro impacto ambiental reduciendo los residuos, conservando los recursos y promoviendo pr\u00e1cticas ecol\u00f3gicas.<\/li>\n<li><strong>Viajes sostenibles<\/strong>: Apoyamos opciones de viajes sostenibles que reduzcan la huella de carbono y promuevan la preservaci\u00f3n cultural y ambiental.<\/li>\n<li><strong>Participaci\u00f3n comunitaria<\/strong>: Colaboramos activamente con las comunidades locales para apoyar iniciativas sociales, econ\u00f3micas y ambientales que beneficien a las regiones en las que operamos.<\/li>\n<\/ol>\n<h4><strong>Acciones que llevamos a cabo<\/strong><\/h4>\n<ul>\n<li>Implementaci\u00f3n de pr\u00e1cticas de eficiencia energ\u00e9tica en nuestras oficinas y operaciones.<\/li>\n<li>Fomento del uso del transporte p\u00fablico y otros m\u00e9todos de viaje sostenibles.<\/li>\n<li>Asociaci\u00f3n con organizaciones que promueven la conservaci\u00f3n del medio ambiente y el desarrollo comunitario.<\/li>\n<li>Concienciaci\u00f3n de nuestros empleados, socios y clientes sobre la importancia de la sostenibilidad.<\/li>\n<\/ul>\n<h4><strong>Supervisi\u00f3n e informaci\u00f3n<\/strong><\/h4>\n<p>Supervisamos continuamente nuestro desempe\u00f1o en materia de sostenibilidad y nos esforzamos por mejorar. Estamos comprometidos con la transparencia e informamos peri\u00f3dicamente sobre nuestras iniciativas y progresos en materia de sostenibilidad. <\/p>\n<h4><strong>Conclusi\u00f3n<\/strong><\/h4>\n<p>En Vox Tours, nos dedicamos a generar un impacto positivo en el medio ambiente y la sociedad. Creemos que, mediante el esfuerzo colectivo, podemos crear un futuro sostenible para las generaciones venideras.<\/p>\n<\/div><\/div><\/div><\/div><\/div><\/div><\/div><\/div><\/div><\/section>\n","protected":false},"excerpt":{"rendered":"","protected":false},"author":18,"featured_media":0,"parent":0,"menu_order":0,"comment_status":"closed","ping_status":"closed","template":"","meta":{"footnotes":""},"class_list":["post-5757","page","type-page","status-publish","hentry"],"acf":[],"_links":{"self":[{"href":"https:\/\/voxtours.com\/es\/wp-json\/wp\/v2\/pages\/5757","targetHints":{"allow":["GET"]}}],"collection":[{"href":"https:\/\/voxtours.com\/es\/wp-json\/wp\/v2\/pages"}],"about":[{"href":"https:\/\/voxtours.com\/es\/wp-json\/wp\/v2\/types\/page"}],"author":[{"embeddable":true,"href":"https:\/\/voxtours.com\/es\/wp-json\/wp\/v2\/users\/18"}],"replies":[{"embeddable":true,"href":"https:\/\/voxtours.com\/es\/wp-json\/wp\/v2\/comments?post=5757"}],"version-history":[{"count":0,"href":"https:\/\/voxtours.com\/es\/wp-json\/wp\/v2\/pages\/5757\/revisions"}],"wp:attachment":[{"href":"https:\/\/voxtours.com\/es\/wp-json\/wp\/v2\/media?parent=5757"}],"curies":[{"name":"wp","href":"https:\/\/api.w.org\/{rel}","templated":true}]}}