{"id":5742,"date":"2024-09-03T14:59:42","date_gmt":"2024-09-03T14:59:42","guid":{"rendered":"https:\/\/voxtours.com\/preguntas-frecuentes-de-la-guia-pop\/"},"modified":"2025-07-09T17:00:11","modified_gmt":"2025-07-09T17:00:11","slug":"preguntas-frecuentes-de-la-guia-pop","status":"publish","type":"page","link":"https:\/\/voxtours.com\/es\/preguntas-frecuentes-de-la-guia-pop\/","title":{"rendered":"Preguntas frecuentes de la gu\u00eda POP"},"content":{"rendered":"\t\t<div data-elementor-type=\"wp-page\" data-elementor-id=\"5742\" class=\"elementor elementor-5742 elementor-1047\" data-elementor-post-type=\"page\">\n\t\t\t\t<div class=\"elementor-element elementor-element-90146ff inner-ban-sec e-flex e-con-boxed e-con e-parent\" data-id=\"90146ff\" data-element_type=\"container\" data-settings=\"{&quot;background_background&quot;:&quot;classic&quot;}\">\n\t\t\t\t\t<div class=\"e-con-inner\">\n\t\t<div class=\"elementor-element elementor-element-54b49e6b e-con-full e-flex e-con e-child\" data-id=\"54b49e6b\" data-element_type=\"container\">\n\t\t\t\t<div class=\"elementor-element elementor-element-41318c4e elementor-widget__width-initial elementor-widget elementor-widget-heading\" data-id=\"41318c4e\" data-element_type=\"widget\" data-widget_type=\"heading.default\">\n\t\t\t\t<div class=\"elementor-widget-container\">\n\t\t\t\t\t<h2 class=\"elementor-heading-title elementor-size-default\">Preguntas frecuentes de la gu\u00eda POP<\/h2>\t\t\t\t<\/div>\n\t\t\t\t<\/div>\n\t\t\t\t<\/div>\n\t\t\t\t\t<\/div>\n\t\t\t\t<\/div>\n\t\t<div class=\"elementor-element elementor-element-284248a e-flex e-con-boxed e-con e-parent\" data-id=\"284248a\" data-element_type=\"container\">\n\t\t\t\t\t<div class=\"e-con-inner\">\n\t\t\t\t<div class=\"elementor-element elementor-element-285f64a elementor-widget elementor-widget-text-editor\" data-id=\"285f64a\" data-element_type=\"widget\" data-widget_type=\"text-editor.default\">\n\t\t\t\t<div class=\"elementor-widget-container\">\n\t\t\t\t\t\t\t\t\t<a href=\"#howcanlogn\">\u00bfC\u00f3mo puedo iniciar sesi\u00f3n?<\/a> | <a href=\"#dltmstk\">\u00bfC\u00f3mo puedo descargar mis contenidos?<\/a> | <a href=\"#lang\">\u00bfC\u00f3mo cambio el idioma de mis contenidos?<\/a> | <a href=\"#mistake\">He borrado la aplicaci\u00f3n por error<\/a> | <a href=\"#slfgt\">\u00bfC\u00f3mo veo las visitas autoguiadas?<\/a> | <a href=\"#purchase\">He comprado dos o m\u00e1s experiencias de audio. \u00bfD\u00f3nde puedo ver todas mis experiencias de audio disponibles? <\/a>\t\t\t\t\t\t\t\t<\/div>\n\t\t\t\t<\/div>\n\t\t\t\t\t<\/div>\n\t\t\t\t<\/div>\n\t\t<div class=\"elementor-element elementor-element-2ea0ba5 e-flex e-con-boxed e-con e-parent\" data-id=\"2ea0ba5\" data-element_type=\"container\">\n\t\t\t\t\t<div class=\"e-con-inner\">\n\t\t<div class=\"elementor-element elementor-element-7375e82 e-con-full e-flex e-con e-child\" data-id=\"7375e82\" data-element_type=\"container\" id=\"howcanlogn\">\n\t\t\t\t<div class=\"elementor-element elementor-element-3fda760 elementor-widget elementor-widget-heading\" data-id=\"3fda760\" data-element_type=\"widget\" data-widget_type=\"heading.default\">\n\t\t\t\t<div class=\"elementor-widget-container\">\n\t\t\t\t\t<h2 class=\"elementor-heading-title elementor-size-default\">\u00bfC\u00f3mo puedo iniciar sesi\u00f3n?<\/h2>\t\t\t\t<\/div>\n\t\t\t\t<\/div>\n\t\t\t\t<div class=\"elementor-element elementor-element-6b0589d elementor-widget elementor-widget-text-editor\" data-id=\"6b0589d\" data-element_type=\"widget\" data-widget_type=\"text-editor.default\">\n\t\t\t\t<div class=\"elementor-widget-container\">\n\t\t\t\t\t\t\t\t\tDespu\u00e9s de comprar tus credenciales de inicio de sesi\u00f3n a trav\u00e9s de un socio de POPGuide, inicia sesi\u00f3n en la aplicaci\u00f3n escaneando el c\u00f3digo QR en su bono o haciendo clic en el enlace inteligente. Esto te permitir\u00e1 descargar la aplicaci\u00f3n desde tu tienda e instalar el contenido que has comprado. \t\t\t\t\t\t\t\t<\/div>\n\t\t\t\t<\/div>\n\t\t\t\t<div class=\"elementor-element elementor-element-f308d0b elementor-widget elementor-widget-image\" data-id=\"f308d0b\" data-element_type=\"widget\" data-widget_type=\"image.default\">\n\t\t\t\t<div class=\"elementor-widget-container\">\n\t\t\t\t\t\t\t\t\t\t\t\t\t\t\t<img fetchpriority=\"high\" decoding=\"async\" width=\"768\" height=\"499\" src=\"https:\/\/voxtours.com\/wp-content\/uploads\/2024\/09\/how-login-768x499-1.jpg\" class=\"attachment-full size-full wp-image-4062\" alt=\"\" srcset=\"https:\/\/voxtours.com\/wp-content\/uploads\/2024\/09\/how-login-768x499-1.jpg 768w, https:\/\/voxtours.com\/wp-content\/uploads\/2024\/09\/how-login-768x499-1-300x195.jpg 300w\" sizes=\"(max-width: 768px) 100vw, 768px\" \/>\t\t\t\t\t\t\t\t\t\t\t\t\t\t\t<\/div>\n\t\t\t\t<\/div>\n\t\t\t\t<\/div>\n\t\t<div class=\"elementor-element elementor-element-b0623db e-con-full e-flex e-con e-child\" data-id=\"b0623db\" data-element_type=\"container\" id=\"dltmstk\">\n\t\t\t\t<div class=\"elementor-element elementor-element-8ae781b elementor-widget elementor-widget-heading\" data-id=\"8ae781b\" data-element_type=\"widget\" data-widget_type=\"heading.default\">\n\t\t\t\t<div class=\"elementor-widget-container\">\n\t\t\t\t\t<h2 class=\"elementor-heading-title elementor-size-default\">\u00bfC\u00f3mo puedo descargar mis contenidos?\n<\/h2>\t\t\t\t<\/div>\n\t\t\t\t<\/div>\n\t\t\t\t<div class=\"elementor-element elementor-element-063e6a7 elementor-widget elementor-widget-text-editor\" data-id=\"063e6a7\" data-element_type=\"widget\" data-widget_type=\"text-editor.default\">\n\t\t\t\t<div class=\"elementor-widget-container\">\n\t\t\t\t\t\t\t\t\tUna vez que inicies sesi\u00f3n en la aplicaci\u00f3n, podr\u00e1s descargar el contenido que has comprado. Haz clic en el cuadro del mapa y, a continuaci\u00f3n, selecciona uno de los idiomas disponibles. Puedes elegir descargar el contenido en modo completo o ligero. El modo completo te permitir\u00e1 utilizar la aplicaci\u00f3n completamente sin conexi\u00f3n, mientras que el modo ligero requerir\u00e1 una conexi\u00f3n a Internet durante toda tu visita.   \n\t\t\t\t\t\t\t\t<\/div>\n\t\t\t\t<\/div>\n\t\t\t\t<div class=\"elementor-element elementor-element-8478ca1 elementor-widget elementor-widget-image\" data-id=\"8478ca1\" data-element_type=\"widget\" data-widget_type=\"image.default\">\n\t\t\t\t<div class=\"elementor-widget-container\">\n\t\t\t\t\t\t\t\t\t\t\t\t\t\t\t<img decoding=\"async\" width=\"768\" height=\"499\" src=\"https:\/\/voxtours.com\/wp-content\/uploads\/2024\/09\/donwload-contents-768x499-1.jpg\" class=\"attachment-full size-full wp-image-4066\" alt=\"\" srcset=\"https:\/\/voxtours.com\/wp-content\/uploads\/2024\/09\/donwload-contents-768x499-1.jpg 768w, https:\/\/voxtours.com\/wp-content\/uploads\/2024\/09\/donwload-contents-768x499-1-300x195.jpg 300w\" sizes=\"(max-width: 768px) 100vw, 768px\" \/>\t\t\t\t\t\t\t\t\t\t\t\t\t\t\t<\/div>\n\t\t\t\t<\/div>\n\t\t\t\t<\/div>\n\t\t<div class=\"elementor-element elementor-element-b76988d e-con-full e-flex e-con e-child\" data-id=\"b76988d\" data-element_type=\"container\">\n\t\t\t\t<div class=\"elementor-element elementor-element-a915d63 elementor-widget elementor-widget-heading\" data-id=\"a915d63\" data-element_type=\"widget\" id=\"lang\" data-widget_type=\"heading.default\">\n\t\t\t\t<div class=\"elementor-widget-container\">\n\t\t\t\t\t<h2 class=\"elementor-heading-title elementor-size-default\">\u00bfC\u00f3mo cambio el idioma de mis contenidos?<\/h2>\t\t\t\t<\/div>\n\t\t\t\t<\/div>\n\t\t\t\t<div class=\"elementor-element elementor-element-c2699db elementor-widget elementor-widget-text-editor\" data-id=\"c2699db\" data-element_type=\"widget\" data-widget_type=\"text-editor.default\">\n\t\t\t\t<div class=\"elementor-widget-container\">\n\t\t\t\t\t\t\t\t\tSi has seleccionado el idioma equivocado por error, puedes cambiarlo en la configuraci\u00f3n. Vuelve a la p\u00e1gina \u201cMis mapas\u201d y, a continuaci\u00f3n, haz clic en tu perfil en el men\u00fa de la esquina superior derecha. Haz clic en el icono de eliminar junto al mapa que deseas volver a descargar. Ahora vuelve a \u201cMis mapas\u201d y descarga el mapa en el idioma que hayas elegido.   \n\t\t\t\t\t\t\t\t<\/div>\n\t\t\t\t<\/div>\n\t\t\t\t<div class=\"elementor-element elementor-element-e337131 elementor-widget elementor-widget-image\" data-id=\"e337131\" data-element_type=\"widget\" data-widget_type=\"image.default\">\n\t\t\t\t<div class=\"elementor-widget-container\">\n\t\t\t\t\t\t\t\t\t\t\t\t\t\t\t<img decoding=\"async\" width=\"768\" height=\"499\" src=\"https:\/\/voxtours.com\/wp-content\/uploads\/2024\/09\/change-language-768x499-1.jpg\" class=\"attachment-full size-full wp-image-4070\" alt=\"\" srcset=\"https:\/\/voxtours.com\/wp-content\/uploads\/2024\/09\/change-language-768x499-1.jpg 768w, https:\/\/voxtours.com\/wp-content\/uploads\/2024\/09\/change-language-768x499-1-300x195.jpg 300w\" sizes=\"(max-width: 768px) 100vw, 768px\" \/>\t\t\t\t\t\t\t\t\t\t\t\t\t\t\t<\/div>\n\t\t\t\t<\/div>\n\t\t\t\t<\/div>\n\t\t<div class=\"elementor-element elementor-element-3c2839e e-con-full e-flex e-con e-child\" data-id=\"3c2839e\" data-element_type=\"container\" id=\"mistake\">\n\t\t\t\t<div class=\"elementor-element elementor-element-ef43910 elementor-widget elementor-widget-heading\" data-id=\"ef43910\" data-element_type=\"widget\" data-widget_type=\"heading.default\">\n\t\t\t\t<div class=\"elementor-widget-container\">\n\t\t\t\t\t<h2 class=\"elementor-heading-title elementor-size-default\">He borrado la aplicaci\u00f3n por error\n<\/h2>\t\t\t\t<\/div>\n\t\t\t\t<\/div>\n\t\t\t\t<div class=\"elementor-element elementor-element-4f701d3 elementor-widget elementor-widget-text-editor\" data-id=\"4f701d3\" data-element_type=\"widget\" data-widget_type=\"text-editor.default\">\n\t\t\t\t<div class=\"elementor-widget-container\">\n\t\t\t\t\t\t\t\t\tTen en cuenta que tus credenciales de inicio de sesi\u00f3n solo se pueden utilizar una vez en el dispositivo que hayas elegido. Si has borrado la aplicaci\u00f3n por error, ponte en contacto con el servicio de atenci\u00f3n al cliente del socio que te vendi\u00f3 la experiencia de audio y te generar\u00e1n un nuevo inicio de sesi\u00f3n. \n\t\t\t\t\t\t\t\t<\/div>\n\t\t\t\t<\/div>\n\t\t\t\t<div class=\"elementor-element elementor-element-e695828 elementor-widget elementor-widget-image\" data-id=\"e695828\" data-element_type=\"widget\" data-widget_type=\"image.default\">\n\t\t\t\t<div class=\"elementor-widget-container\">\n\t\t\t\t\t\t\t\t\t\t\t\t\t\t\t<img loading=\"lazy\" decoding=\"async\" width=\"768\" height=\"499\" src=\"https:\/\/voxtours.com\/wp-content\/uploads\/2024\/09\/delete-app-768x499-1.jpg\" class=\"attachment-full size-full wp-image-4074\" alt=\"\" srcset=\"https:\/\/voxtours.com\/wp-content\/uploads\/2024\/09\/delete-app-768x499-1.jpg 768w, https:\/\/voxtours.com\/wp-content\/uploads\/2024\/09\/delete-app-768x499-1-300x195.jpg 300w\" sizes=\"(max-width: 768px) 100vw, 768px\" \/>\t\t\t\t\t\t\t\t\t\t\t\t\t\t\t<\/div>\n\t\t\t\t<\/div>\n\t\t\t\t<\/div>\n\t\t<div class=\"elementor-element elementor-element-815f8a9 e-con-full e-flex e-con e-child\" data-id=\"815f8a9\" data-element_type=\"container\" id=\"slfgt\">\n\t\t\t\t<div class=\"elementor-element elementor-element-7a3e83d elementor-widget elementor-widget-heading\" data-id=\"7a3e83d\" data-element_type=\"widget\" data-widget_type=\"heading.default\">\n\t\t\t\t<div class=\"elementor-widget-container\">\n\t\t\t\t\t<h2 class=\"elementor-heading-title elementor-size-default\">\u00bfC\u00f3mo veo las visitas autoguiadas?\n<\/h2>\t\t\t\t<\/div>\n\t\t\t\t<\/div>\n\t\t\t\t<div class=\"elementor-element elementor-element-7cf6570 elementor-widget elementor-widget-text-editor\" data-id=\"7cf6570\" data-element_type=\"widget\" data-widget_type=\"text-editor.default\">\n\t\t\t\t<div class=\"elementor-widget-container\">\n\t\t\t\t\t\t\t\t\tSi has comprado una experiencia en la ciudad, hemos incluido algunas visitas autoguiadas sugeridas para ayudarte a descubrir lo mejor que la ciudad tiene para ofrecer. Puedes encontrarlas haciendo clic en el segundo icono (rutas) del men\u00fa inferior. All\u00ed ver\u00e1s todas las visitas sugeridas disponibles. Solo tienes que seleccionar la que m\u00e1s te guste.   \n\t\t\t\t\t\t\t\t<\/div>\n\t\t\t\t<\/div>\n\t\t\t\t<div class=\"elementor-element elementor-element-cc7e1b9 elementor-widget elementor-widget-image\" data-id=\"cc7e1b9\" data-element_type=\"widget\" data-widget_type=\"image.default\">\n\t\t\t\t<div class=\"elementor-widget-container\">\n\t\t\t\t\t\t\t\t\t\t\t\t\t\t\t<img loading=\"lazy\" decoding=\"async\" width=\"768\" height=\"499\" src=\"https:\/\/voxtours.com\/wp-content\/uploads\/2024\/09\/see-self-guided-tours-768x499-1.jpg\" class=\"attachment-full size-full wp-image-4078\" alt=\"\" srcset=\"https:\/\/voxtours.com\/wp-content\/uploads\/2024\/09\/see-self-guided-tours-768x499-1.jpg 768w, https:\/\/voxtours.com\/wp-content\/uploads\/2024\/09\/see-self-guided-tours-768x499-1-300x195.jpg 300w\" sizes=\"(max-width: 768px) 100vw, 768px\" \/>\t\t\t\t\t\t\t\t\t\t\t\t\t\t\t<\/div>\n\t\t\t\t<\/div>\n\t\t\t\t<\/div>\n\t\t<div class=\"elementor-element elementor-element-ff52040 e-con-full e-flex e-con e-child\" data-id=\"ff52040\" data-element_type=\"container\" id=\"purchase\">\n\t\t\t\t<div class=\"elementor-element elementor-element-d5b3524 elementor-widget elementor-widget-heading\" data-id=\"d5b3524\" data-element_type=\"widget\" data-widget_type=\"heading.default\">\n\t\t\t\t<div class=\"elementor-widget-container\">\n\t\t\t\t\t<h2 class=\"elementor-heading-title elementor-size-default\">He comprado dos o m\u00e1s experiencias de audio. \u00bfD\u00f3nde puedo ver todas mis experiencias de audio disponibles? \n<\/h2>\t\t\t\t<\/div>\n\t\t\t\t<\/div>\n\t\t\t\t<div class=\"elementor-element elementor-element-dcc941e elementor-widget elementor-widget-text-editor\" data-id=\"dcc941e\" data-element_type=\"widget\" data-widget_type=\"text-editor.default\">\n\t\t\t\t<div class=\"elementor-widget-container\">\n\t\t\t\t\t\t\t\t\tSi has comprado dos o m\u00e1s experiencias de audio, puedes verlas f\u00e1cilmente en la p\u00e1gina \u201cCuenta\u201d. Para encontrarla, vuelve a la p\u00e1gina \u201cMis mapas\u201d y haz clic en tu perfil en la esquina superior derecha. Haz clic en el icono \u201ccambiar\u201d junto a la experiencia de audio que deseas utilizar. Ahora, vuelve a \u201cMis mapas\u201d y \u00a1disfruta de tu visita!   \n\n\t\t\t\t\t\t\t\t<\/div>\n\t\t\t\t<\/div>\n\t\t\t\t<div class=\"elementor-element elementor-element-5023bcb elementor-widget elementor-widget-image\" data-id=\"5023bcb\" data-element_type=\"widget\" data-widget_type=\"image.default\">\n\t\t\t\t<div class=\"elementor-widget-container\">\n\t\t\t\t\t\t\t\t\t\t\t\t\t\t\t<img loading=\"lazy\" decoding=\"async\" width=\"768\" height=\"499\" src=\"https:\/\/voxtours.com\/wp-content\/uploads\/2024\/09\/see-audio-experiences-768x499-1.jpg\" class=\"attachment-full size-full wp-image-4082\" alt=\"\" srcset=\"https:\/\/voxtours.com\/wp-content\/uploads\/2024\/09\/see-audio-experiences-768x499-1.jpg 768w, https:\/\/voxtours.com\/wp-content\/uploads\/2024\/09\/see-audio-experiences-768x499-1-300x195.jpg 300w\" sizes=\"(max-width: 768px) 100vw, 768px\" \/>\t\t\t\t\t\t\t\t\t\t\t\t\t\t\t<\/div>\n\t\t\t\t<\/div>\n\t\t\t\t<\/div>\n\t\t\t\t\t<\/div>\n\t\t\t\t<\/div>\n\t\t\t\t<\/div>\n\t\t","protected":false},"excerpt":{"rendered":"<p>Preguntas frecuentes de la gu\u00eda POP \u00bfC\u00f3mo puedo iniciar sesi\u00f3n? | \u00bfC\u00f3mo puedo descargar mis contenidos? | \u00bfC\u00f3mo cambio el idioma de mis contenidos? | He borrado la aplicaci\u00f3n por error | \u00bfC\u00f3mo veo las visitas autoguiadas? | He comprado dos o m\u00e1s experiencias de audio. \u00bfD\u00f3nde puedo ver todas mis experiencias de audio disponibles?&#8230;<\/p>\n","protected":false},"author":18,"featured_media":0,"parent":0,"menu_order":0,"comment_status":"closed","ping_status":"closed","template":"","meta":{"footnotes":""},"class_list":["post-5742","page","type-page","status-publish","hentry"],"acf":[],"_links":{"self":[{"href":"https:\/\/voxtours.com\/es\/wp-json\/wp\/v2\/pages\/5742","targetHints":{"allow":["GET"]}}],"collection":[{"href":"https:\/\/voxtours.com\/es\/wp-json\/wp\/v2\/pages"}],"about":[{"href":"https:\/\/voxtours.com\/es\/wp-json\/wp\/v2\/types\/page"}],"author":[{"embeddable":true,"href":"https:\/\/voxtours.com\/es\/wp-json\/wp\/v2\/users\/18"}],"replies":[{"embeddable":true,"href":"https:\/\/voxtours.com\/es\/wp-json\/wp\/v2\/comments?post=5742"}],"version-history":[{"count":0,"href":"https:\/\/voxtours.com\/es\/wp-json\/wp\/v2\/pages\/5742\/revisions"}],"wp:attachment":[{"href":"https:\/\/voxtours.com\/es\/wp-json\/wp\/v2\/media?parent=5742"}],"curies":[{"name":"wp","href":"https:\/\/api.w.org\/{rel}","templated":true}]}}