{"id":5733,"date":"2024-07-23T13:48:53","date_gmt":"2024-07-23T13:48:53","guid":{"rendered":"https:\/\/voxtours.com\/seminarios-web-de-charlas-tecnicas\/"},"modified":"2025-07-09T16:59:27","modified_gmt":"2025-07-09T16:59:27","slug":"seminarios-web-de-charlas-tecnicas","status":"publish","type":"page","link":"https:\/\/voxtours.com\/es\/seminarios-web-de-charlas-tecnicas\/","title":{"rendered":"Seminarios web de charlas t\u00e9cnicas"},"content":{"rendered":"\t\t<div data-elementor-type=\"wp-page\" data-elementor-id=\"5733\" class=\"elementor elementor-5733 elementor-269\" data-elementor-post-type=\"page\">\n\t\t\t\t<div class=\"elementor-element elementor-element-7987d006 inner-ban-sec e-flex e-con-boxed e-con e-parent\" data-id=\"7987d006\" data-element_type=\"container\" data-settings=\"{&quot;background_background&quot;:&quot;classic&quot;}\">\n\t\t\t\t\t<div class=\"e-con-inner\">\n\t\t<div class=\"elementor-element elementor-element-7789fe46 e-con-full e-flex e-con e-child\" data-id=\"7789fe46\" data-element_type=\"container\">\n\t\t\t\t<div class=\"elementor-element elementor-element-3d515b5f elementor-widget__width-initial elementor-widget elementor-widget-heading\" data-id=\"3d515b5f\" data-element_type=\"widget\" data-widget_type=\"heading.default\">\n\t\t\t\t<div class=\"elementor-widget-container\">\n\t\t\t\t\t<h1 class=\"elementor-heading-title elementor-size-default\">Vox: seminarios web de charlas t\u00e9cnicas<\/h1>\t\t\t\t<\/div>\n\t\t\t\t<\/div>\n\t\t\t\t<\/div>\n\t\t\t\t\t<\/div>\n\t\t\t\t<\/div>\n\t\t<div class=\"elementor-element elementor-element-dfb35e4 e-flex e-con-boxed e-con e-parent\" data-id=\"dfb35e4\" data-element_type=\"container\">\n\t\t\t\t\t<div class=\"e-con-inner\">\n\t\t<div class=\"elementor-element elementor-element-f245546 e-con-full e-flex e-con e-child\" data-id=\"f245546\" data-element_type=\"container\">\n\t\t\t\t<div class=\"elementor-element elementor-element-353160f elementor-widget elementor-widget-heading\" data-id=\"353160f\" data-element_type=\"widget\" data-widget_type=\"heading.default\">\n\t\t\t\t<div class=\"elementor-widget-container\">\n\t\t\t\t\t<h2 class=\"elementor-heading-title elementor-size-default\">\u00danase a nosotros en un viaje de descubrimiento a trav\u00e9s de lo \u00faltimo en soluciones de gu\u00eda, tecnolog\u00eda autoguiada y servicios de viajes innovadores<\/h2>\t\t\t\t<\/div>\n\t\t\t\t<\/div>\n\t\t\t\t<div class=\"elementor-element elementor-element-803ef9c elementor-widget elementor-widget-heading\" data-id=\"803ef9c\" data-element_type=\"widget\" data-widget_type=\"heading.default\">\n\t\t\t\t<div class=\"elementor-widget-container\">\n\t\t\t\t\t<h2 class=\"elementor-heading-title elementor-size-default\">Haga clic abajo para ver<\/h2>\t\t\t\t<\/div>\n\t\t\t\t<\/div>\n\t\t\t\t<div class=\"elementor-element elementor-element-ca7442e elementor-widget__width-initial elementor-widget elementor-widget-heading\" data-id=\"ca7442e\" data-element_type=\"widget\" data-widget_type=\"heading.default\">\n\t\t\t\t<div class=\"elementor-widget-container\">\n\t\t\t\t\t<h2 class=\"elementor-heading-title elementor-size-default\">Revelando el pr\u00f3ximo horizonte en tecnolog\u00eda de viajes<\/h2>\t\t\t\t<\/div>\n\t\t\t\t<\/div>\n\t\t\t\t<div class=\"elementor-element elementor-element-e361d84 elementor-widget-mobile__width-initial elementor-widget elementor-widget-text-editor\" data-id=\"e361d84\" data-element_type=\"widget\" data-widget_type=\"text-editor.default\">\n\t\t\t\t<div class=\"elementor-widget-container\">\n\t\t\t\t\t\t\t\t\t<p style=\"text-align: left;\">Dise\u00f1ada para l\u00edderes y visionarios de la industria, esta serie ha sido una fusi\u00f3n de educaci\u00f3n, colaboraci\u00f3n y conocimiento, revelando el esp\u00edritu pionero de productos y servicios que est\u00e1n impulsando la industria de viajes en la nueva din\u00e1mica actual. <span style=\"font-style: var(--font-style,normal); letter-spacing: var(--letter-spacing,0); text-transform: var(--text-transform,none);\">Nuestros paneles de expertos profundizaron en una amplia gama de temas candentes y estrategias tecnol\u00f3gicas, proporcionando informaci\u00f3n y perspectivas invaluables sobre las implicaciones de las tecnolog\u00edas emergentes y los enfoques innovadores que mejorar\u00e1n las experiencias de los viajeros. <\/span><span style=\"font-style: var(--font-style,normal); letter-spacing: var(--letter-spacing,0); text-transform: var(--text-transform,none);\">Nuestra incre\u00edble selecci\u00f3n de oradores ofreci\u00f3 debates estimulantes que no se puede perder. \u00a1Haga clic abajo para ver las grabaciones de v\u00eddeo!<\/span><\/p>\t\t\t\t\t\t\t\t<\/div>\n\t\t\t\t<\/div>\n\t\t\t\t<div class=\"elementor-element elementor-element-372faba wbnr_ul_list elementor-widget elementor-widget-text-editor\" data-id=\"372faba\" data-element_type=\"widget\" data-widget_type=\"text-editor.default\">\n\t\t\t\t<div class=\"elementor-widget-container\">\n\t\t\t\t\t\t\t\t\t<p><span style=\"color: #800080;\">\u21d2 Adaptaci\u00f3n al viajero 2.0: Una inmersi\u00f3n profunda en las tecnolog\u00edas complementarias<\/span> \u2013<a class=\"c-link\" href=\"https:\/\/youtu.be\/A-MXEeiFvqI?feature=shared\" target=\"_blank\" rel=\"noopener noreferrer nofollow\" data-stringify-link=\"https:\/\/youtu.be\/A-MXEeiFvqI?feature=shared\" data-sk=\"tooltip_parent\">\u00a1Ver el v\u00eddeo ahora!<\/a><\/p><p><span style=\"color: #800080;\">\u21d2 La evoluci\u00f3n de los viajes en grupo: Cerrando la brecha generacional<\/span> \u2013<a class=\"c-link\" href=\"https:\/\/www.youtube.com\/watch?v=yAbrGEM-LpU\" target=\"_blank\" rel=\"noopener noreferrer nofollow\" data-stringify-link=\"https:\/\/www.youtube.com\/watch?v=yAbrGEM-LpU\" data-sk=\"tooltip_parent\">\u00a1Ver el v\u00eddeo ahora!<\/a><\/p><p><span style=\"color: #800080;\">\u21d2 El auge de los viajes FIT: Personalizaci\u00f3n e independencia<\/span> &#8211; <a class=\"c-link\" href=\"https:\/\/youtu.be\/eonfu_H_pnM?feature=shared\" target=\"_blank\" rel=\"noopener noreferrer nofollow\" data-stringify-link=\"https:\/\/youtu.be\/eonfu_H_pnM?feature=shared\" data-sk=\"tooltip_parent\">\u00a1Ver el v\u00eddeo ahora!<\/a><\/p><p><span style=\"color: #800080;\">\u21d2 Integraci\u00f3n de MaaS con la gesti\u00f3n de destinos tradicional para un marketing urbano preparado para el futuro<\/span> \u2013 <a class=\"c-link\" href=\"https:\/\/youtu.be\/MwmEVVM0b9U?feature=shared\" target=\"_blank\" rel=\"noopener noreferrer nofollow\" data-stringify-link=\"https:\/\/youtu.be\/MwmEVVM0b9U?feature=shared\" data-sk=\"tooltip_parent\">\u00a1Ver el v\u00eddeo ahora!<\/a><\/p><p><span style=\"color: #800080;\">\u21d2 Desbloqueo de datos en el destino: Una nueva frontera para los operadores<\/span> \u2013 <a href=\"https:\/\/youtu.be\/gEbsC8va3Ts?feature=shared\" rel=\"nofollow noopener\" target=\"_blank\">\u00a1Ver el v\u00eddeo ahora!<\/a><\/p><p><span style=\"color: #800080;\">\u21d2 Mejora de las experiencias de viaje de principio a fin a trav\u00e9s de la tecnolog\u00eda \u2013<\/span> <a href=\"https:\/\/attendee.gotowebinar.com\/recording\/5536139346423936605\" rel=\"nofollow noopener\" target=\"_blank\"><span style=\"color: #ff0000;\"><span style=\"color: #3366ff;\">\u00a1Ver el v\u00eddeo ahora!<\/span><\/span><\/a><\/p>\t\t\t\t\t\t\t\t<\/div>\n\t\t\t\t<\/div>\n\t\t\t\t<\/div>\n\t\t\t\t\t<\/div>\n\t\t\t\t<\/div>\n\t\t\t\t<\/div>\n\t\t","protected":false},"excerpt":{"rendered":"<p>Vox: seminarios web de charlas t\u00e9cnicas \u00danase a nosotros en un viaje de descubrimiento a trav\u00e9s de lo \u00faltimo en soluciones de gu\u00eda, tecnolog\u00eda autoguiada y servicios de viajes innovadores Haga clic abajo para ver Revelando el pr\u00f3ximo horizonte en tecnolog\u00eda de viajes Dise\u00f1ada para l\u00edderes y visionarios de la industria, esta serie ha sido&#8230;<\/p>\n","protected":false},"author":18,"featured_media":3034,"parent":0,"menu_order":0,"comment_status":"closed","ping_status":"closed","template":"","meta":{"footnotes":""},"class_list":["post-5733","page","type-page","status-publish","has-post-thumbnail","hentry"],"acf":[],"_links":{"self":[{"href":"https:\/\/voxtours.com\/es\/wp-json\/wp\/v2\/pages\/5733","targetHints":{"allow":["GET"]}}],"collection":[{"href":"https:\/\/voxtours.com\/es\/wp-json\/wp\/v2\/pages"}],"about":[{"href":"https:\/\/voxtours.com\/es\/wp-json\/wp\/v2\/types\/page"}],"author":[{"embeddable":true,"href":"https:\/\/voxtours.com\/es\/wp-json\/wp\/v2\/users\/18"}],"replies":[{"embeddable":true,"href":"https:\/\/voxtours.com\/es\/wp-json\/wp\/v2\/comments?post=5733"}],"version-history":[{"count":0,"href":"https:\/\/voxtours.com\/es\/wp-json\/wp\/v2\/pages\/5733\/revisions"}],"wp:featuredmedia":[{"embeddable":true,"href":"https:\/\/voxtours.com\/es\/wp-json\/wp\/v2\/media\/3034"}],"wp:attachment":[{"href":"https:\/\/voxtours.com\/es\/wp-json\/wp\/v2\/media?parent=5733"}],"curies":[{"name":"wp","href":"https:\/\/api.w.org\/{rel}","templated":true}]}}