{"id":5731,"date":"2024-10-10T10:19:07","date_gmt":"2024-10-10T10:19:07","guid":{"rendered":"https:\/\/voxtours.com\/terminos-y-condiciones-del-servicio-de-sistema-de-audioguia-irlanda\/"},"modified":"2025-07-09T16:59:22","modified_gmt":"2025-07-09T16:59:22","slug":"terminos-y-condiciones-del-servicio-de-sistema-de-audioguia-irlanda","status":"publish","type":"page","link":"https:\/\/voxtours.com\/es\/terminos-y-condiciones-del-servicio-de-sistema-de-audioguia-irlanda\/","title":{"rendered":"T\u00e9rminos y condiciones del servicio de sistema de audiogu\u00eda IRLANDA"},"content":{"rendered":"\t\t<div data-elementor-type=\"wp-page\" data-elementor-id=\"5731\" class=\"elementor elementor-5731 elementor-1288\" data-elementor-post-type=\"page\">\n\t\t\t\t<div class=\"elementor-element elementor-element-5b2e51ac inner-ban-sec e-flex e-con-boxed e-con e-parent\" data-id=\"5b2e51ac\" data-element_type=\"container\" data-settings=\"{&quot;background_background&quot;:&quot;gradient&quot;}\">\n\t\t\t\t\t<div class=\"e-con-inner\">\n\t\t<div class=\"elementor-element elementor-element-3e003222 e-con-full e-flex e-con e-child\" data-id=\"3e003222\" data-element_type=\"container\">\n\t\t\t\t<div class=\"elementor-element elementor-element-53a85847 elementor-widget__width-initial elementor-widget elementor-widget-heading\" data-id=\"53a85847\" data-element_type=\"widget\" data-widget_type=\"heading.default\">\n\t\t\t\t<div class=\"elementor-widget-container\">\n\t\t\t\t\t<h2 class=\"elementor-heading-title elementor-size-default\">T\u00e9rminos y condiciones del servicio de sistema de audiogu\u00eda IRLANDA<\/h2>\t\t\t\t<\/div>\n\t\t\t\t<\/div>\n\t\t\t\t<\/div>\n\t\t\t\t\t<\/div>\n\t\t\t\t<\/div>\n\t\t<div class=\"elementor-element elementor-element-6e1d3fe e-flex e-con-boxed e-con e-parent\" data-id=\"6e1d3fe\" data-element_type=\"container\">\n\t\t\t\t\t<div class=\"e-con-inner\">\n\t\t<div class=\"elementor-element elementor-element-049b5d8 e-con-full e-flex e-con e-child\" data-id=\"049b5d8\" data-element_type=\"container\">\n\t\t\t\t<div class=\"elementor-element elementor-element-248f85d elementor-widget elementor-widget-heading\" data-id=\"248f85d\" data-element_type=\"widget\" data-widget_type=\"heading.default\">\n\t\t\t\t<div class=\"elementor-widget-container\">\n\t\t\t\t\t<h2 class=\"elementor-heading-title elementor-size-default\">\u00bfQu\u00e9 incluyen sus tarifas?<\/h2>\t\t\t\t<\/div>\n\t\t\t\t<\/div>\n\t\t\t\t<\/div>\n\t\t\t\t<div class=\"elementor-element elementor-element-e65e174 elementor-widget elementor-widget-text-editor\" data-id=\"e65e174\" data-element_type=\"widget\" data-widget_type=\"text-editor.default\">\n\t\t\t\t<div class=\"elementor-widget-container\">\n\t\t\t\t\t\t\t\t\t<h2><strong>\u00bfQu\u00e9 incluyen sus tarifas?<\/strong><\/h2><p>\u2714 Entrega y recogida*<br>\u2714 Unidades de receptor seg\u00fan lo especificado<br>\u2714 Unidad de transmisor para el gu\u00eda<br>\u2714 Auriculares est\u00e1ndar<br>\u2714 5 auriculares AM1 para personas con problemas de audici\u00f3n<br>\u2714 Equipo de repuesto (1 transmisor\/5 receptores\/10 auriculares desechables\/pilas alcalinas)<br>\u2714 Manual de instrucciones<\/p><p><em>*Para las islas y ubicaciones consideradas remotas por las empresas de mensajer\u00eda, habr\u00e1 un cargo adicional de <\/em>\u20ac<em>100,00<\/em><\/p><p>Las solicitudes adicionales o especiales pueden estar sujetas a un aumento en el costo del alquiler.<br>Para cualquier requisito especial, puede contactarnos en: <strong>ireland@vox.network<\/strong><\/p><h2><strong>Pol\u00edtica de cancelaci\u00f3n<\/strong><\/h2><ul><li>Sin cargos por cancelaci\u00f3n hasta 6 d\u00edas h\u00e1biles antes del servicio<\/li><li>Hasta 5 d\u00edas antes del servicio, se incurre en gastos de env\u00edo de 80,00 \u20ac<\/li><li>Hasta 4 \u2013 0 d\u00edas se incurre en cargos completos<\/li><\/ul><h2><strong>Responsabilidad<\/strong><\/h2><p>Cualquier da\u00f1o y\/o p\u00e9rdida de equipo est\u00e1 sujeto a las siguientes sanciones:<\/p><ul><li>Da\u00f1o \/ p\u00e9rdida del receptor: 50,00 \u20ac por unidad<\/li><li>Da\u00f1o \/ p\u00e9rdida del transmisor: 100,00 \u20ac por unidad<\/li><\/ul>\t\t\t\t\t\t\t\t<\/div>\n\t\t\t\t<\/div>\n\t\t\t\t<div class=\"elementor-element elementor-element-dd24ae6 elementor-widget elementor-widget-image\" data-id=\"dd24ae6\" data-element_type=\"widget\" data-widget_type=\"image.default\">\n\t\t\t\t<div class=\"elementor-widget-container\">\n\t\t\t\t\t\t\t\t\t\t\t\t\t\t\t<img fetchpriority=\"high\" decoding=\"async\" width=\"1024\" height=\"280\" src=\"https:\/\/voxtours.com\/wp-content\/uploads\/2024\/09\/terms-condition-products.jpg\" class=\"attachment-full size-full wp-image-4042\" alt=\"\" srcset=\"https:\/\/voxtours.com\/wp-content\/uploads\/2024\/09\/terms-condition-products.jpg 1024w, https:\/\/voxtours.com\/wp-content\/uploads\/2024\/09\/terms-condition-products-300x82.jpg 300w\" sizes=\"(max-width: 1024px) 100vw, 1024px\" \/>\t\t\t\t\t\t\t\t\t\t\t\t\t\t\t<\/div>\n\t\t\t\t<\/div>\n\t\t\t\t<div class=\"elementor-element elementor-element-3cb040e elementor-widget elementor-widget-text-editor\" data-id=\"3cb040e\" data-element_type=\"widget\" data-widget_type=\"text-editor.default\">\n\t\t\t\t<div class=\"elementor-widget-container\">\n\t\t\t\t\t\t\t\t\t<h2><strong>Cosas que hacer antes del tour:<\/strong><\/h2><ul><li>Reserve al menos 5 d\u00edas h\u00e1biles antes de la fecha de inicio del tour, enviando a Vox el formulario de reserva completo.<\/li><li>Aseg\u00farese de anotar su c\u00f3digo de tour y los contactos del Director del Tour.<\/li><li>Indique en la nota el nombre de la empresa con la que reserv\u00f3 el hotel (marcaremos ese nombre como referencia en la caja).<\/li><li>Advierta a los hoteles\/compa\u00f1\u00eda de autocares, etc. que recibir\u00e1n una caja para su Director del Tour de Vox.<\/li><li>Una vez que llegue, si el conserje informa que no tiene ninguna caja de Vox para su tour, p\u00eddales que verifiquen nuevamente si hay una caja envuelta en una bolsa de pl\u00e1stico roja de Vox.<\/li><li>Una vez que recoja la caja, verifique que las referencias en la etiqueta correspondan a su grupo espec\u00edfico para evitar cualquier confusi\u00f3n de entregas (muchas veces tenemos varios grupos en el mismo hotel).<\/li><li>Finalmente, revise cuidadosamente el equipo dentro de la caja. Si identifica alg\u00fan problema, p\u00f3ngase en contacto con Vox inmediatamente en nuestro n\u00famero de tel\u00e9fono de Operaciones (disponible las 24 horas del d\u00eda, los 7 d\u00edas de la semana) para resolver el problema: <\/li><\/ul><p><em>llame al: +353 (87) 4066144 | correo electr\u00f3nico: ireland@vox.network<\/em><\/p><h2><strong>Operaci\u00f3n de servicios de alquiler<\/strong><\/h2>\t\t\t\t\t\t\t\t<\/div>\n\t\t\t\t<\/div>\n\t\t\t\t<div class=\"elementor-element elementor-element-9b03a82 elementor-widget elementor-widget-image\" data-id=\"9b03a82\" data-element_type=\"widget\" data-widget_type=\"image.default\">\n\t\t\t\t<div class=\"elementor-widget-container\">\n\t\t\t\t\t\t\t\t\t\t\t\t\t\t\t<img decoding=\"async\" width=\"1024\" height=\"450\" src=\"https:\/\/voxtours.com\/wp-content\/uploads\/2024\/09\/operation-of-rental-service.jpg\" class=\"attachment-full size-full wp-image-4046\" alt=\"\" srcset=\"https:\/\/voxtours.com\/wp-content\/uploads\/2024\/09\/operation-of-rental-service.jpg 1024w, https:\/\/voxtours.com\/wp-content\/uploads\/2024\/09\/operation-of-rental-service-300x132.jpg 300w\" sizes=\"(max-width: 1024px) 100vw, 1024px\" \/>\t\t\t\t\t\t\t\t\t\t\t\t\t\t\t<\/div>\n\t\t\t\t<\/div>\n\t\t\t\t<div class=\"elementor-element elementor-element-b47c658 elementor-widget elementor-widget-image\" data-id=\"b47c658\" data-element_type=\"widget\" data-widget_type=\"image.default\">\n\t\t\t\t<div class=\"elementor-widget-container\">\n\t\t\t\t\t\t\t\t\t\t\t\t\t\t\t<img decoding=\"async\" width=\"768\" height=\"210\" src=\"https:\/\/voxtours.com\/wp-content\/uploads\/2024\/09\/Vox-sustainable-future-768x210-1.jpg\" class=\"attachment-full size-full wp-image-4050\" alt=\"\" srcset=\"https:\/\/voxtours.com\/wp-content\/uploads\/2024\/09\/Vox-sustainable-future-768x210-1.jpg 768w, https:\/\/voxtours.com\/wp-content\/uploads\/2024\/09\/Vox-sustainable-future-768x210-1-300x82.jpg 300w\" sizes=\"(max-width: 768px) 100vw, 768px\" \/>\t\t\t\t\t\t\t\t\t\t\t\t\t\t\t<\/div>\n\t\t\t\t<\/div>\n\t\t\t\t<div class=\"elementor-element elementor-element-81b61cc elementor-widget elementor-widget-text-editor\" data-id=\"81b61cc\" data-element_type=\"widget\" data-widget_type=\"text-editor.default\">\n\t\t\t\t<div class=\"elementor-widget-container\">\n\t\t\t\t\t\t\t\t\t<p>En Vox nos esforzamos constantemente por hacer que nuestras operaciones sean lo m\u00e1s sostenibles posible. Ya nos enfocamos fuertemente en asegurarnos de que nuestras bater\u00edas y auriculares nos sean devueltos en bolsas dedicadas para que podamos reciclarlos correctamente y estamos aumentando nuestro uso de cajas de cart\u00f3n reciclables en nuestra log\u00edstica.<br>Por favor, ay\u00fadenos a ayudar a\u00fan m\u00e1s al medio ambiente animando a sus hu\u00e9spedes a utilizar sus auriculares personales con nuestros sistemas de audiogu\u00eda. <\/p><p><strong><em>Gracias por su apoyo<\/em><\/strong><\/p>\t\t\t\t\t\t\t\t<\/div>\n\t\t\t\t<\/div>\n\t\t\t\t<div class=\"elementor-element elementor-element-e9a8df1 elementor-widget elementor-widget-image\" data-id=\"e9a8df1\" data-element_type=\"widget\" data-widget_type=\"image.default\">\n\t\t\t\t<div class=\"elementor-widget-container\">\n\t\t\t\t\t\t\t\t\t\t\t\t\t\t\t<img loading=\"lazy\" decoding=\"async\" width=\"1024\" height=\"359\" src=\"https:\/\/voxtours.com\/wp-content\/uploads\/2024\/09\/operations-1024x359-1.png\" class=\"attachment-full size-full wp-image-4054\" alt=\"\" srcset=\"https:\/\/voxtours.com\/wp-content\/uploads\/2024\/09\/operations-1024x359-1.png 1024w, https:\/\/voxtours.com\/wp-content\/uploads\/2024\/09\/operations-1024x359-1-300x105.png 300w\" sizes=\"(max-width: 1024px) 100vw, 1024px\" \/>\t\t\t\t\t\t\t\t\t\t\t\t\t\t\t<\/div>\n\t\t\t\t<\/div>\n\t\t\t\t\t<\/div>\n\t\t\t\t<\/div>\n\t\t\t\t<\/div>\n\t\t","protected":false},"excerpt":{"rendered":"<p>T\u00e9rminos y condiciones del servicio de sistema de audiogu\u00eda IRLANDA \u00bfQu\u00e9 incluyen sus tarifas? \u00bfQu\u00e9 incluyen sus tarifas? \u2714 Entrega y recogida*\u2714 Unidades de receptor seg\u00fan lo especificado\u2714 Unidad de transmisor para el gu\u00eda\u2714 Auriculares est\u00e1ndar\u2714 5 auriculares AM1 para personas con problemas de audici\u00f3n\u2714 Equipo de repuesto (1 transmisor\/5 receptores\/10 auriculares desechables\/pilas alcalinas)\u2714 Manual&#8230;<\/p>\n","protected":false},"author":18,"featured_media":0,"parent":0,"menu_order":0,"comment_status":"closed","ping_status":"closed","template":"","meta":{"footnotes":""},"class_list":["post-5731","page","type-page","status-publish","hentry"],"acf":[],"_links":{"self":[{"href":"https:\/\/voxtours.com\/es\/wp-json\/wp\/v2\/pages\/5731","targetHints":{"allow":["GET"]}}],"collection":[{"href":"https:\/\/voxtours.com\/es\/wp-json\/wp\/v2\/pages"}],"about":[{"href":"https:\/\/voxtours.com\/es\/wp-json\/wp\/v2\/types\/page"}],"author":[{"embeddable":true,"href":"https:\/\/voxtours.com\/es\/wp-json\/wp\/v2\/users\/18"}],"replies":[{"embeddable":true,"href":"https:\/\/voxtours.com\/es\/wp-json\/wp\/v2\/comments?post=5731"}],"version-history":[{"count":0,"href":"https:\/\/voxtours.com\/es\/wp-json\/wp\/v2\/pages\/5731\/revisions"}],"wp:attachment":[{"href":"https:\/\/voxtours.com\/es\/wp-json\/wp\/v2\/media?parent=5731"}],"curies":[{"name":"wp","href":"https:\/\/api.w.org\/{rel}","templated":true}]}}