{"id":5712,"date":"2024-07-23T10:09:56","date_gmt":"2024-07-23T10:09:56","guid":{"rendered":"https:\/\/voxtours.com\/noticias\/"},"modified":"2025-07-09T16:58:30","modified_gmt":"2025-07-09T16:58:30","slug":"noticias","status":"publish","type":"page","link":"https:\/\/voxtours.com\/es\/noticias\/","title":{"rendered":"Noticias"},"content":{"rendered":"\t\t<div data-elementor-type=\"wp-page\" data-elementor-id=\"5712\" class=\"elementor elementor-5712 elementor-242\" data-elementor-post-type=\"page\">\n\t\t\t\t<div class=\"elementor-element elementor-element-780a31f7 inner-ban-sec e-flex e-con-boxed e-con e-parent\" data-id=\"780a31f7\" data-element_type=\"container\" data-settings=\"{&quot;background_background&quot;:&quot;gradient&quot;}\">\n\t\t\t\t\t<div class=\"e-con-inner\">\n\t\t<div class=\"elementor-element elementor-element-59c42f4d e-con-full e-flex e-con e-child\" data-id=\"59c42f4d\" data-element_type=\"container\">\n\t\t\t\t<div class=\"elementor-element elementor-element-15c68f47 elementor-widget__width-initial elementor-widget elementor-widget-heading\" data-id=\"15c68f47\" data-element_type=\"widget\" data-widget_type=\"heading.default\">\n\t\t\t\t<div class=\"elementor-widget-container\">\n\t\t\t\t\t<h1 class=\"elementor-heading-title elementor-size-default\">\u00daltimas noticias y art\u00edculos<\/h1>\t\t\t\t<\/div>\n\t\t\t\t<\/div>\n\t\t\t\t<\/div>\n\t\t\t\t\t<\/div>\n\t\t\t\t<\/div>\n\t\t<div class=\"elementor-element elementor-element-c97f2de e-flex e-con-boxed e-con e-parent\" data-id=\"c97f2de\" data-element_type=\"container\">\n\t\t\t\t\t<div class=\"e-con-inner\">\n\t\t<div class=\"elementor-element elementor-element-1651e39 e-con-full e-flex e-con e-child\" data-id=\"1651e39\" data-element_type=\"container\">\n\t\t<div class=\"elementor-element elementor-element-52d33ab e-con-full e-flex e-con e-child\" data-id=\"52d33ab\" data-element_type=\"container\">\n\t\t\t\t<div class=\"elementor-element elementor-element-f4bae0c elementor-grid-2 elementor-grid-tablet-1 elementor-grid-mobile-1 elementor-widget elementor-widget-loop-grid\" data-id=\"f4bae0c\" data-element_type=\"widget\" data-settings=\"{&quot;template_id&quot;:245,&quot;columns&quot;:2,&quot;columns_tablet&quot;:1,&quot;pagination_type&quot;:&quot;load_more_on_click&quot;,&quot;_skin&quot;:&quot;post&quot;,&quot;columns_mobile&quot;:&quot;1&quot;,&quot;edit_handle_selector&quot;:&quot;[data-elementor-type=\\&quot;loop-item\\&quot;]&quot;,&quot;load_more_spinner&quot;:{&quot;value&quot;:&quot;fas fa-spinner&quot;,&quot;library&quot;:&quot;fa-solid&quot;},&quot;row_gap&quot;:{&quot;unit&quot;:&quot;px&quot;,&quot;size&quot;:&quot;&quot;,&quot;sizes&quot;:[]},&quot;row_gap_tablet&quot;:{&quot;unit&quot;:&quot;px&quot;,&quot;size&quot;:&quot;&quot;,&quot;sizes&quot;:[]},&quot;row_gap_mobile&quot;:{&quot;unit&quot;:&quot;px&quot;,&quot;size&quot;:&quot;&quot;,&quot;sizes&quot;:[]}}\" data-widget_type=\"loop-grid.post\">\n\t\t\t\t<div class=\"elementor-widget-container\">\n\t\t\t\t\t\t\t<div class=\"e-loop-nothing-found-message\">\n\t\t<\/div>\n\t\t\t\t\t\t<\/div>\n\t\t\t\t<\/div>\n\t\t\t\t<\/div>\n\t\t<div class=\"elementor-element elementor-element-aedac41 e-con-full e-flex e-con e-child\" data-id=\"aedac41\" data-element_type=\"container\">\n\t\t\t\t<div class=\"elementor-element elementor-element-15aa0e3 cus-lkndn-wrap elementor-widget elementor-widget-html\" data-id=\"15aa0e3\" data-element_type=\"widget\" data-widget_type=\"html.default\">\n\t\t\t\t<div class=\"elementor-widget-container\">\n\t\t\t\t\t<div class=\"sk-ww-linkedin-page-post\" data-embed-id=\"68844\"><\/div><script src=\"https:\/\/widgets.sociablekit.com\/linkedin-page-posts\/widget.js\" async=\"\" defer><\/script>\t\t\t\t<\/div>\n\t\t\t\t<\/div>\n\t\t\t\t<\/div>\n\t\t\t\t<\/div>\n\t\t\t\t\t<\/div>\n\t\t\t\t<\/div>\n\t\t<div class=\"elementor-element elementor-element-65ac0e7 e-flex e-con-boxed e-con e-parent\" data-id=\"65ac0e7\" data-element_type=\"container\" data-settings=\"{&quot;background_background&quot;:&quot;classic&quot;}\">\n\t\t\t\t\t<div class=\"e-con-inner\">\n\t\t<div class=\"elementor-element elementor-element-b412fa6 e-con-full e-flex e-con e-child\" data-id=\"b412fa6\" data-element_type=\"container\">\n\t\t\t\t<div class=\"elementor-element elementor-element-fe2fde5 elementor-widget-mobile__width-initial elementor-widget elementor-widget-heading\" data-id=\"fe2fde5\" data-element_type=\"widget\" data-widget_type=\"heading.default\">\n\t\t\t\t<div class=\"elementor-widget-container\">\n\t\t\t\t\t<h2 class=\"elementor-heading-title elementor-size-default\"><span style=\"color:#008EC8\">Soluciones<\/span> para cada sector<\/h2>\t\t\t\t<\/div>\n\t\t\t\t<\/div>\n\t\t\t\t<div class=\"elementor-element elementor-element-46b8ee1 elementor-widget__width-initial elementor-widget-mobile__width-initial elementor-widget elementor-widget-text-editor\" data-id=\"46b8ee1\" data-element_type=\"widget\" data-widget_type=\"text-editor.default\">\n\t\t\t\t<div class=\"elementor-widget-container\">\n\t\t\t\t\t\t\t\t\t<p>En un sector de viajes en r\u00e1pida evoluci\u00f3n, Vox se erige como un faro de progreso en la revitalizaci\u00f3n de la industria. Al fomentar la innovaci\u00f3n, permitimos a nuestros socios alcanzar un rendimiento superior a trav\u00e9s de nuestras soluciones de autogu\u00eda y gu\u00eda grupal. <\/p>\t\t\t\t\t\t\t\t<\/div>\n\t\t\t\t<\/div>\n\t\t<div class=\"elementor-element elementor-element-0b561b6 sector-inner-rw e-flex e-con-boxed elementor-invisible e-con e-child\" data-id=\"0b561b6\" data-element_type=\"container\" data-settings=\"{&quot;animation&quot;:&quot;fadeIn&quot;,&quot;animation_delay&quot;:200}\">\n\t\t\t\t\t<div class=\"e-con-inner\">\n\t\t\t\t<div class=\"elementor-element elementor-element-ff6b323 sector_carosal  nw-sctr-sldr elementor-widget elementor-widget-ucaddon_card_carousel\" data-id=\"ff6b323\" data-element_type=\"widget\" data-widget_type=\"ucaddon_card_carousel.default\">\n\t\t\t\t<div class=\"elementor-widget-container\">\n\t\t\t\t\t\n<!-- start Card Carousel -->\n\t\t<link id='font-awesome-css' href='https:\/\/voxtours.com\/wp-content\/plugins\/unlimited-elements-for-elementor\/assets_libraries\/font-awesome6\/fontawesome-all.min.css' type='text\/css' rel='stylesheet' >\n\t\t<link id='font-awesome-4-shim-css' href='https:\/\/voxtours.com\/wp-content\/plugins\/unlimited-elements-for-elementor\/assets_libraries\/font-awesome6\/fontawesome-v4-shims.min.css' type='text\/css' rel='stylesheet' >\n\t\t<link id='owl-carousel-css' href='https:\/\/voxtours.com\/wp-content\/plugins\/unlimited-elements-for-elementor\/assets_libraries\/owl-carousel-new\/assets\/owl.carousel.css' type='text\/css' rel='stylesheet' >\n\t\t<link id='uc_ac_assets_file_animate_css_77907-css' href='https:\/\/voxtours.com\/wp-content\/uploads\/ac_assets\/uc_classic_carousel\/animate.css' type='text\/css' rel='stylesheet' >\n\n<style>\/* widget: Card Carousel *\/\n\n#uc_card_carousel_elementor_ff6b323-wrapper{\n  min-height:1px;\n}\n\n#uc_card_carousel_elementor_ff6b323 *{\n\t-webkit-box-sizing: border-box;\n\t-moz-box-sizing: border-box;\n\tbox-sizing: border-box;\n}\n\n#uc_card_carousel_elementor_ff6b323 .ue-carousel-item{\n  overflow:hidden;\n  transition:0.3s;\n}\n\n#uc_card_carousel_elementor_ff6b323 .uc_classic_carousel_container_holder{\n\tdisplay:block;\n\tposition:relative;\n\twidth:100%;\n    box-sizing: border-box;\n}\n#uc_card_carousel_elementor_ff6b323 .uc_classic_carousel_placeholder{\n   position:relative;\n}\n\n\n#uc_card_carousel_elementor_ff6b323 .uc_classic_carousel_placeholder img, #uc_card_carousel_elementor_ff6b323 .ue_card_carousel_image_overlay{\n  transition: all 300ms;\n}\n\n.card_carousel_title{\n\tfont-size:21px;\n}\n\n.uc_classic_carousel .uc_classic_carousel_border{\n\tdisplay:block;\n    margin:0 auto;\n}\n\n.uc_classic_carousel  .uc_classic_carousel_placeholder img{\n\twidth:100%;    \n    display:inline-flex;\n}\n\n.uc_classic_carousel .uc_classic_carousel_content{\n  display: flex;\n  flex-flow: column nowrap;\n}\n\n.uc_classic_carousel .ue_button{\n  margin-top:auto;\n}\n\n.uc_classic_carousel .uc_classic_carousel_content .uc_more_btn {\n\tdisplay:inline-block;\n\ttext-decoration:none;\n\ttransition: all 0.5s ease;\n}\n\n#uc_card_carousel_elementor_ff6b323 .owl-dots {\n  overflow:hidden;\n  text-align:center;\n}\n\n#uc_card_carousel_elementor_ff6b323 .owl-dot {\n  border-radius:50%;\n  display:inline-block;\n}\n\n#uc_card_carousel_elementor_ff6b323 .owl-nav .owl-prev,\n#uc_card_carousel_elementor_ff6b323 .owl-nav .owl-next{\n    position:absolute;\n    display:flex;\n  \tjustify-content: center;\n  \talign-items: center;\n    text-align:center;\n}\n\n#uc_card_carousel_elementor_ff6b323 .owl-nav .disabled{\n    display: none;  \n}\n\n\n#uc_card_carousel_elementor_ff6b323 .ue-item-icon{\n  line-height:1em;\n  display:inline-flex;\n  justify-content:center;\n  align-items:center;  \n}\n\n#uc_card_carousel_elementor_ff6b323 .ue-item-icon svg{\n  height:1em;\n  width:1em;\n}\n\n#uc_card_carousel_elementor_ff6b323 .ue-item-icon-wrapper{\n  display:flex;\n}\n\n#uc_card_carousel_elementor_ff6b323 .uc_classic_carousel_container_holder {\n\t max-width: ;\n}\n\n\n\n@media screen and (max-width: 1024px) {\n  #uc_card_carousel_elementor_ff6b323 .uc_classic_carousel_container_holder {\n\t max-width: ;\n  }\n}\n\n@media screen and (max-width: 767px) {\n  #uc_card_carousel_elementor_ff6b323 .uc_classic_carousel_container_holder {\n    max-width: ;\n  }\n}\n\n<\/style>\n\n<div class=\"uc_classic_carousel\" id=\"uc_card_carousel_elementor_ff6b323-wrapper\">\n        <div class=\"uc_carousel owl-carousel uc-items-wrapper  \" id=\"uc_card_carousel_elementor_ff6b323\"  >\n          \t\n\n\n<div id=\"uc_card_carousel_elementor_ff6b323_item1\" class=\"uc_classic_carousel_container_holder ue-item elementor-repeater-item-05ebdb9\" data-hide-item=\"false\">  \n  <div class=\"ue-carousel-item\">\n    \n    <span class=\"uc_classic_carousel_border\" style=\"\"><\/span>    \n    \n          <div class=\"uc_classic_carousel_placeholder\">\n                  <img fetchpriority=\"high\" decoding=\"async\" src=\"https:\/\/voxtours.com\/wp-content\/uploads\/2024\/09\/Touring.jpg\"  src=\"https:\/\/voxtours.com\/wp-content\/uploads\/2024\/09\/Touring.jpg\" alt=\"Touring\" width=\"765\" height=\"765\">\n                      <\/div>\n    \n    <div class=\"uc_classic_carousel_content\" style=\"direction:ltr;\">    \n\n      \n          <div  class=\"card_carousel_title\"><span class=\"notranslate\">Excursiones<\/span><\/div>\n        <p class=\"card_carousel_text\"><span class=\"notranslate\">Simplifique las operaciones y mejore los recorridos grupales con nuestros sistemas de gu\u00eda, tecnolog\u00eda multiling\u00fce y apoyo log\u00edstico para experiencias impecables.<\/span><\/p>      \t\n\n              <div class=\"ue_button\">\n          <a class=\"uc_more_btn \" href=\"\/case-studies\/\" title=\"\" ><\/a>\n      \t<\/div>   \n      \t\n      \n    <\/div>\n    \n  <\/div>\n<\/div>\n\n\n\n<div id=\"uc_card_carousel_elementor_ff6b323_item2\" class=\"uc_classic_carousel_container_holder ue-item elementor-repeater-item-de34a54\" data-hide-item=\"false\">  \n  <div class=\"ue-carousel-item\">\n    \n    <span class=\"uc_classic_carousel_border\" style=\"\"><\/span>    \n    \n          <div class=\"uc_classic_carousel_placeholder\">\n                  <img decoding=\"async\" src=\"https:\/\/voxtours.com\/wp-content\/uploads\/2024\/09\/Cruising.jpg\"  src=\"https:\/\/voxtours.com\/wp-content\/uploads\/2024\/09\/Cruising.jpg\" alt=\"Cruising\" width=\"800\" height=\"533\">\n                      <\/div>\n    \n    <div class=\"uc_classic_carousel_content\" style=\"direction:ltr;\">    \n\n      \n          <div  class=\"card_carousel_title\">Cruceros<\/div>\n        <p class=\"card_carousel_text\">Enriquezca las excursiones terrestres con sistemas de gu\u00eda, contenido multiling\u00fce y log\u00edstica fluida, garantizando experiencias de viaje excepcionales.<\/p>      \t\n\n              <div class=\"ue_button\">\n          <a class=\"uc_more_btn \" href=\"\/case-studies\/\" title=\"\" ><\/a>\n      \t<\/div>   \n      \t\n      \n    <\/div>\n    \n  <\/div>\n<\/div>\n\n\n\n<div id=\"uc_card_carousel_elementor_ff6b323_item3\" class=\"uc_classic_carousel_container_holder ue-item elementor-repeater-item-153d44a\" data-hide-item=\"false\">  \n  <div class=\"ue-carousel-item\">\n    \n    <span class=\"uc_classic_carousel_border\" style=\"\"><\/span>    \n    \n          <div class=\"uc_classic_carousel_placeholder\">\n                  <img decoding=\"async\" src=\"https:\/\/voxtours.com\/wp-content\/uploads\/2024\/09\/Sightseeing.jpg\"  src=\"https:\/\/voxtours.com\/wp-content\/uploads\/2024\/09\/Sightseeing.jpg\" alt=\"Sightseeing\" width=\"840\" height=\"560\">\n                      <\/div>\n    \n    <div class=\"uc_classic_carousel_content\" style=\"direction:ltr;\">    \n\n      \n          <div  class=\"card_carousel_title\">Turismo<\/div>\n        <p class=\"card_carousel_text\">Mejore los recorridos urbanos con sistemas de gu\u00eda de vanguardia, contenido multiling\u00fce y mapeo interactivo para una experiencia de visitante cautivadora.<\/p>      \t\n\n              <div class=\"ue_button\">\n          <a class=\"uc_more_btn \" href=\"\/case-studies\/\" title=\"\" ><\/a>\n      \t<\/div>   \n      \t\n      \n    <\/div>\n    \n  <\/div>\n<\/div>\n\n\n\n<div id=\"uc_card_carousel_elementor_ff6b323_item4\" class=\"uc_classic_carousel_container_holder ue-item elementor-repeater-item-3041dc6\" data-hide-item=\"false\">  \n  <div class=\"ue-carousel-item\">\n    \n    <span class=\"uc_classic_carousel_border\" style=\"\"><\/span>    \n    \n          <div class=\"uc_classic_carousel_placeholder\">\n                  <img loading=\"lazy\" decoding=\"async\" src=\"https:\/\/voxtours.com\/wp-content\/uploads\/2024\/08\/Promo_3.png\"  src=\"https:\/\/voxtours.com\/wp-content\/uploads\/2024\/08\/Promo_3.png\" alt=\"Promo_3\" width=\"382\" height=\"446\">\n                      <\/div>\n    \n    <div class=\"uc_classic_carousel_content\" style=\"direction:ltr;\">    \n\n      \n          <div  class=\"card_carousel_title\"><span class=\"notranslate\">Hop-on hop-off<\/span><\/div>\n        <p class=\"card_carousel_text\"><span class=\"notranslate\">Optimice los recorridos con soluciones digitales, seguimiento en tiempo real y gu\u00edas de audio multiling\u00fces para viajes fluidos y agradables.<\/span><\/p>      \t\n\n              <div class=\"ue_button\">\n          <a class=\"uc_more_btn \" href=\"\/case-studies\/\" title=\"\" ><\/a>\n      \t<\/div>   \n      \t\n      \n    <\/div>\n    \n  <\/div>\n<\/div>\n\n\n\n<div id=\"uc_card_carousel_elementor_ff6b323_item5\" class=\"uc_classic_carousel_container_holder ue-item elementor-repeater-item-39d2671\" data-hide-item=\"false\">  \n  <div class=\"ue-carousel-item\">\n    \n    <span class=\"uc_classic_carousel_border\" style=\"\"><\/span>    \n    \n          <div class=\"uc_classic_carousel_placeholder\">\n                  <img loading=\"lazy\" decoding=\"async\" src=\"https:\/\/voxtours.com\/wp-content\/uploads\/2024\/08\/Promo_1.png\"  src=\"https:\/\/voxtours.com\/wp-content\/uploads\/2024\/08\/Promo_1.png\" alt=\"Promo_1\" width=\"381\" height=\"446\">\n                      <\/div>\n    \n    <div class=\"uc_classic_carousel_content\" style=\"direction:ltr;\">    \n\n      \n          <div  class=\"card_carousel_title\">OTAs<\/div>\n        <p class=\"card_carousel_text\">Incluya entradas y experiencias con nuestras gu\u00edas de viaje multiling\u00fces e itinerarios personalizados para agregar valor y diferenciar sus ofertas.<\/p>      \t\n\n              <div class=\"ue_button\">\n          <a class=\"uc_more_btn \" href=\"\/case-studies\/\" title=\"\" ><\/a>\n      \t<\/div>   \n      \t\n      \n    <\/div>\n    \n  <\/div>\n<\/div>\n\n\n\n<div id=\"uc_card_carousel_elementor_ff6b323_item6\" class=\"uc_classic_carousel_container_holder ue-item elementor-repeater-item-ec193b9\" data-hide-item=\"false\">  \n  <div class=\"ue-carousel-item\">\n    \n    <span class=\"uc_classic_carousel_border\" style=\"\"><\/span>    \n    \n          <div class=\"uc_classic_carousel_placeholder\">\n                  <img loading=\"lazy\" decoding=\"async\" src=\"https:\/\/voxtours.com\/wp-content\/uploads\/2024\/08\/Promo_5.png\"  src=\"https:\/\/voxtours.com\/wp-content\/uploads\/2024\/08\/Promo_5.png\" alt=\"Promo_5\" width=\"382\" height=\"446\">\n                      <\/div>\n    \n    <div class=\"uc_classic_carousel_content\" style=\"direction:ltr;\">    \n\n      \n          <div  class=\"card_carousel_title\">Recintos\/museos<\/div>\n        <p class=\"card_carousel_text\">Mejore las experiencias de los visitantes con dispositivos de autogu\u00eda, exhibiciones interactivas y contenido multiling\u00fce para audiencias diversas.<\/p>      \t\n\n              <div class=\"ue_button\">\n          <a class=\"uc_more_btn \" href=\"\/case-studies\/\" title=\"\" ><\/a>\n      \t<\/div>   \n      \t\n      \n    <\/div>\n    \n  <\/div>\n<\/div>\n\n\n\n<div id=\"uc_card_carousel_elementor_ff6b323_item7\" class=\"uc_classic_carousel_container_holder ue-item elementor-repeater-item-41b65b7\" data-hide-item=\"false\">  \n  <div class=\"ue-carousel-item\">\n    \n    <span class=\"uc_classic_carousel_border\" style=\"\"><\/span>    \n    \n          <div class=\"uc_classic_carousel_placeholder\">\n                  <img loading=\"lazy\" decoding=\"async\" src=\"https:\/\/voxtours.com\/wp-content\/uploads\/2024\/09\/DMOs.jpg\"  src=\"https:\/\/voxtours.com\/wp-content\/uploads\/2024\/09\/DMOs.jpg\" alt=\"DMOs\" width=\"559\" height=\"370\">\n                      <\/div>\n    \n    <div class=\"uc_classic_carousel_content\" style=\"direction:ltr;\">    \n\n      \n          <div  class=\"card_carousel_title\">Ciudades y DMOs<\/div>\n        <p class=\"card_carousel_text\">Impulse el turismo con soluciones de pase digital, an\u00e1lisis de datos y plataformas de gesti\u00f3n tur\u00edstica adaptadas a entornos urbanos.<\/p>      \t\n\n              <div class=\"ue_button\">\n          <a class=\"uc_more_btn \" href=\"\/solutions\/\" title=\"\" ><\/a>\n      \t<\/div>   \n      \t\n      \n    <\/div>\n    \n  <\/div>\n<\/div>\n\n\n\n<div id=\"uc_card_carousel_elementor_ff6b323_item8\" class=\"uc_classic_carousel_container_holder ue-item elementor-repeater-item-2b418b5\" data-hide-item=\"false\">  \n  <div class=\"ue-carousel-item\">\n    \n    <span class=\"uc_classic_carousel_border\" style=\"\"><\/span>    \n    \n          <div class=\"uc_classic_carousel_placeholder\">\n                  <img loading=\"lazy\" decoding=\"async\" src=\"https:\/\/voxtours.com\/wp-content\/uploads\/2024\/09\/Mobility-Providers.jpg\"  src=\"https:\/\/voxtours.com\/wp-content\/uploads\/2024\/09\/Mobility-Providers.jpg\" alt=\"Mobility Providers\" width=\"880\" height=\"587\">\n                      <\/div>\n    \n    <div class=\"uc_classic_carousel_content\" style=\"direction:ltr;\">    \n\n      \n          <div  class=\"card_carousel_title\">Proveedores de movilidad<\/div>\n        <p class=\"card_carousel_text\">Integre nuestra tecnolog\u00eda para un acceso conveniente al transporte, navegaci\u00f3n en tiempo real, comentarios multiling\u00fces y gu\u00edas personalizadas.<\/p>      \t\n\n              <div class=\"ue_button\">\n          <a class=\"uc_more_btn \" href=\"\/case-studies\/\" title=\"\" ><\/a>\n      \t<\/div>   \n      \t\n      \n    <\/div>\n    \n  <\/div>\n<\/div>\n\n\n\n<div id=\"uc_card_carousel_elementor_ff6b323_item9\" class=\"uc_classic_carousel_container_holder ue-item elementor-repeater-item-139eca8\" data-hide-item=\"false\">  \n  <div class=\"ue-carousel-item\">\n    \n    <span class=\"uc_classic_carousel_border\" style=\"\"><\/span>    \n    \n          <div class=\"uc_classic_carousel_placeholder\">\n                  <img loading=\"lazy\" decoding=\"async\" src=\"https:\/\/voxtours.com\/wp-content\/uploads\/2024\/09\/Self-drive.jpg\"  src=\"https:\/\/voxtours.com\/wp-content\/uploads\/2024\/09\/Self-drive.jpg\" alt=\"Self drive\" width=\"780\" height=\"520\">\n                      <\/div>\n    \n    <div class=\"uc_classic_carousel_content\" style=\"direction:ltr;\">    \n\n      \n          <div  class=\"card_carousel_title\"><span class=\"notranslate\">Autoconducci\u00f3n<\/span><\/div>\n        <p class=\"card_carousel_text\"><span class=\"notranslate\">Potencie los recorridos de autoconducci\u00f3n con mapas interactivos y gu\u00edas de audio multiling\u00fces para una exploraci\u00f3n flexible y a su propio ritmo.<\/span><\/p>      \t\n\n              <div class=\"ue_button\">\n          <a class=\"uc_more_btn \" href=\"\/case-studies\/\" title=\"\" ><\/a>\n      \t<\/div>   \n      \t\n      \n    <\/div>\n    \n  <\/div>\n<\/div>\n\n\n\n<div id=\"uc_card_carousel_elementor_ff6b323_item10\" class=\"uc_classic_carousel_container_holder ue-item elementor-repeater-item-c93098f\" data-hide-item=\"false\">  \n  <div class=\"ue-carousel-item\">\n    \n    <span class=\"uc_classic_carousel_border\" style=\"\"><\/span>    \n    \n          <div class=\"uc_classic_carousel_placeholder\">\n                  <img loading=\"lazy\" decoding=\"async\" src=\"https:\/\/voxtours.com\/wp-content\/uploads\/2024\/09\/MICE.jpg\"  src=\"https:\/\/voxtours.com\/wp-content\/uploads\/2024\/09\/MICE.jpg\" alt=\"MICE\" width=\"559\" height=\"373\">\n                      <\/div>\n    \n    <div class=\"uc_classic_carousel_content\" style=\"direction:ltr;\">    \n\n      \n          <div  class=\"card_carousel_title\"><span class=\"notranslate\">MICE<\/span><\/div>\n        <p class=\"card_carousel_text\"><span class=\"notranslate\">Ofrezca transmisiones de audio y multiling\u00fces impecables con radios digitales, y con\u00e9ctese con los delegados a trav\u00e9s de nuestra tecnolog\u00eda de mapeo y gu\u00eda.<\/span><\/p>      \t\n\n              <div class=\"ue_button\">\n          <a class=\"uc_more_btn \" href=\"\/case-studies\/\" title=\"\" ><\/a>\n      \t<\/div>   \n      \t\n      \n    <\/div>\n    \n  <\/div>\n<\/div>\n\n      <\/div>\n<\/div>\n<!-- end Card Carousel -->\t\t\t\t<\/div>\n\t\t\t\t<\/div>\n\t\t\t\t<div class=\"elementor-element elementor-element-4fa42c4 elementor-align-center elementor-widget elementor-widget-button\" data-id=\"4fa42c4\" data-element_type=\"widget\" data-widget_type=\"button.default\">\n\t\t\t\t<div class=\"elementor-widget-container\">\n\t\t\t\t\t\t\t\t\t<div class=\"elementor-button-wrapper\">\n\t\t\t\t\t<a class=\"elementor-button elementor-button-link elementor-size-sm\" href=\"https:\/\/voxtours.com\/contact-us\/\">\n\t\t\t\t\t\t<span class=\"elementor-button-content-wrapper\">\n\t\t\t\t\t\t\t\t\t<span class=\"elementor-button-text\">Cont\u00e1ctenos<\/span>\n\t\t\t\t\t<\/span>\n\t\t\t\t\t<\/a>\n\t\t\t\t<\/div>\n\t\t\t\t\t\t\t\t<\/div>\n\t\t\t\t<\/div>\n\t\t\t\t\t<\/div>\n\t\t\t\t<\/div>\n\t\t\t\t<\/div>\n\t\t\t\t\t<\/div>\n\t\t\t\t<\/div>\n\t\t\t\t<\/div>\n\t\t","protected":false},"excerpt":{"rendered":"<p>\u00daltimas noticias y art\u00edculos Soluciones para cada sector En un sector de viajes en r\u00e1pida evoluci\u00f3n, Vox se erige como un faro de progreso en la revitalizaci\u00f3n de la industria. Al fomentar la innovaci\u00f3n, permitimos a nuestros socios alcanzar un rendimiento superior a trav\u00e9s de nuestras soluciones de autogu\u00eda y gu\u00eda grupal. Excursiones Simplifique las&#8230;<\/p>\n","protected":false},"author":18,"featured_media":3866,"parent":0,"menu_order":0,"comment_status":"closed","ping_status":"closed","template":"","meta":{"footnotes":""},"class_list":["post-5712","page","type-page","status-publish","has-post-thumbnail","hentry"],"acf":[],"_links":{"self":[{"href":"https:\/\/voxtours.com\/es\/wp-json\/wp\/v2\/pages\/5712","targetHints":{"allow":["GET"]}}],"collection":[{"href":"https:\/\/voxtours.com\/es\/wp-json\/wp\/v2\/pages"}],"about":[{"href":"https:\/\/voxtours.com\/es\/wp-json\/wp\/v2\/types\/page"}],"author":[{"embeddable":true,"href":"https:\/\/voxtours.com\/es\/wp-json\/wp\/v2\/users\/18"}],"replies":[{"embeddable":true,"href":"https:\/\/voxtours.com\/es\/wp-json\/wp\/v2\/comments?post=5712"}],"version-history":[{"count":0,"href":"https:\/\/voxtours.com\/es\/wp-json\/wp\/v2\/pages\/5712\/revisions"}],"wp:featuredmedia":[{"embeddable":true,"href":"https:\/\/voxtours.com\/es\/wp-json\/wp\/v2\/media\/3866"}],"wp:attachment":[{"href":"https:\/\/voxtours.com\/es\/wp-json\/wp\/v2\/media?parent=5712"}],"curies":[{"name":"wp","href":"https:\/\/api.w.org\/{rel}","templated":true}]}}