{"id":5694,"date":"2025-02-05T15:08:10","date_gmt":"2025-02-05T15:08:10","guid":{"rendered":"https:\/\/voxtours.com\/tecnologia-de-viajes-innovadora-con-vox-group-boletin-de-noticias-de-ukinbound\/"},"modified":"2025-07-09T16:58:29","modified_gmt":"2025-07-09T16:58:29","slug":"tecnologia-de-viajes-innovadora-con-vox-group-boletin-de-noticias-de-ukinbound","status":"publish","type":"page","link":"https:\/\/voxtours.com\/es\/noticias\/tecnologia-de-viajes-innovadora-con-vox-group-boletin-de-noticias-de-ukinbound\/","title":{"rendered":"TECNOLOG\u00cdA DE VIAJES INNOVADORA CON VOX GROUP &#8211; BOLET\u00cdN DE NOTICIAS DE UKINBOUND"},"content":{"rendered":"<p><img fetchpriority=\"high\" decoding=\"async\" class=\"aligncenter wp-image-1597 size-full\" src=\"https:\/\/voxtours.com\/wp-content\/uploads\/2025\/02\/Screenshot-2025-02-05-alle-16.05.53.png\" alt=\"\" width=\"1196\" height=\"634\" srcset=\"https:\/\/voxtours.com\/wp-content\/uploads\/2025\/02\/Screenshot-2025-02-05-alle-16.05.53.png 1196w, https:\/\/voxtours.com\/wp-content\/uploads\/2025\/02\/Screenshot-2025-02-05-alle-16.05.53-300x159.png 300w, https:\/\/voxtours.com\/wp-content\/uploads\/2025\/02\/Screenshot-2025-02-05-alle-16.05.53-1024x543.png 1024w\" sizes=\"(max-width: 1196px) 100vw, 1196px\" \/><\/p>\n<p>A medida que la industria de los viajes contin\u00faa prosperando, Vox Group se erige como un faro de innovaci\u00f3n, proporcionando soluciones de vanguardia para redefinir las experiencias de gu\u00eda y destino.<\/p>\n<p>Reconocidos como ganadores del premio UKinbound a la Tecnolog\u00eda durante tres a\u00f1os consecutivos, estamos orgullosos de asociarnos con l\u00edderes de la industria para elevar la experiencia de viaje tanto para los visitantes como para los operadores. As\u00ed es como nuestros productos pueden ayudarle a hacer crecer su negocio y deleitar a sus clientes: <\/p>\n<p><strong>Sistemas de audiogu\u00eda<br \/>\n<\/strong><\/p>\n<p><img decoding=\"async\" class=\"aligncenter wp-image-1594 size-full\" src=\"https:\/\/voxtours.com\/wp-content\/uploads\/2025\/02\/unnamed.png\" alt=\"\" width=\"4400\" height=\"2475\" srcset=\"https:\/\/voxtours.com\/wp-content\/uploads\/2025\/02\/unnamed.png 4400w, https:\/\/voxtours.com\/wp-content\/uploads\/2025\/02\/unnamed-300x169.png 300w, https:\/\/voxtours.com\/wp-content\/uploads\/2025\/02\/unnamed-1024x576.png 1024w\" sizes=\"(max-width: 4400px) 100vw, 4400px\" \/><\/p>\n<p>Reconocidos como los mejores del mundo, nuestros sistemas de audiogu\u00eda aprovechan la \u00faltima tecnolog\u00eda digital para garantizar experiencias grupales perfectas. Son fiables, intuitivos y escalables a cualquier tama\u00f1o de grupo, entregados a tiempo, siempre. Ya sea que est\u00e9 organizando un peque\u00f1o tour privado o un gran evento, nuestros sistemas proporcionan una comunicaci\u00f3n n\u00edtida para mejorar el viaje.  <\/p>\n<p><strong>Gu\u00eda grupal impulsada por IA<\/strong><\/p>\n<p>Mant\u00e9ngase a la vanguardia con nuestras soluciones de gu\u00eda grupal impulsadas por IA. Combinando la inteligencia artificial con nuestros exclusivos sistemas de radiogu\u00eda, simplificamos la gesti\u00f3n de grupos multiling\u00fces y hacemos que los viajes sean m\u00e1s inclusivos. Estas soluciones est\u00e1n transformando la forma en que los operadores y gu\u00edas atienden a audiencias diversas, garantizando una comunicaci\u00f3n sin esfuerzo y experiencias enriquecidas para los visitantes.  <\/p>\n<p><strong>POPGuide: la soluci\u00f3n de autoguiado<\/strong><img decoding=\"async\" class=\"aligncenter wp-image-1595 size-full\" src=\"https:\/\/voxtours.com\/wp-content\/uploads\/2025\/02\/unnamed-1.png\" alt=\"\" width=\"3069\" height=\"2000\" srcset=\"https:\/\/voxtours.com\/wp-content\/uploads\/2025\/02\/unnamed-1.png 3069w, https:\/\/voxtours.com\/wp-content\/uploads\/2025\/02\/unnamed-1-300x196.png 300w, https:\/\/voxtours.com\/wp-content\/uploads\/2025\/02\/unnamed-1-1024x667.png 1024w\" sizes=\"(max-width: 3069px) 100vw, 3069px\" \/><\/p>\n<p>Capacite a sus clientes con POPGuide, una plataforma m\u00f3vil vers\u00e1til dise\u00f1ada para uso en interiores y exteriores, totalmente funcional sin conexi\u00f3n y que ofrece capacidades multiling\u00fces. POPGuide transforma la forma en que los visitantes exploran lugares, cruceros, tours y atracciones: una soluci\u00f3n asequible y personalizada que desbloquea oportunidades de ingresos a trav\u00e9s de la venta adicional, la venta cruzada y las herramientas de publicidad integradas. Con an\u00e1lisis avanzados y mapas de calor, obtendr\u00e1 informaci\u00f3n valiosa para optimizar sus ofertas.  <\/p>\n<p><strong>Vox DPS: soluciones de pase de destino<\/strong><\/p>\n<p><img loading=\"lazy\" decoding=\"async\" class=\"aligncenter wp-image-1596 size-full\" src=\"https:\/\/voxtours.com\/wp-content\/uploads\/2025\/02\/unnamed-2.png\" alt=\"\" width=\"4419\" height=\"2579\" srcset=\"https:\/\/voxtours.com\/wp-content\/uploads\/2025\/02\/unnamed-2.png 4419w, https:\/\/voxtours.com\/wp-content\/uploads\/2025\/02\/unnamed-2-300x175.png 300w, https:\/\/voxtours.com\/wp-content\/uploads\/2025\/02\/unnamed-2-1024x598.png 1024w\" sizes=\"(max-width: 4419px) 100vw, 4419px\" \/><\/p>\n<p>Experimente el futuro del turismo urbano con Vox DPS, el primer pase de ciudad totalmente digital dise\u00f1ado para las OGD. Esta soluci\u00f3n integral integra el transporte, los lugares, las experiencias y la distribuci\u00f3n en un sistema perfecto y sin papel. Vox DPS conecta cada faceta del ecosistema tur\u00edstico de un destino, mejorando la comodidad de los visitantes al tiempo que crea nuevas oportunidades de colaboraci\u00f3n y crecimiento.  <\/p>\n<p><strong>\u00bfPor qu\u00e9 asociarse con Vox Group?<\/strong><\/p>\n<p>En Vox, la colaboraci\u00f3n est\u00e1 en el coraz\u00f3n de nuestro negocio. Trabajamos en estrecha colaboraci\u00f3n con nuestros socios para identificar oportunidades, mejorar la participaci\u00f3n de los visitantes y ofrecer valor. Ya sea que sea un DMC, creador de experiencias, operador tur\u00edstico, OGD o gerente de un lugar, nuestras soluciones est\u00e1n dise\u00f1adas para anticipar las necesidades de los viajeros de hoy y establecer nuevos est\u00e1ndares para el futuro.  <\/p>\n<p><strong>D\u00e9 el siguiente paso<\/strong><\/p>\n<p>Trabajemos juntos para mostrar al Reino Unido como un destino de visita obligada para los viajeros de todo el mundo.<\/p>\n<p>P\u00f3ngase en contacto con nuestro equipo de desarrollo empresarial en <a href=\"mailto:bizdev@voxtours.co.uk\" target=\"_blank\" rel=\"noopener\">bizdev@voxtours.co.uk<\/a> para analizar c\u00f3mo las soluciones galardonadas de Vox pueden impulsar el \u00e9xito de su organizaci\u00f3n. \u00danase a nosotros para liderar la pr\u00f3xima era de la tecnolog\u00eda de viajes: estamos listos para innovar con usted. <\/p>\n","protected":false},"excerpt":{"rendered":"<p>A medida que la industria de los viajes contin\u00faa prosperando, Vox Group se erige como un faro de innovaci\u00f3n, proporcionando soluciones de vanguardia para redefinir las experiencias de gu\u00eda y destino. Reconocidos como ganadores del premio UKinbound a la Tecnolog\u00eda durante tres a\u00f1os consecutivos, estamos orgullosos de asociarnos con l\u00edderes de la industria para elevar&#8230;<\/p>\n","protected":false},"author":18,"featured_media":5234,"parent":5712,"menu_order":0,"comment_status":"closed","ping_status":"closed","template":"","meta":{"footnotes":""},"class_list":["post-5694","page","type-page","status-publish","has-post-thumbnail","hentry"],"acf":[],"_links":{"self":[{"href":"https:\/\/voxtours.com\/es\/wp-json\/wp\/v2\/pages\/5694","targetHints":{"allow":["GET"]}}],"collection":[{"href":"https:\/\/voxtours.com\/es\/wp-json\/wp\/v2\/pages"}],"about":[{"href":"https:\/\/voxtours.com\/es\/wp-json\/wp\/v2\/types\/page"}],"author":[{"embeddable":true,"href":"https:\/\/voxtours.com\/es\/wp-json\/wp\/v2\/users\/18"}],"replies":[{"embeddable":true,"href":"https:\/\/voxtours.com\/es\/wp-json\/wp\/v2\/comments?post=5694"}],"version-history":[{"count":0,"href":"https:\/\/voxtours.com\/es\/wp-json\/wp\/v2\/pages\/5694\/revisions"}],"up":[{"embeddable":true,"href":"https:\/\/voxtours.com\/es\/wp-json\/wp\/v2\/pages\/5712"}],"wp:featuredmedia":[{"embeddable":true,"href":"https:\/\/voxtours.com\/es\/wp-json\/wp\/v2\/media\/5234"}],"wp:attachment":[{"href":"https:\/\/voxtours.com\/es\/wp-json\/wp\/v2\/media?parent=5694"}],"curies":[{"name":"wp","href":"https:\/\/api.w.org\/{rel}","templated":true}]}}