{"id":5783,"date":"2024-08-01T12:37:43","date_gmt":"2024-08-01T12:37:43","guid":{"rendered":"https:\/\/voxtours.com\/cookie-richtlinie\/"},"modified":"2025-07-09T17:10:30","modified_gmt":"2025-07-09T17:10:30","slug":"cookie-richtlinie","status":"publish","type":"page","link":"https:\/\/voxtours.com\/de\/cookie-richtlinie\/","title":{"rendered":"Cookie-Richtlinie"},"content":{"rendered":"<section class=\"l-section wpb_row us_custom_64ac204c policy-content-sec height_medium\"><div class=\"l-section-h i-cf\"><div class=\"g-cols vc_row via_grid cols_1 laptops-cols_inherit tablets-cols_inherit mobiles-cols_1 valign_top type_default stacking_default\"><div class=\"wpb_column vc_column_container\"><div class=\"vc_column-inner\"><div class=\"g-cols wpb_row via_grid cols_1 laptops-cols_inherit tablets-cols_inherit mobiles-cols_1 valign_top type_default stacking_default\" style=\"--gap:3rem;\"><div class=\"wpb_column vc_column_container\"><div class=\"vc_column-inner\"><h1 class=\"w-text us_custom_600f1fbc has_text_color\"><span class=\"w-text-h\"><span class=\"w-text-value\">Cookie-Richtlinie<\/span><\/span><\/h1><div class=\"wpb_text_column us_custom_2913d69d has_text_color\"><div class=\"wpb_wrapper\"><h4><strong>Einf\u00fchrung<\/strong><\/h4>\n<p>Vox Tours (\u201ewir\u201c, \u201eunser\u201c, \u201euns\u201c) verwendet Cookies und \u00e4hnliche Technologien, um Ihre Erfahrung auf unserer Website <a href=\"https:\/\/www.voxtours.com\" target=\"_new\" rel=\"noreferrer noopener\">www.voxtours.com<\/a> zu verbessern. Diese Cookie-Richtlinie erl\u00e4utert, was Cookies sind, wie wir sie verwenden und welche M\u00f6glichkeiten Sie bez\u00fcglich ihrer Verwendung haben. <\/p>\n<h4><strong>Was sind Cookies?<\/strong><\/h4>\n<p>Cookies sind kleine Textdateien, die auf Ihrem Ger\u00e4t gespeichert werden, wenn Sie eine Website besuchen. Sie helfen uns zu verstehen, wie Sie mit unserer Website interagieren, und erm\u00f6glichen es uns, Ihre Benutzererfahrung zu verbessern. <\/p>\n<h4><strong>Arten von Cookies, die wir verwenden<\/strong><\/h4>\n<ol>\n<li><strong>Essentielle Cookies<\/strong>: Notwendig, damit die Website korrekt funktioniert. Sie erm\u00f6glichen grundlegende Funktionen wie die Seitennavigation und den Zugriff auf sichere Bereiche. <\/li>\n<li><strong>Performance-Cookies<\/strong>: Sammeln Informationen dar\u00fcber, wie Besucher unsere Website nutzen, und helfen uns, die Leistung der Website zu verbessern.<\/li>\n<li><strong>Funktionalit\u00e4ts-Cookies<\/strong>: Erm\u00f6glichen es der Website, sich Ihre Pr\u00e4ferenzen zu merken und erweiterte Funktionen bereitzustellen.<\/li>\n<li><strong>Targeting-Cookies<\/strong>: Werden verwendet, um Ihnen basierend auf Ihren Interessen relevante Werbung zu liefern.<\/li>\n<\/ol>\n<h4><strong>Wie wir Cookies verwenden<\/strong><\/h4>\n<ul>\n<li>Um sicherzustellen, dass die Website korrekt funktioniert.<\/li>\n<li>Zur Analyse des Website-Traffics und der Nutzung.<\/li>\n<li>Um Ihre Pr\u00e4ferenzen und Einstellungen zu speichern.<\/li>\n<li>Um personalisierte Inhalte und Werbung bereitzustellen.<\/li>\n<\/ul>\n<h4><strong>Ihre Wahlm\u00f6glichkeiten bez\u00fcglich Cookies<\/strong><\/h4>\n<p>Sie k\u00f6nnen Ihre Cookie-Einstellungen \u00fcber Ihre Browsereinstellungen verwalten. Die meisten Browser erlauben es Ihnen, Cookies abzulehnen oder zu l\u00f6schen. Wenn Sie Cookies deaktivieren, funktionieren einige Funktionen unserer Website m\u00f6glicherweise nicht richtig.  <\/p>\n<h4><strong>\u00c4nderungen an dieser Cookie-Richtlinie<\/strong><\/h4>\n<p>Wir k\u00f6nnen diese Cookie-Richtlinie von Zeit zu Zeit aktualisieren. Wir empfehlen Ihnen, diese Richtlinie regelm\u00e4\u00dfig auf \u00c4nderungen zu \u00fcberpr\u00fcfen.<\/p>\n<\/div><\/div><\/div><\/div><\/div><\/div><\/div><\/div><\/div><\/section>\n","protected":false},"excerpt":{"rendered":"","protected":false},"author":18,"featured_media":0,"parent":0,"menu_order":0,"comment_status":"closed","ping_status":"closed","template":"","meta":{"footnotes":""},"class_list":["post-5783","page","type-page","status-publish","hentry"],"acf":[],"_links":{"self":[{"href":"https:\/\/voxtours.com\/de\/wp-json\/wp\/v2\/pages\/5783","targetHints":{"allow":["GET"]}}],"collection":[{"href":"https:\/\/voxtours.com\/de\/wp-json\/wp\/v2\/pages"}],"about":[{"href":"https:\/\/voxtours.com\/de\/wp-json\/wp\/v2\/types\/page"}],"author":[{"embeddable":true,"href":"https:\/\/voxtours.com\/de\/wp-json\/wp\/v2\/users\/18"}],"replies":[{"embeddable":true,"href":"https:\/\/voxtours.com\/de\/wp-json\/wp\/v2\/comments?post=5783"}],"version-history":[{"count":0,"href":"https:\/\/voxtours.com\/de\/wp-json\/wp\/v2\/pages\/5783\/revisions"}],"wp:attachment":[{"href":"https:\/\/voxtours.com\/de\/wp-json\/wp\/v2\/media?parent=5783"}],"curies":[{"name":"wp","href":"https:\/\/api.w.org\/{rel}","templated":true}]}}