{"id":5769,"date":"2024-08-01T12:29:30","date_gmt":"2024-08-01T12:29:30","guid":{"rendered":"https:\/\/voxtours.com\/datenschutzrichtlinie\/"},"modified":"2025-07-09T17:01:40","modified_gmt":"2025-07-09T17:01:40","slug":"datenschutzrichtlinie","status":"publish","type":"page","link":"https:\/\/voxtours.com\/de\/datenschutzrichtlinie\/","title":{"rendered":"Datenschutzrichtlinie"},"content":{"rendered":"<section class=\"l-section wpb_row us_custom_64ac204c policy-content-sec height_medium\"><div class=\"l-section-h i-cf\"><div class=\"g-cols vc_row via_grid cols_1 laptops-cols_inherit tablets-cols_inherit mobiles-cols_1 valign_top type_default stacking_default\"><div class=\"wpb_column vc_column_container\"><div class=\"vc_column-inner\"><div class=\"g-cols wpb_row via_grid cols_1 laptops-cols_inherit tablets-cols_inherit mobiles-cols_1 valign_top type_default stacking_default\" style=\"--gap:3rem;\"><div class=\"wpb_column vc_column_container\"><div class=\"vc_column-inner\"><h1 class=\"w-text us_custom_c9e8db2a has_text_color\"><span class=\"w-text-h\"><span class=\"w-text-value\">Datenschutzrichtlinie<\/span><\/span><\/h1><div class=\"wpb_text_column us_custom_2913d69d has_text_color\"><div class=\"wpb_wrapper\"><h4><strong>Einf\u00fchrung<\/strong><\/h4>\n<p>Vox Tours (\u201ewir\u201c, \u201eunser\u201c, \u201euns\u201c) legt Wert auf Ihre Privatsph\u00e4re und verpflichtet sich, Ihre pers\u00f6nlichen Daten zu sch\u00fctzen. Diese Datenschutzrichtlinie erkl\u00e4rt, wie wir Informationen sammeln, verwenden und weitergeben, wenn Sie unsere Website <a href=\"https:\/\/www.voxtours.com\" target=\"_new\" rel=\"noreferrer noopener\">www.voxtours.com<\/a> besuchen und unsere Dienste nutzen. <\/p>\n<h4><strong>Informationen, die wir sammeln<\/strong><\/h4>\n<p>Wir sammeln die folgenden Arten von Informationen:<\/p>\n<ul>\n<li><strong>Pers\u00f6nliche Identifikationsdaten<\/strong>: Name, E-Mail-Adresse, Telefonnummer und andere Kontaktdaten, wenn Sie sich anmelden oder uns kontaktieren.<\/li>\n<li><strong>Technische Daten<\/strong>: IP-Adresse, Browsertyp, Betriebssystem und Surfverhalten, die \u00fcber Cookies und \u00e4hnliche Technologien gesammelt werden.<\/li>\n<li><strong>Nutzungsdaten<\/strong>: Informationen dar\u00fcber, wie Sie unsere Website und Dienste nutzen.<\/li>\n<\/ul>\n<h4><strong>Wie wir Ihre Informationen verwenden<\/strong><\/h4>\n<p>Wir verwenden die gesammelten Informationen f\u00fcr die folgenden Zwecke:<\/p>\n<ul>\n<li>Zur Bereitstellung und Pflege unserer Dienste.<\/li>\n<li>Um Sie \u00fcber \u00c4nderungen an unseren Diensten zu informieren.<\/li>\n<li>Um Ihnen die Teilnahme an interaktiven Funktionen unserer Website zu erm\u00f6glichen.<\/li>\n<li>Zur Bereitstellung von Kundensupport.<\/li>\n<li>Um Analysen oder wertvolle Informationen zur Verbesserung unserer Website zu sammeln.<\/li>\n<li>Zur \u00dcberwachung der Nutzung unserer Website.<\/li>\n<li>Zur Erkennung, Verhinderung und Behebung technischer Probleme.<\/li>\n<\/ul>\n<h4><strong>Weitergabe Ihrer Informationen<\/strong><\/h4>\n<p>Wir verkaufen, handeln oder \u00fcbertragen Ihre pers\u00f6nlichen Daten nicht an Dritte, au\u00dfer an vertrauensw\u00fcrdige Dritte, die uns beim Betrieb unserer Website, der Durchf\u00fchrung unserer Gesch\u00e4fte oder der Betreuung unserer Nutzer unterst\u00fctzen, solange diese Parteien sich verpflichten, diese Informationen vertraulich zu behandeln.<\/p>\n<h4><strong>Sicherheit Ihrer Informationen<\/strong><\/h4>\n<p>Wir ergreifen angemessene Ma\u00dfnahmen, um Ihre pers\u00f6nlichen Daten vor Verlust, Diebstahl, Missbrauch und unbefugtem Zugriff zu sch\u00fctzen. Keine Methode der \u00dcbertragung \u00fcber das Internet oder der elektronischen Speicherung ist jedoch 100% sicher. <\/p>\n<h4><strong>Ihre Datenschutzrechte<\/strong><\/h4>\n<p>Je nach Ihrem Standort haben Sie m\u00f6glicherweise die folgenden Rechte bez\u00fcglich Ihrer pers\u00f6nlichen Daten:<\/p>\n<ul>\n<li>Das Recht auf Zugang \u2013 Sie haben das Recht, Kopien Ihrer pers\u00f6nlichen Daten anzufordern.<\/li>\n<li>Das Recht auf Berichtigung \u2013 Sie haben das Recht zu verlangen, dass wir Informationen korrigieren, die Sie f\u00fcr ungenau halten, oder Informationen vervollst\u00e4ndigen, die Sie f\u00fcr unvollst\u00e4ndig halten.<\/li>\n<\/ul>\n<\/div><\/div><\/div><\/div><\/div><\/div><\/div><\/div><\/div><\/section>\n","protected":false},"excerpt":{"rendered":"","protected":false},"author":18,"featured_media":0,"parent":0,"menu_order":0,"comment_status":"closed","ping_status":"closed","template":"","meta":{"footnotes":""},"class_list":["post-5769","page","type-page","status-publish","hentry"],"acf":[],"_links":{"self":[{"href":"https:\/\/voxtours.com\/de\/wp-json\/wp\/v2\/pages\/5769","targetHints":{"allow":["GET"]}}],"collection":[{"href":"https:\/\/voxtours.com\/de\/wp-json\/wp\/v2\/pages"}],"about":[{"href":"https:\/\/voxtours.com\/de\/wp-json\/wp\/v2\/types\/page"}],"author":[{"embeddable":true,"href":"https:\/\/voxtours.com\/de\/wp-json\/wp\/v2\/users\/18"}],"replies":[{"embeddable":true,"href":"https:\/\/voxtours.com\/de\/wp-json\/wp\/v2\/comments?post=5769"}],"version-history":[{"count":0,"href":"https:\/\/voxtours.com\/de\/wp-json\/wp\/v2\/pages\/5769\/revisions"}],"wp:attachment":[{"href":"https:\/\/voxtours.com\/de\/wp-json\/wp\/v2\/media?parent=5769"}],"curies":[{"name":"wp","href":"https:\/\/api.w.org\/{rel}","templated":true}]}}