{"id":5762,"date":"2024-08-01T12:59:59","date_gmt":"2024-08-01T12:59:59","guid":{"rendered":"https:\/\/voxtours.com\/nachhaltigkeitsrichtlinie\/"},"modified":"2025-07-09T17:01:18","modified_gmt":"2025-07-09T17:01:18","slug":"nachhaltigkeitsrichtlinie","status":"publish","type":"page","link":"https:\/\/voxtours.com\/de\/nachhaltigkeitsrichtlinie\/","title":{"rendered":"Nachhaltigkeitsrichtlinie"},"content":{"rendered":"<section class=\"l-section wpb_row us_custom_64ac204c policy-content-sec height_medium\"><div class=\"l-section-h i-cf\"><div class=\"g-cols vc_row via_grid cols_1 laptops-cols_inherit tablets-cols_inherit mobiles-cols_1 valign_top type_default stacking_default\"><div class=\"wpb_column vc_column_container\"><div class=\"vc_column-inner\"><div class=\"g-cols wpb_row via_grid cols_1 laptops-cols_inherit tablets-cols_inherit mobiles-cols_1 valign_top type_default stacking_default\" style=\"--gap:3rem;\"><div class=\"wpb_column vc_column_container\"><div class=\"vc_column-inner\"><h1 class=\"w-text us_custom_acb5efb5 has_text_color\"><span class=\"w-text-h\"><span class=\"w-text-value\">Nachhaltigkeitsrichtlinie<\/span><\/span><\/h1><div class=\"wpb_text_column us_custom_2913d69d has_text_color\"><div class=\"wpb_wrapper\"><h4><strong>Einf\u00fchrung<\/strong><\/h4>\n<p>Wir von Vox Tours setzen uns daf\u00fcr ein, Nachhaltigkeit in allen Bereichen unserer T\u00e4tigkeit zu f\u00f6rdern. Wir sind uns unserer Verantwortung bewusst, die Umwelt zu sch\u00fctzen und zum Wohlergehen der Gemeinschaften beizutragen, denen wir dienen. <\/p>\n<h4><strong>Unsere Verpflichtungen<\/strong><\/h4>\n<ol>\n<li><strong>Umweltverantwortung<\/strong>: Wir sind bestrebt, unsere Umweltauswirkungen zu minimieren, indem wir Abfall reduzieren, Ressourcen schonen und umweltfreundliche Praktiken f\u00f6rdern.<\/li>\n<li><strong>Nachhaltiges Reisen<\/strong>: Wir unterst\u00fctzen nachhaltige Reiseoptionen, die den CO2-Fu\u00dfabdruck reduzieren und die kulturelle und \u00f6kologische Erhaltung f\u00f6rdern.<\/li>\n<li><strong>Gesellschaftliches Engagement<\/strong>: Wir engagieren uns aktiv in lokalen Gemeinschaften, um soziale, wirtschaftliche und \u00f6kologische Initiativen zu unterst\u00fctzen, die den Regionen, in denen wir t\u00e4tig sind, zugute kommen.<\/li>\n<\/ol>\n<h4><strong>Ma\u00dfnahmen, die wir ergreifen<\/strong><\/h4>\n<ul>\n<li>Implementierung energieeffizienter Praktiken in unseren B\u00fcros und Betrieben.<\/li>\n<li>F\u00f6rderung der Nutzung \u00f6ffentlicher Verkehrsmittel und anderer nachhaltiger Reisemethoden.<\/li>\n<li>Partnerschaften mit Organisationen, die sich f\u00fcr Umweltschutz und Gemeindeentwicklung einsetzen.<\/li>\n<li>Aufkl\u00e4rung unserer Mitarbeiter, Partner und Kunden \u00fcber die Bedeutung von Nachhaltigkeit.<\/li>\n<\/ul>\n<h4><strong>\u00dcberwachung und Berichterstattung<\/strong><\/h4>\n<p>Wir \u00fcberwachen kontinuierlich unsere Nachhaltigkeitsleistung und streben nach Verbesserung. Wir bekennen uns zu Transparenz und berichten regelm\u00e4\u00dfig \u00fcber unsere Nachhaltigkeitsinitiativen und -fortschritte. <\/p>\n<h4><strong>Fazit<\/strong><\/h4>\n<p>Vox Tours hat sich zum Ziel gesetzt, einen positiven Einfluss auf Umwelt und Gesellschaft zu nehmen. Wir glauben, dass wir durch gemeinsame Anstrengungen eine nachhaltige Zukunft f\u00fcr kommende Generationen schaffen k\u00f6nnen.<\/p>\n<\/div><\/div><\/div><\/div><\/div><\/div><\/div><\/div><\/div><\/section>\n","protected":false},"excerpt":{"rendered":"","protected":false},"author":18,"featured_media":0,"parent":0,"menu_order":0,"comment_status":"closed","ping_status":"closed","template":"","meta":{"footnotes":""},"class_list":["post-5762","page","type-page","status-publish","hentry"],"acf":[],"_links":{"self":[{"href":"https:\/\/voxtours.com\/de\/wp-json\/wp\/v2\/pages\/5762","targetHints":{"allow":["GET"]}}],"collection":[{"href":"https:\/\/voxtours.com\/de\/wp-json\/wp\/v2\/pages"}],"about":[{"href":"https:\/\/voxtours.com\/de\/wp-json\/wp\/v2\/types\/page"}],"author":[{"embeddable":true,"href":"https:\/\/voxtours.com\/de\/wp-json\/wp\/v2\/users\/18"}],"replies":[{"embeddable":true,"href":"https:\/\/voxtours.com\/de\/wp-json\/wp\/v2\/comments?post=5762"}],"version-history":[{"count":0,"href":"https:\/\/voxtours.com\/de\/wp-json\/wp\/v2\/pages\/5762\/revisions"}],"wp:attachment":[{"href":"https:\/\/voxtours.com\/de\/wp-json\/wp\/v2\/media?parent=5762"}],"curies":[{"name":"wp","href":"https:\/\/api.w.org\/{rel}","templated":true}]}}