{"id":5760,"date":"2025-02-05T15:08:10","date_gmt":"2025-02-05T15:08:10","guid":{"rendered":"https:\/\/voxtours.com\/neuigkeiten\/innovative-reisetechnologie-mit-der-vox-group-ukinbound-newsletter\/"},"modified":"2025-02-05T15:08:10","modified_gmt":"2025-02-05T15:08:10","slug":"innovative-reisetechnologie-mit-der-vox-group-ukinbound-newsletter","status":"publish","type":"page","link":"https:\/\/voxtours.com\/de\/neuigkeiten\/innovative-reisetechnologie-mit-der-vox-group-ukinbound-newsletter\/","title":{"rendered":"INNOVATIVE REISETECHNOLOGIE MIT DER VOX GROUP &#8211; UKINBOUND NEWSLETTER"},"content":{"rendered":"<p><img fetchpriority=\"high\" decoding=\"async\" class=\"aligncenter wp-image-1597 size-full\" src=\"https:\/\/voxtours.com\/wp-content\/uploads\/2025\/02\/Screenshot-2025-02-05-alle-16.05.53.png\" alt=\"\" width=\"1196\" height=\"634\" srcset=\"https:\/\/voxtours.com\/wp-content\/uploads\/2025\/02\/Screenshot-2025-02-05-alle-16.05.53.png 1196w, https:\/\/voxtours.com\/wp-content\/uploads\/2025\/02\/Screenshot-2025-02-05-alle-16.05.53-300x159.png 300w, https:\/\/voxtours.com\/wp-content\/uploads\/2025\/02\/Screenshot-2025-02-05-alle-16.05.53-1024x543.png 1024w\" sizes=\"(max-width: 1196px) 100vw, 1196px\" \/><\/p>\n<p>W\u00e4hrend die Reisebranche weiter floriert, ist die Vox Group ein Leuchtfeuer der Innovation und bietet modernste L\u00f6sungen, um das Guiding und die Destination-Erlebnisse neu zu definieren.<\/p>\n<p>Wir sind stolz darauf, als UKinbound Award-Gewinner f\u00fcr Technologie drei Jahre in Folge ausgezeichnet worden zu sein, und arbeiten mit Branchenf\u00fchrern zusammen, um das Reiseerlebnis f\u00fcr Besucher und Betreiber gleicherma\u00dfen zu verbessern. Hier erfahren Sie, wie unsere Produkte Ihnen helfen k\u00f6nnen, Ihr Gesch\u00e4ft auszubauen und Ihre Kunden zu begeistern: <\/p>\n<p><strong>Reiseleitersysteme<br \/>\n<\/strong><\/p>\n<p><img decoding=\"async\" class=\"aligncenter wp-image-1594 size-full\" src=\"https:\/\/voxtours.com\/wp-content\/uploads\/2025\/02\/unnamed.png\" alt=\"\" width=\"4400\" height=\"2475\" srcset=\"https:\/\/voxtours.com\/wp-content\/uploads\/2025\/02\/unnamed.png 4400w, https:\/\/voxtours.com\/wp-content\/uploads\/2025\/02\/unnamed-300x169.png 300w, https:\/\/voxtours.com\/wp-content\/uploads\/2025\/02\/unnamed-1024x576.png 1024w\" sizes=\"(max-width: 4400px) 100vw, 4400px\" \/><\/p>\n<p>Unsere Reiseleitersysteme sind als die besten der Welt bekannt und nutzen die neueste digitale Technologie, um nahtlose Gruppenerlebnisse zu gew\u00e4hrleisten. Sie sind zuverl\u00e4ssig, intuitiv und auf jede Gruppengr\u00f6\u00dfe skalierbar, p\u00fcnktlich und jedes Mal. Egal, ob Sie eine kleine private Tour oder eine gro\u00dfe Veranstaltung organisieren, unsere Systeme bieten eine kristallklare Kommunikation, um die Reise zu verbessern.  <\/p>\n<p><strong>KI-gest\u00fctzte Gruppenf\u00fchrung<\/strong><\/p>\n<p>Bleiben Sie mit unseren KI-gest\u00fctzten Gruppenf\u00fchrungsl\u00f6sungen immer einen Schritt voraus. Durch die Kombination von k\u00fcnstlicher Intelligenz mit unseren einzigartigen Funkf\u00fchrungssystemen vereinfachen wir die mehrsprachige Gruppenverwaltung und machen das Reisen integrativer. Diese L\u00f6sungen ver\u00e4ndern die Art und Weise, wie Betreiber und Guides auf unterschiedliche Zielgruppen eingehen, und gew\u00e4hrleisten eine m\u00fchelose Kommunikation und bereicherte Besuchererlebnisse.  <\/p>\n<p><strong>POPGuide: die Self-Guiding-L\u00f6sung<\/strong><img decoding=\"async\" class=\"aligncenter wp-image-1595 size-full\" src=\"https:\/\/voxtours.com\/wp-content\/uploads\/2025\/02\/unnamed-1.png\" alt=\"\" width=\"3069\" height=\"2000\" srcset=\"https:\/\/voxtours.com\/wp-content\/uploads\/2025\/02\/unnamed-1.png 3069w, https:\/\/voxtours.com\/wp-content\/uploads\/2025\/02\/unnamed-1-300x196.png 300w, https:\/\/voxtours.com\/wp-content\/uploads\/2025\/02\/unnamed-1-1024x667.png 1024w\" sizes=\"(max-width: 3069px) 100vw, 3069px\" \/><\/p>\n<p>Bieten Sie Ihren Kunden POPGuide, eine vielseitige mobile Plattform, die f\u00fcr den Innen- und Au\u00dfenbereich entwickelt wurde, voll funktionsf\u00e4hig offline ist und mehrsprachige Funktionen bietet. POPGuide ver\u00e4ndert die Art und Weise, wie Besucher Veranstaltungsorte, Kreuzfahrten, Touren und Attraktionen erkunden &#8211; eine erschwingliche, personalisierte L\u00f6sung, die Umsatzm\u00f6glichkeiten durch Upselling, Cross-Selling und integrierte Werbetools erschlie\u00dft. Mit fortschrittlichen Analysen und Heatmaps erhalten Sie wertvolle Einblicke, um Ihr Angebot zu optimieren.  <\/p>\n<p><strong>Vox DPS: Destination Pass-L\u00f6sungen<\/strong><\/p>\n<p><img loading=\"lazy\" decoding=\"async\" class=\"aligncenter wp-image-1596 size-full\" src=\"https:\/\/voxtours.com\/wp-content\/uploads\/2025\/02\/unnamed-2.png\" alt=\"\" width=\"4419\" height=\"2579\" srcset=\"https:\/\/voxtours.com\/wp-content\/uploads\/2025\/02\/unnamed-2.png 4419w, https:\/\/voxtours.com\/wp-content\/uploads\/2025\/02\/unnamed-2-300x175.png 300w, https:\/\/voxtours.com\/wp-content\/uploads\/2025\/02\/unnamed-2-1024x598.png 1024w\" sizes=\"(max-width: 4419px) 100vw, 4419px\" \/><\/p>\n<p>Erleben Sie die Zukunft des St\u00e4dtetourismus mit Vox DPS, dem ersten vollst\u00e4ndig digitalen City Pass f\u00fcr DMOs. Diese umfassende L\u00f6sung integriert Transport, Veranstaltungsorte, Erlebnisse und Vertrieb in ein nahtloses, papierloses System. Vox DPS verbindet jede Facette des touristischen \u00d6kosystems einer Destination und verbessert den Komfort f\u00fcr die Besucher, w\u00e4hrend gleichzeitig neue M\u00f6glichkeiten f\u00fcr Zusammenarbeit und Wachstum geschaffen werden.  <\/p>\n<p><strong>Warum eine Partnerschaft mit der Vox Group?<\/strong><\/p>\n<p>Bei Vox steht die Zusammenarbeit im Mittelpunkt unseres Gesch\u00e4fts. Wir arbeiten eng mit unseren Partnern zusammen, um M\u00f6glichkeiten zu identifizieren, die Besucherbindung zu verbessern und Mehrwert zu schaffen. Egal, ob Sie ein DMC, ein Erlebnisgestalter, ein Reiseveranstalter, ein DMO oder ein Venue Manager sind, unsere L\u00f6sungen sind darauf ausgelegt, die Bed\u00fcrfnisse der heutigen Reisenden zu antizipieren und neue Standards f\u00fcr die Zukunft zu setzen.  <\/p>\n<p><strong>Ergreifen Sie den n\u00e4chsten Schritt<\/strong><\/p>\n<p>Lassen Sie uns zusammenarbeiten, um Gro\u00dfbritannien als ein Muss f\u00fcr Reisende weltweit zu pr\u00e4sentieren.<\/p>\n<p>Wenden Sie sich an unser Business-Development-Team unter <a href=\"mailto:bizdev@voxtours.co.uk\" target=\"_blank\" rel=\"noopener\">bizdev@voxtours.co.uk<\/a>, um zu besprechen, wie die preisgekr\u00f6nten L\u00f6sungen von Vox den Erfolg Ihres Unternehmens vorantreiben k\u00f6nnen. Begleiten Sie uns bei der Gestaltung der n\u00e4chsten \u00c4ra der Reisetechnologie &#8211; wir sind bereit, mit Ihnen Innovationen zu entwickeln. <\/p>\n","protected":false},"excerpt":{"rendered":"<p>W\u00e4hrend die Reisebranche weiter floriert, ist die Vox Group ein Leuchtfeuer der Innovation und bietet modernste L\u00f6sungen, um das Guiding und die Destination-Erlebnisse neu zu definieren. Wir sind stolz darauf, als UKinbound Award-Gewinner f\u00fcr Technologie drei Jahre in Folge ausgezeichnet worden zu sein, und arbeiten mit Branchenf\u00fchrern zusammen, um das Reiseerlebnis f\u00fcr Besucher und Betreiber&#8230;<\/p>\n","protected":false},"author":18,"featured_media":5232,"parent":5708,"menu_order":0,"comment_status":"closed","ping_status":"closed","template":"","meta":{"footnotes":""},"class_list":["post-5760","page","type-page","status-publish","has-post-thumbnail","hentry"],"acf":[],"_links":{"self":[{"href":"https:\/\/voxtours.com\/de\/wp-json\/wp\/v2\/pages\/5760","targetHints":{"allow":["GET"]}}],"collection":[{"href":"https:\/\/voxtours.com\/de\/wp-json\/wp\/v2\/pages"}],"about":[{"href":"https:\/\/voxtours.com\/de\/wp-json\/wp\/v2\/types\/page"}],"author":[{"embeddable":true,"href":"https:\/\/voxtours.com\/de\/wp-json\/wp\/v2\/users\/18"}],"replies":[{"embeddable":true,"href":"https:\/\/voxtours.com\/de\/wp-json\/wp\/v2\/comments?post=5760"}],"version-history":[{"count":0,"href":"https:\/\/voxtours.com\/de\/wp-json\/wp\/v2\/pages\/5760\/revisions"}],"up":[{"embeddable":true,"href":"https:\/\/voxtours.com\/de\/wp-json\/wp\/v2\/pages\/5708"}],"wp:featuredmedia":[{"embeddable":true,"href":"https:\/\/voxtours.com\/de\/wp-json\/wp\/v2\/media\/5232"}],"wp:attachment":[{"href":"https:\/\/voxtours.com\/de\/wp-json\/wp\/v2\/media?parent=5760"}],"curies":[{"name":"wp","href":"https:\/\/api.w.org\/{rel}","templated":true}]}}