{"id":5749,"date":"2024-10-10T10:32:23","date_gmt":"2024-10-10T10:32:23","guid":{"rendered":"https:\/\/voxtours.com\/nutzungsbedingungen-fuer-den-tour-guide-system-service-uk\/"},"modified":"2025-07-09T17:00:40","modified_gmt":"2025-07-09T17:00:40","slug":"nutzungsbedingungen-fuer-den-tour-guide-system-service-uk","status":"publish","type":"page","link":"https:\/\/voxtours.com\/de\/nutzungsbedingungen-fuer-den-tour-guide-system-service-uk\/","title":{"rendered":"Nutzungsbedingungen f\u00fcr den Tour Guide System Service &amp; UK"},"content":{"rendered":"\t\t<div data-elementor-type=\"wp-page\" data-elementor-id=\"5749\" class=\"elementor elementor-5749 elementor-1289\" data-elementor-post-type=\"page\">\n\t\t\t\t<div class=\"elementor-element elementor-element-5b2e51ac inner-ban-sec e-flex e-con-boxed e-con e-parent\" data-id=\"5b2e51ac\" data-element_type=\"container\" data-e-type=\"container\" data-settings=\"{&quot;background_background&quot;:&quot;gradient&quot;}\">\n\t\t\t\t\t<div class=\"e-con-inner\">\n\t\t<div class=\"elementor-element elementor-element-3e003222 e-con-full e-flex e-con e-child\" data-id=\"3e003222\" data-element_type=\"container\" data-e-type=\"container\">\n\t\t\t\t<div class=\"elementor-element elementor-element-53a85847 elementor-widget__width-initial elementor-widget elementor-widget-heading\" data-id=\"53a85847\" data-element_type=\"widget\" data-e-type=\"widget\" data-widget_type=\"heading.default\">\n\t\t\t\t<div class=\"elementor-widget-container\">\n\t\t\t\t\t<h2 class=\"elementor-heading-title elementor-size-default\">Nutzungsbedingungen f\u00fcr den Tour Guide System Service &amp; UK<\/h2>\t\t\t\t<\/div>\n\t\t\t\t<\/div>\n\t\t\t\t<\/div>\n\t\t\t\t\t<\/div>\n\t\t\t\t<\/div>\n\t\t<div class=\"elementor-element elementor-element-6e1d3fe e-flex e-con-boxed e-con e-parent\" data-id=\"6e1d3fe\" data-element_type=\"container\" data-e-type=\"container\">\n\t\t\t\t\t<div class=\"e-con-inner\">\n\t\t<div class=\"elementor-element elementor-element-049b5d8 e-con-full e-flex e-con e-child\" data-id=\"049b5d8\" data-element_type=\"container\" data-e-type=\"container\">\n\t\t\t\t<div class=\"elementor-element elementor-element-248f85d elementor-widget elementor-widget-heading\" data-id=\"248f85d\" data-element_type=\"widget\" data-e-type=\"widget\" data-widget_type=\"heading.default\">\n\t\t\t\t<div class=\"elementor-widget-container\">\n\t\t\t\t\t<h2 class=\"elementor-heading-title elementor-size-default\">Was ist in Ihren Preisen enthalten?<\/h2>\t\t\t\t<\/div>\n\t\t\t\t<\/div>\n\t\t\t\t<\/div>\n\t\t\t\t<div class=\"elementor-element elementor-element-e65e174 elementor-widget elementor-widget-text-editor\" data-id=\"e65e174\" data-element_type=\"widget\" data-e-type=\"widget\" data-widget_type=\"text-editor.default\">\n\t\t\t\t<div class=\"elementor-widget-container\">\n\t\t\t\t\t\t\t\t\t<p>\u2714 Lieferung und Abholung*<br>\u2714 Empf\u00e4ngereinheiten wie angegeben<br>\u2714 Ein Sender f\u00fcr den Reiseleiter<br>\u2714 Standard-Ohrh\u00f6rer<br>\u2714 5 AM1-Ohrh\u00f6rer f\u00fcr H\u00f6rgesch\u00e4digte<br>\u2714 Ersatzausr\u00fcstung (1 Sender\/5 Empf\u00e4nger\/10 Einweg-Ohrh\u00f6rer\/Alkaline-Batterien)<br>\u2714 Bedienungsanleitung<\/p><p><em>*F\u00fcr Inseln und Standorte, die von Kurierunternehmen als abgelegen gelten, wird ein Aufpreis von 100,00 \u00a3 erhoben.<\/em><\/p><p>Zus\u00e4tzliche oder spezielle W\u00fcnsche k\u00f6nnen zu einer Erh\u00f6hung der Mietkosten f\u00fchren.<br>F\u00fcr spezielle Anforderungen k\u00f6nnen Sie uns unter folgender Adresse kontaktieren: <strong>uk@vox.network<\/strong><\/p><h2><strong>Stornierungsbedingungen<\/strong><\/h2><ul><li>Keine Stornogeb\u00fchren bis zu 6 Werktage vor dem Service<\/li><li>Bis zu 5 Tage vor dem Service fallen Versandkosten von 80,00 \u00a3 an<\/li><li>Bis zu 4 \u2013 0 Tage fallen die vollen Geb\u00fchren an<\/li><\/ul><h2><strong>Verantwortung<\/strong><\/h2><p>F\u00fcr Sch\u00e4den und\/oder Verlust von Ger\u00e4ten gelten folgende Strafen:<\/p><ul><li>Besch\u00e4digung \/ Verlust des Empf\u00e4ngers: 70,00 \u00a3 pro Einheit + MwSt.<\/li><li>Besch\u00e4digung \/ Verlust des Senders: 100,00 \u00a3 pro Einheit + MwSt.<\/li><\/ul>\t\t\t\t\t\t\t\t<\/div>\n\t\t\t\t<\/div>\n\t\t\t\t<div class=\"elementor-element elementor-element-dd24ae6 elementor-widget elementor-widget-image\" data-id=\"dd24ae6\" data-element_type=\"widget\" data-e-type=\"widget\" data-widget_type=\"image.default\">\n\t\t\t\t<div class=\"elementor-widget-container\">\n\t\t\t\t\t\t\t\t\t\t\t\t\t\t\t<img fetchpriority=\"high\" decoding=\"async\" width=\"1024\" height=\"280\" src=\"https:\/\/voxtours.com\/wp-content\/uploads\/2024\/09\/terms-condition-products.jpg\" class=\"attachment-full size-full wp-image-4040\" alt=\"\" srcset=\"https:\/\/voxtours.com\/wp-content\/uploads\/2024\/09\/terms-condition-products.jpg 1024w, https:\/\/voxtours.com\/wp-content\/uploads\/2024\/09\/terms-condition-products-300x82.jpg 300w\" sizes=\"(max-width: 1024px) 100vw, 1024px\" \/>\t\t\t\t\t\t\t\t\t\t\t\t\t\t\t<\/div>\n\t\t\t\t<\/div>\n\t\t\t\t<div class=\"elementor-element elementor-element-3cb040e elementor-widget elementor-widget-text-editor\" data-id=\"3cb040e\" data-element_type=\"widget\" data-e-type=\"widget\" data-widget_type=\"text-editor.default\">\n\t\t\t\t<div class=\"elementor-widget-container\">\n\t\t\t\t\t\t\t\t\t<h2><strong>Was vor der Tour zu tun ist:<\/strong><\/h2><ul><li>Buchen Sie mindestens 5 Werktage vor dem Startdatum der Tour und senden Sie Vox das ausgef\u00fcllte Buchungsformular.<\/li><li>Notieren Sie sich unbedingt Ihren Tourcode und die Kontaktdaten des Tour Directors.<\/li><li>Geben Sie in der Notiz den Firmennamen an, bei dem Sie das Hotel reserviert haben (wir werden diesen Namen als Referenz auf der Box vermerken).<\/li><li>Warnen Sie die Hotels\/Busunternehmen usw., dass sie eine Box f\u00fcr Ihren Tour Director von Vox erhalten werden.<\/li><li>Wenn Sie ankommen und der Concierge meldet, dass er keine Box von Vox f\u00fcr Ihre Tour hat, bitten Sie ihn, noch einmal nach einer Box zu suchen, die in einer roten Plastikt\u00fcte von Vox verpackt ist.<\/li><li>Sobald Sie die Box abgeholt haben, \u00fcberpr\u00fcfen Sie bitte noch einmal, ob die Angaben auf dem Etikett mit Ihrer spezifischen Gruppe \u00fcbereinstimmen, um Verwechslungen bei den Lieferungen zu vermeiden (oft haben wir mehrere Gruppen im selben Hotel).<\/li><li>\u00dcberpr\u00fcfen Sie abschlie\u00dfend sorgf\u00e4ltig die Ausr\u00fcstung in der Box. Wenn Sie Probleme feststellen, wenden Sie sich bitte umgehend an Vox unter unserer Operations-Telefonnummer (24\/7 verf\u00fcgbar), um das Problem zu l\u00f6sen: <\/li><\/ul><p><em>Anruf: +447507817627 | E-Mail: uk@vox.network<\/em><\/p><h2><strong>Betrieb von Mietservices<\/strong><\/h2>\t\t\t\t\t\t\t\t<\/div>\n\t\t\t\t<\/div>\n\t\t\t\t<div class=\"elementor-element elementor-element-9b03a82 elementor-widget elementor-widget-image\" data-id=\"9b03a82\" data-element_type=\"widget\" data-e-type=\"widget\" data-widget_type=\"image.default\">\n\t\t\t\t<div class=\"elementor-widget-container\">\n\t\t\t\t\t\t\t\t\t\t\t\t\t\t\t<img decoding=\"async\" width=\"1024\" height=\"450\" src=\"https:\/\/voxtours.com\/wp-content\/uploads\/2024\/09\/operation-of-rental-service.jpg\" class=\"attachment-full size-full wp-image-4044\" alt=\"\" srcset=\"https:\/\/voxtours.com\/wp-content\/uploads\/2024\/09\/operation-of-rental-service.jpg 1024w, https:\/\/voxtours.com\/wp-content\/uploads\/2024\/09\/operation-of-rental-service-300x132.jpg 300w\" sizes=\"(max-width: 1024px) 100vw, 1024px\" \/>\t\t\t\t\t\t\t\t\t\t\t\t\t\t\t<\/div>\n\t\t\t\t<\/div>\n\t\t\t\t<div class=\"elementor-element elementor-element-36f9745 elementor-widget elementor-widget-text-editor\" data-id=\"36f9745\" data-element_type=\"widget\" data-e-type=\"widget\" data-widget_type=\"text-editor.default\">\n\t\t\t\t<div class=\"elementor-widget-container\">\n\t\t\t\t\t\t\t\t\t<h2><strong>Logistik nach dem Brexit<\/strong><\/h2><p>Aufgrund des Brexit sind wir gezwungen, unsere Lieferung von Funkf\u00fchrern in zwei Teile aufzuteilen, um Zollgeb\u00fchren zu vermeiden, wenn Ihre Tour sowohl das Vereinigte K\u00f6nigreich als auch die Republik Irland (oder das Vereinigte K\u00f6nigreich und andere EU-Staaten) umfasst, und zwar wie folgt:<\/p><ul><li><strong>London \/ Europa (z. B. Paris):<\/strong>Sie m\u00fcssen ein Vox-Set in London abholen, es beim Auschecken im Londoner Hotel lassen und bei der Ankunft im ersten Hotel in Paris ein anderes Set abholen.<\/li><li><strong>UK (einschlie\u00dflich Nordirland) \/ Republik Irland:<\/strong>Sie m\u00fcssen ein Vox-Set in Gro\u00dfbritannien abholen, es beim Auschecken in Gro\u00dfbritannien lassen und dann ein anderes Set f\u00fcr Ihre Zeit in der Republik Irland abholen.<\/li><li><strong>Republik Irland \/ UK (einschlie\u00dflich Nordirland):<\/strong>Sie m\u00fcssen ein Vox-Set in der Republik Irland abholen, es beim Auschecken in der Republik Irland lassen und ein anderes Set f\u00fcr Ihre Zeit in Gro\u00dfbritannien abholen<\/li><li><strong>Nordirland\/Republik Irland:<\/strong>Hier k\u00f6nnen Sie das gleiche Set (also nur eines) f\u00fcr die gesamte Dauer der Tour verwenden (Abholung in Nordirland und R\u00fcckgabe in der Republik Irland)<\/li><li><strong>Republik Irland\/Nordirland:<\/strong>Hier k\u00f6nnen Sie das gleiche Set (also nur eines) f\u00fcr die gesamte Dauer der Tour verwenden (Abholung in der Republik Irland und R\u00fcckgabe in Nordirland)<\/li><li><strong>UK\/Nordirland:<\/strong>Hier k\u00f6nnen Sie das gleiche Set (also nur eines) f\u00fcr die gesamte Dauer der Tour verwenden (Abholung in Gro\u00dfbritannien und R\u00fcckgabe in Nordirland)<\/li><li><strong>Nordirland\/UK:<\/strong>Hier k\u00f6nnen Sie das gleiche Set (also nur eines) f\u00fcr die gesamte Dauer der Tour verwenden (Abholung in Nordirland und R\u00fcckgabe in Gro\u00dfbritannien)<\/li><\/ul>\t\t\t\t\t\t\t\t<\/div>\n\t\t\t\t<\/div>\n\t\t\t\t<div class=\"elementor-element elementor-element-b47c658 elementor-widget elementor-widget-image\" data-id=\"b47c658\" data-element_type=\"widget\" data-e-type=\"widget\" data-widget_type=\"image.default\">\n\t\t\t\t<div class=\"elementor-widget-container\">\n\t\t\t\t\t\t\t\t\t\t\t\t\t\t\t<img decoding=\"async\" width=\"768\" height=\"210\" src=\"https:\/\/voxtours.com\/wp-content\/uploads\/2024\/09\/Vox-sustainable-future-768x210-1.jpg\" class=\"attachment-full size-full wp-image-4048\" alt=\"\" srcset=\"https:\/\/voxtours.com\/wp-content\/uploads\/2024\/09\/Vox-sustainable-future-768x210-1.jpg 768w, https:\/\/voxtours.com\/wp-content\/uploads\/2024\/09\/Vox-sustainable-future-768x210-1-300x82.jpg 300w\" sizes=\"(max-width: 768px) 100vw, 768px\" \/>\t\t\t\t\t\t\t\t\t\t\t\t\t\t\t<\/div>\n\t\t\t\t<\/div>\n\t\t\t\t<div class=\"elementor-element elementor-element-81b61cc elementor-widget elementor-widget-text-editor\" data-id=\"81b61cc\" data-element_type=\"widget\" data-e-type=\"widget\" data-widget_type=\"text-editor.default\">\n\t\t\t\t<div class=\"elementor-widget-container\">\n\t\t\t\t\t\t\t\t\t<h2><strong>VOX &amp; REISELEITER ARBEITEN ZUSAMMEN<\/strong><\/h2><p>Wir bei Vox sind st\u00e4ndig bestrebt, unsere Abl\u00e4ufe so nachhaltig wie m\u00f6glich zu gestalten. Wir legen bereits gro\u00dfen Wert darauf, dass unsere Batterien und Headsets in speziellen Beuteln an uns zur\u00fcckgeschickt werden, damit wir sie korrekt recyceln k\u00f6nnen, und wir verwenden zunehmend recycelbare Kartonagen in unserer Logistik.<br>Bitte helfen Sie uns, die Umwelt noch weiter zu schonen, indem Sie Ihre G\u00e4ste ermutigen, ihre pers\u00f6nlichen Ohrh\u00f6rer mit unseren Tour Guide Systemen zu verwenden. <\/p><p><strong><em>Vielen Dank f\u00fcr Ihre Unterst\u00fctzung<\/em><\/strong><\/p>\t\t\t\t\t\t\t\t<\/div>\n\t\t\t\t<\/div>\n\t\t\t\t<div class=\"elementor-element elementor-element-e9a8df1 elementor-widget elementor-widget-image\" data-id=\"e9a8df1\" data-element_type=\"widget\" data-e-type=\"widget\" data-widget_type=\"image.default\">\n\t\t\t\t<div class=\"elementor-widget-container\">\n\t\t\t\t\t\t\t\t\t\t\t\t\t\t\t<img loading=\"lazy\" decoding=\"async\" width=\"1024\" height=\"359\" src=\"https:\/\/voxtours.com\/wp-content\/uploads\/2024\/09\/operations-1024x359-1.png\" class=\"attachment-full size-full wp-image-4052\" alt=\"\" srcset=\"https:\/\/voxtours.com\/wp-content\/uploads\/2024\/09\/operations-1024x359-1.png 1024w, https:\/\/voxtours.com\/wp-content\/uploads\/2024\/09\/operations-1024x359-1-300x105.png 300w\" sizes=\"(max-width: 1024px) 100vw, 1024px\" \/>\t\t\t\t\t\t\t\t\t\t\t\t\t\t\t<\/div>\n\t\t\t\t<\/div>\n\t\t\t\t\t<\/div>\n\t\t\t\t<\/div>\n\t\t\t\t<\/div>\n\t\t","protected":false},"excerpt":{"rendered":"<p>Nutzungsbedingungen f\u00fcr den Tour Guide System Service &amp; UK Was ist in Ihren Preisen enthalten? \u2714 Lieferung und Abholung*\u2714 Empf\u00e4ngereinheiten wie angegeben\u2714 Ein Sender f\u00fcr den Reiseleiter\u2714 Standard-Ohrh\u00f6rer\u2714 5 AM1-Ohrh\u00f6rer f\u00fcr H\u00f6rgesch\u00e4digte\u2714 Ersatzausr\u00fcstung (1 Sender\/5 Empf\u00e4nger\/10 Einweg-Ohrh\u00f6rer\/Alkaline-Batterien)\u2714 Bedienungsanleitung *F\u00fcr Inseln und Standorte, die von Kurierunternehmen als abgelegen gelten, wird ein Aufpreis von 100,00 \u00a3 erhoben&#8230;.<\/p>\n","protected":false},"author":18,"featured_media":0,"parent":0,"menu_order":0,"comment_status":"closed","ping_status":"closed","template":"","meta":{"footnotes":""},"class_list":["post-5749","page","type-page","status-publish","hentry"],"acf":[],"_links":{"self":[{"href":"https:\/\/voxtours.com\/de\/wp-json\/wp\/v2\/pages\/5749","targetHints":{"allow":["GET"]}}],"collection":[{"href":"https:\/\/voxtours.com\/de\/wp-json\/wp\/v2\/pages"}],"about":[{"href":"https:\/\/voxtours.com\/de\/wp-json\/wp\/v2\/types\/page"}],"author":[{"embeddable":true,"href":"https:\/\/voxtours.com\/de\/wp-json\/wp\/v2\/users\/18"}],"replies":[{"embeddable":true,"href":"https:\/\/voxtours.com\/de\/wp-json\/wp\/v2\/comments?post=5749"}],"version-history":[{"count":0,"href":"https:\/\/voxtours.com\/de\/wp-json\/wp\/v2\/pages\/5749\/revisions"}],"wp:attachment":[{"href":"https:\/\/voxtours.com\/de\/wp-json\/wp\/v2\/media?parent=5749"}],"curies":[{"name":"wp","href":"https:\/\/api.w.org\/{rel}","templated":true}]}}