{"id":5735,"date":"2024-10-10T10:19:07","date_gmt":"2024-10-10T10:19:07","guid":{"rendered":"https:\/\/voxtours.com\/agb-fuer-den-service-von-personenfuehrungsanlagen-irland\/"},"modified":"2025-07-09T16:59:37","modified_gmt":"2025-07-09T16:59:37","slug":"agb-fuer-den-service-von-personenfuehrungsanlagen-irland","status":"publish","type":"page","link":"https:\/\/voxtours.com\/de\/agb-fuer-den-service-von-personenfuehrungsanlagen-irland\/","title":{"rendered":"AGB f\u00fcr den Service von Personenf\u00fchrungsanlagen IRLAND"},"content":{"rendered":"\t\t<div data-elementor-type=\"wp-page\" data-elementor-id=\"5735\" class=\"elementor elementor-5735 elementor-1288\" data-elementor-post-type=\"page\">\n\t\t\t\t<div class=\"elementor-element elementor-element-5b2e51ac inner-ban-sec e-flex e-con-boxed e-con e-parent\" data-id=\"5b2e51ac\" data-element_type=\"container\" data-settings=\"{&quot;background_background&quot;:&quot;gradient&quot;}\">\n\t\t\t\t\t<div class=\"e-con-inner\">\n\t\t<div class=\"elementor-element elementor-element-3e003222 e-con-full e-flex e-con e-child\" data-id=\"3e003222\" data-element_type=\"container\">\n\t\t\t\t<div class=\"elementor-element elementor-element-53a85847 elementor-widget__width-initial elementor-widget elementor-widget-heading\" data-id=\"53a85847\" data-element_type=\"widget\" data-widget_type=\"heading.default\">\n\t\t\t\t<div class=\"elementor-widget-container\">\n\t\t\t\t\t<h2 class=\"elementor-heading-title elementor-size-default\">AGB f\u00fcr den Service von Personenf\u00fchrungsanlagen IRLAND<\/h2>\t\t\t\t<\/div>\n\t\t\t\t<\/div>\n\t\t\t\t<\/div>\n\t\t\t\t\t<\/div>\n\t\t\t\t<\/div>\n\t\t<div class=\"elementor-element elementor-element-6e1d3fe e-flex e-con-boxed e-con e-parent\" data-id=\"6e1d3fe\" data-element_type=\"container\">\n\t\t\t\t\t<div class=\"e-con-inner\">\n\t\t<div class=\"elementor-element elementor-element-049b5d8 e-con-full e-flex e-con e-child\" data-id=\"049b5d8\" data-element_type=\"container\">\n\t\t\t\t<div class=\"elementor-element elementor-element-248f85d elementor-widget elementor-widget-heading\" data-id=\"248f85d\" data-element_type=\"widget\" data-widget_type=\"heading.default\">\n\t\t\t\t<div class=\"elementor-widget-container\">\n\t\t\t\t\t<h2 class=\"elementor-heading-title elementor-size-default\">Was ist in Ihren Tarifen enthalten?<\/h2>\t\t\t\t<\/div>\n\t\t\t\t<\/div>\n\t\t\t\t<\/div>\n\t\t\t\t<div class=\"elementor-element elementor-element-e65e174 elementor-widget elementor-widget-text-editor\" data-id=\"e65e174\" data-element_type=\"widget\" data-widget_type=\"text-editor.default\">\n\t\t\t\t<div class=\"elementor-widget-container\">\n\t\t\t\t\t\t\t\t\t<h2><strong>Was ist in Ihren Tarifen enthalten?<\/strong><\/h2><p>\u2714 Lieferung und Abholung*<br>\u2714 Empf\u00e4ngereinheiten wie angegeben<br>\u2714 Sendeeinheit f\u00fcr den Guide<br>\u2714 Standard-Kopfh\u00f6rer<br>\u2714 5 AM1-Kopfh\u00f6rer f\u00fcr H\u00f6rgesch\u00e4digte<br>\u2714 Ersatzausr\u00fcstung (1 Sender\/5 Empf\u00e4nger\/10 Einweg-Kopfh\u00f6rer\/Alkalibatterien)<br>\u2714 Bedienungsanleitung<\/p><p><em>*F\u00fcr Inseln und Orte, die von Kurierunternehmen als abgelegen eingestuft werden, wird ein Aufpreis von <\/em>\u20ac<em>100,00<\/em> erhoben.<\/p><p>Zus\u00e4tzliche oder spezielle Anfragen k\u00f6nnen zu einer Erh\u00f6hung der Mietkosten f\u00fchren.<br>F\u00fcr spezielle Anforderungen k\u00f6nnen Sie uns kontaktieren unter: <strong>ireland@vox.network<\/strong><\/p><h2><strong>Stornierungsbedingungen<\/strong><\/h2><ul><li>Keine Stornogeb\u00fchren bis zu 6 Werktage vor dem Service<\/li><li>Bis zu 5 Tage vor dem Service fallen Versandkosten von 80,00 \u20ac an<\/li><li>Bis zu 4 \u2013 0 Tage fallen volle Geb\u00fchren an<\/li><\/ul><h2><strong>Verantwortung<\/strong><\/h2><p>Jegliche Besch\u00e4digung und\/oder Verlust von Ger\u00e4ten unterliegt den folgenden Strafen:<\/p><ul><li>Besch\u00e4digung\/Verlust des Empf\u00e4ngers: 50,00 \u20ac pro Einheit<\/li><li>Besch\u00e4digung\/Verlust des Senders: 100,00 \u20ac pro Einheit<\/li><\/ul>\t\t\t\t\t\t\t\t<\/div>\n\t\t\t\t<\/div>\n\t\t\t\t<div class=\"elementor-element elementor-element-dd24ae6 elementor-widget elementor-widget-image\" data-id=\"dd24ae6\" data-element_type=\"widget\" data-widget_type=\"image.default\">\n\t\t\t\t<div class=\"elementor-widget-container\">\n\t\t\t\t\t\t\t\t\t\t\t\t\t\t\t<img fetchpriority=\"high\" decoding=\"async\" width=\"1024\" height=\"280\" src=\"https:\/\/voxtours.com\/wp-content\/uploads\/2024\/09\/terms-condition-products.jpg\" class=\"attachment-full size-full wp-image-4040\" alt=\"\" srcset=\"https:\/\/voxtours.com\/wp-content\/uploads\/2024\/09\/terms-condition-products.jpg 1024w, https:\/\/voxtours.com\/wp-content\/uploads\/2024\/09\/terms-condition-products-300x82.jpg 300w\" sizes=\"(max-width: 1024px) 100vw, 1024px\" \/>\t\t\t\t\t\t\t\t\t\t\t\t\t\t\t<\/div>\n\t\t\t\t<\/div>\n\t\t\t\t<div class=\"elementor-element elementor-element-3cb040e elementor-widget elementor-widget-text-editor\" data-id=\"3cb040e\" data-element_type=\"widget\" data-widget_type=\"text-editor.default\">\n\t\t\t\t<div class=\"elementor-widget-container\">\n\t\t\t\t\t\t\t\t\t<h2><strong>Was vor der Tour zu tun ist:<\/strong><\/h2><ul><li>Buchen Sie mindestens 5 Werktage vor dem Tourstartdatum und senden Sie Vox das ausgef\u00fcllte Buchungsformular.<\/li><li>Notieren Sie sich unbedingt Ihren Tourcode und die Kontaktdaten des Tour Directors.<\/li><li>Geben Sie im Hinweis den Firmennamen an, mit dem Sie das Hotel reserviert haben (wir werden diesen Namen als Referenz auf der Box vermerken).<\/li><li>Informieren Sie die Hotels\/Busunternehmen usw., dass sie eine Box von Vox f\u00fcr Ihren Tour Director erhalten werden.<\/li><li>Wenn Sie ankommen und der Concierge meldet, dass er keine Box von Vox f\u00fcr Ihre Tour hat, bitten Sie ihn, noch einmal nach einer Box zu suchen, die in einer roten Vox-Plastikt\u00fcte verpackt ist.<\/li><li>Sobald Sie die Box abgeholt haben, \u00fcberpr\u00fcfen Sie bitte noch einmal, ob die Referenzen auf dem Etikett Ihrer spezifischen Gruppe entsprechen, um Verwechslungen bei den Lieferungen zu vermeiden (oft haben wir mehrere Gruppen im selben Hotel).<\/li><li>\u00dcberpr\u00fcfen Sie schlie\u00dflich sorgf\u00e4ltig die Ausr\u00fcstung in der Box. Wenn Sie Probleme feststellen, kontaktieren Sie Vox bitte umgehend unter unserer Betriebs-Telefonnummer (24\/7 verf\u00fcgbar), um das Problem zu l\u00f6sen: <\/li><\/ul><p><em>Anruf: +353 (87) 4066144 | E-Mail: ireland@vox.network<\/em><\/p><h2><strong>Betrieb von Mietservices<\/strong><\/h2>\t\t\t\t\t\t\t\t<\/div>\n\t\t\t\t<\/div>\n\t\t\t\t<div class=\"elementor-element elementor-element-9b03a82 elementor-widget elementor-widget-image\" data-id=\"9b03a82\" data-element_type=\"widget\" data-widget_type=\"image.default\">\n\t\t\t\t<div class=\"elementor-widget-container\">\n\t\t\t\t\t\t\t\t\t\t\t\t\t\t\t<img decoding=\"async\" width=\"1024\" height=\"450\" src=\"https:\/\/voxtours.com\/wp-content\/uploads\/2024\/09\/operation-of-rental-service.jpg\" class=\"attachment-full size-full wp-image-4044\" alt=\"\" srcset=\"https:\/\/voxtours.com\/wp-content\/uploads\/2024\/09\/operation-of-rental-service.jpg 1024w, https:\/\/voxtours.com\/wp-content\/uploads\/2024\/09\/operation-of-rental-service-300x132.jpg 300w\" sizes=\"(max-width: 1024px) 100vw, 1024px\" \/>\t\t\t\t\t\t\t\t\t\t\t\t\t\t\t<\/div>\n\t\t\t\t<\/div>\n\t\t\t\t<div class=\"elementor-element elementor-element-b47c658 elementor-widget elementor-widget-image\" data-id=\"b47c658\" data-element_type=\"widget\" data-widget_type=\"image.default\">\n\t\t\t\t<div class=\"elementor-widget-container\">\n\t\t\t\t\t\t\t\t\t\t\t\t\t\t\t<img decoding=\"async\" width=\"768\" height=\"210\" src=\"https:\/\/voxtours.com\/wp-content\/uploads\/2024\/09\/Vox-sustainable-future-768x210-1.jpg\" class=\"attachment-full size-full wp-image-4048\" alt=\"\" srcset=\"https:\/\/voxtours.com\/wp-content\/uploads\/2024\/09\/Vox-sustainable-future-768x210-1.jpg 768w, https:\/\/voxtours.com\/wp-content\/uploads\/2024\/09\/Vox-sustainable-future-768x210-1-300x82.jpg 300w\" sizes=\"(max-width: 768px) 100vw, 768px\" \/>\t\t\t\t\t\t\t\t\t\t\t\t\t\t\t<\/div>\n\t\t\t\t<\/div>\n\t\t\t\t<div class=\"elementor-element elementor-element-81b61cc elementor-widget elementor-widget-text-editor\" data-id=\"81b61cc\" data-element_type=\"widget\" data-widget_type=\"text-editor.default\">\n\t\t\t\t<div class=\"elementor-widget-container\">\n\t\t\t\t\t\t\t\t\t<p>Bei Vox sind wir st\u00e4ndig bestrebt, unsere Abl\u00e4ufe so nachhaltig wie m\u00f6glich zu gestalten. Wir legen bereits gro\u00dfen Wert darauf, dass unsere Batterien und Headsets in speziellen Taschen an uns zur\u00fcckgesendet werden, damit wir sie korrekt recyceln k\u00f6nnen, und wir erh\u00f6hen den Einsatz von recycelbaren Kartons in unserer Logistik.<br>Bitte helfen Sie uns, die Umwelt weiter zu schonen, indem Sie Ihre G\u00e4ste dazu ermutigen, ihre pers\u00f6nlichen Kopfh\u00f6rer mit unseren Personenf\u00fchrungsanlagen zu verwenden. <\/p><p><strong><em>Vielen Dank f\u00fcr Ihre Unterst\u00fctzung<\/em><\/strong><\/p>\t\t\t\t\t\t\t\t<\/div>\n\t\t\t\t<\/div>\n\t\t\t\t<div class=\"elementor-element elementor-element-e9a8df1 elementor-widget elementor-widget-image\" data-id=\"e9a8df1\" data-element_type=\"widget\" data-widget_type=\"image.default\">\n\t\t\t\t<div class=\"elementor-widget-container\">\n\t\t\t\t\t\t\t\t\t\t\t\t\t\t\t<img loading=\"lazy\" decoding=\"async\" width=\"1024\" height=\"359\" src=\"https:\/\/voxtours.com\/wp-content\/uploads\/2024\/09\/operations-1024x359-1.png\" class=\"attachment-full size-full wp-image-4052\" alt=\"\" srcset=\"https:\/\/voxtours.com\/wp-content\/uploads\/2024\/09\/operations-1024x359-1.png 1024w, https:\/\/voxtours.com\/wp-content\/uploads\/2024\/09\/operations-1024x359-1-300x105.png 300w\" sizes=\"(max-width: 1024px) 100vw, 1024px\" \/>\t\t\t\t\t\t\t\t\t\t\t\t\t\t\t<\/div>\n\t\t\t\t<\/div>\n\t\t\t\t\t<\/div>\n\t\t\t\t<\/div>\n\t\t\t\t<\/div>\n\t\t","protected":false},"excerpt":{"rendered":"<p>AGB f\u00fcr den Service von Personenf\u00fchrungsanlagen IRLAND Was ist in Ihren Tarifen enthalten? Was ist in Ihren Tarifen enthalten? \u2714 Lieferung und Abholung*\u2714 Empf\u00e4ngereinheiten wie angegeben\u2714 Sendeeinheit f\u00fcr den Guide\u2714 Standard-Kopfh\u00f6rer\u2714 5 AM1-Kopfh\u00f6rer f\u00fcr H\u00f6rgesch\u00e4digte\u2714 Ersatzausr\u00fcstung (1 Sender\/5 Empf\u00e4nger\/10 Einweg-Kopfh\u00f6rer\/Alkalibatterien)\u2714 Bedienungsanleitung *F\u00fcr Inseln und Orte, die von Kurierunternehmen als abgelegen eingestuft werden, wird ein Aufpreis&#8230;<\/p>\n","protected":false},"author":18,"featured_media":0,"parent":0,"menu_order":0,"comment_status":"closed","ping_status":"closed","template":"","meta":{"footnotes":""},"class_list":["post-5735","page","type-page","status-publish","hentry"],"acf":[],"_links":{"self":[{"href":"https:\/\/voxtours.com\/de\/wp-json\/wp\/v2\/pages\/5735","targetHints":{"allow":["GET"]}}],"collection":[{"href":"https:\/\/voxtours.com\/de\/wp-json\/wp\/v2\/pages"}],"about":[{"href":"https:\/\/voxtours.com\/de\/wp-json\/wp\/v2\/types\/page"}],"author":[{"embeddable":true,"href":"https:\/\/voxtours.com\/de\/wp-json\/wp\/v2\/users\/18"}],"replies":[{"embeddable":true,"href":"https:\/\/voxtours.com\/de\/wp-json\/wp\/v2\/comments?post=5735"}],"version-history":[{"count":0,"href":"https:\/\/voxtours.com\/de\/wp-json\/wp\/v2\/pages\/5735\/revisions"}],"wp:attachment":[{"href":"https:\/\/voxtours.com\/de\/wp-json\/wp\/v2\/media?parent=5735"}],"curies":[{"name":"wp","href":"https:\/\/api.w.org\/{rel}","templated":true}]}}