{"id":5711,"date":"2024-10-28T14:28:10","date_gmt":"2024-10-28T14:28:10","guid":{"rendered":"https:\/\/voxtours.com\/nutzungsbedingungen-fuer-den-vox-connect-service\/"},"modified":"2025-07-09T16:58:27","modified_gmt":"2025-07-09T16:58:27","slug":"nutzungsbedingungen-fuer-den-vox-connect-service","status":"publish","type":"page","link":"https:\/\/voxtours.com\/de\/nutzungsbedingungen-fuer-den-vox-connect-service\/","title":{"rendered":"Nutzungsbedingungen f\u00fcr den Vox Connect-Service"},"content":{"rendered":"<section class=\"l-section wpb_row us_custom_64ac204c policy-content-sec height_medium\"><div class=\"l-section-h i-cf\"><div class=\"g-cols vc_row via_grid cols_1 laptops-cols_inherit tablets-cols_inherit mobiles-cols_1 valign_top type_default stacking_default\"><div class=\"wpb_column vc_column_container\"><div class=\"vc_column-inner\"><div class=\"g-cols wpb_row via_grid cols_1 laptops-cols_inherit tablets-cols_inherit mobiles-cols_1 valign_top type_default stacking_default\" style=\"--gap:3rem;\"><div class=\"wpb_column vc_column_container\"><div class=\"vc_column-inner\"><h1 class=\"w-text us_custom_d2a2320e has_text_color\"><span class=\"w-text-h\"><span class=\"w-text-value\">Nutzungsbedingungen f\u00fcr den Vox Connect-Service<\/span><\/span><\/h1><div class=\"wpb_text_column us_custom_87d94ed3 has_text_color\"><div class=\"wpb_wrapper\"><p>Diese Nutzungsbedingungen legen die Vereinbarung zwischen Ihnen (im Folgenden Sie oder der Nutzer) und VOX S.p.A. mit eingetragenem Sitz in Perugia, Via Pievaiola n. 21, Steuernummer und Registernummer 2549200547 (im Folgenden Vox, Wir, Uns oder Unser) fest und gelten f\u00fcr die Nutzung des Softwareprogramms Vox Connect f\u00fcr mobile Ger\u00e4te (im Folgenden Vox Connect App oder die App) und unsere Website <a href=\"https:\/\/turnuptechnologies.dev\/voxtours\/\" rel=\"nofollow noopener\" target=\"_blank\">www.voxtours.com<\/a> (und andere Websites, die auf die Website <a href=\"https:\/\/turnuptechnologies.dev\/voxtours\/\" rel=\"nofollow noopener\" target=\"_blank\">www.voxtours.com<\/a> und deren Subdomain verweisen) (im Folgenden die Website), (im Folgenden zusammenfassend der Dienst). Diese Nutzungsbedingungen werden im Folgenden als die Vereinbarung bezeichnet. Durch den Zugriff auf und\/oder die Nutzung der App und der Website stimmen Sie den Bedingungen dieser Vereinbarung und der Datenschutzerkl\u00e4rung zu, die auf der Vox-Website unter <a href=\"https:\/\/turnuptechnologies.dev\/voxtours\/\" rel=\"nofollow noopener\" target=\"_blank\">www.voxtours.com<\/a> abrufbar ist (im Folgenden die Datenschutzerkl\u00e4rung).   <\/p>\n<p>Die Website erm\u00f6glicht es den Nutzern, einen Reisef\u00fchrer f\u00fcr mobile Ger\u00e4te zu kaufen, der sich auf eine ausgew\u00e4hlte Stadt unter den verf\u00fcgbaren St\u00e4dten bezieht (im Folgenden der digitale Inhalt), einzeln oder in Kombination mit Fahrkarten f\u00fcr \u00f6ffentliche Verkehrsmittel. Dritte, wie z. B. physische Einzelh\u00e4ndler, offizielle Verkaufsstellen, Online-H\u00e4ndler, Reise- und Buchungswebsites oder -agenturen, die von Vox ausdr\u00fccklich autorisiert sind, k\u00f6nnen den Inhalt ebenfalls verkaufen, und in diesem Fall verstehen Sie und stimmen zu, dass Sie einen Kaufvertrag direkt mit einem solchen Drittanbieter abschlie\u00dfen, unabh\u00e4ngig davon, ob es sich um Offline- oder Online-H\u00e4ndler handelt, und Vox kann in keinem Fall als Teil des Kaufvertrags zwischen Ihnen und dem Drittanbieter oder als verantwortlich oder haftbar f\u00fcr Verpflichtungen, die sich aus diesem ergeben, angesehen werden. Falls Sie den Inhalt \u00fcber Dritte erwerben, verstehen Sie, dass Sie den Verkaufsbedingungen und der Datenschutzerkl\u00e4rung dieser Dritten unterliegen.  <\/p>\n<ol>\n<li><strong>Die eingeschr\u00e4nkte Lizenz<\/strong><\/li>\n<\/ol>\n<p>Vox gew\u00e4hrt Ihnen eine nicht-exklusive, nicht \u00fcbertragbare und widerrufliche, beschr\u00e4nkte Lizenz f\u00fcr den Zugriff auf und\/oder die Nutzung der Website und der Vox Connect App, vorbehaltlich dieser Nutzungsbedingungen und der Datenschutzerkl\u00e4rung. Sie sind daf\u00fcr verantwortlich, sich Zugang zum Dienst zu verschaffen, und dieser Zugang kann Geb\u00fchren Dritter beinhalten, wie z. B. Kosten f\u00fcr Internetdienstanbieter oder andere Kosten. Es ist Ihnen gestattet, den Dienst nur f\u00fcr den pers\u00f6nlichen, nicht-kommerziellen Gebrauch zu nutzen, und Sie erkl\u00e4ren sich damit einverstanden, Ihr Konto nur f\u00fcr den pers\u00f6nlichen Gebrauch zu nutzen und keine anderen Personen zur Nutzung Ihres Kontos zu erm\u00e4chtigen.  <\/p>\n<ol start=\"2\">\n<li><strong>Verkaufsbedingungen auf <\/strong><a href=\"https:\/\/turnuptechnologies.dev\/voxtours\/\" rel=\"nofollow noopener\" target=\"_blank\"><strong>www.voxtours.com<\/strong><\/a><\/li>\n<\/ol>\n<p>Auf der Website m\u00fcssen Sie auf ein Online-Dashboard auf der Website zugreifen (im Folgenden das Bestellformular), wo Sie aufgefordert werden, sich durch Ausf\u00fcllen der entsprechenden pers\u00f6nlichen Daten, der E-Mail-Adresse und Ihrer Zahlungskartendaten zu identifizieren, um den Kaufvorgang abzuschlie\u00dfen. Vox verwendet eine Zahlungsplattform eines Drittanbieters, Stripe, um die von Ihnen get\u00e4tigten Zahlungen zu verarbeiten. Die Verarbeitung von Zahlungen unterliegt zus\u00e4tzlich zu dieser Vereinbarung den Bedingungen und Datenschutzrichtlinien von Stripe. Sie verstehen ausdr\u00fccklich und stimmen zu, dass Vox nicht f\u00fcr Zahlungen und Geldtransaktionen haftet, die durch Ihre Nutzung des Dienstes entstehen. Sie verstehen ausdr\u00fccklich und stimmen zu, dass alle Zahlungen und Geldtransaktionen von Stripe abgewickelt werden. Sie erkl\u00e4ren sich damit einverstanden, dass Vox nicht f\u00fcr Probleme im Zusammenhang mit Finanz- und Geldtransaktionen zwischen Ihnen und einer anderen Partei, einschlie\u00dflich Stripe, haftet. Vox kann nicht f\u00fcr Verluste oder Sch\u00e4den haftbar gemacht werden, die durch Fehler oder ung\u00fcltige Transaktionen entstehen, die mit Ihrem Stripe-Konto verarbeitet werden, einschlie\u00dflich, aber nicht beschr\u00e4nkt auf Transaktionen, die aufgrund eines Netzwerkkommunikationsfehlers oder aus einem anderen Grund nicht verarbeitet wurden.      <\/p>\n<p>Im Bestellformular kann der Nutzer die Art und Menge der digitalen Inhalte ausw\u00e4hlen, einzeln oder in Kombination mit einer ausgew\u00e4hlten Anzahl von Fahrkarten, die verf\u00fcgbar sind. Mit dem Kauf der digitalen Inhalte, einzeln oder in Kombination mit Fahrkarten, erkl\u00e4ren Sie sich damit einverstanden, dass Sie ein verbindliches Angebot an Vox abgeben und ein Vertrag zustande kommt, sobald wir Ihnen eine Best\u00e4tigungs-E-Mail (im Folgenden die Best\u00e4tigungs-E-Mail) zusenden, die Ihnen ein Dokument (im Folgenden der Gutschein) mit dem Benutzernamen und dem Passwort (im Folgenden die Login-Daten) und einem QR-Zugangscode (im Folgenden der QR-Zugangscode) zur Verf\u00fcgung stellt, die Ihnen einzeln und zusammen den Zugang zur App, den digitalen Inhalten des darin enthaltenen gekauften Audioguides und die Abholung Ihrer Fahrkarten erm\u00f6glichen. Sie stimmen hiermit ausdr\u00fccklich zu, dass die Lieferung der digitalen Inhalte an Ihre E-Mail-Adresse und die Ausf\u00fchrung und Erbringung der Dienstleistung von Vox unmittelbar nach dem Versand dieser Best\u00e4tigungs-E-Mail oder der Bereitstellung der Login-Daten oder des QR-Zugangscodes beginnt. Die digitalen Inhalte, einzeln oder in Kombination mit Fahrkarten, sind nicht retournierbar oder erstattungsf\u00e4hig. Der Gutschein ist g\u00fcltig, um auf die App und die darin enthaltenen digitalen Inhalte eine begrenzte Anzahl von Malen zuzugreifen, die der Anzahl der gekauften digitalen Inhalte und\/oder Fahrkarten entspricht. Sobald der Nutzer auf einem mobilen Ger\u00e4t auf die digitalen Inhalte zugegriffen hat, ist die Nutzung und der Download der digitalen Inhalte nur auf diesem bestimmten mobilen Ger\u00e4t beschr\u00e4nkt. Sie verstehen, dass Sie, falls Sie sich von der App abmelden, nicht mehr in der Lage sein werden, auf die App und ihre digitalen Inhalte zuzugreifen. Dar\u00fcber hinaus verstehen Sie hiermit und stimmen zu, dass der von uns oder von Dritten ausgestellte Gutschein innerhalb von 1 (einem) Jahr ab dem Datum des Kaufs der digitalen Inhalte verwendet werden muss. Diese Endfrist ist obligatorisch, und nach Ablauf dieser Frist erkennen Sie an, dass Sie das Recht auf den Zugang zum Dienst und zu den gekauften digitalen Inhalten verlieren.        <\/p>\n<p>Der Gutschein berechtigt Sie, die Fahrkarten bei den verf\u00fcgbaren ausgew\u00e4hlten Agenturen abzuholen, wie z. B. Wechselstuben, Tabakl\u00e4den, Reiseb\u00fcros, Offline-H\u00e4ndler, die von Vox autorisiert sind und in der App und\/oder im Gutschein aufgef\u00fchrt sind. Die Agentur wird Sie auffordern, den Gutschein vorzuzeigen, und hat das Recht, dessen G\u00fcltigkeit zu \u00fcberpr\u00fcfen, einschlie\u00dflich, aber nicht beschr\u00e4nkt auf die Durchf\u00fchrung von Kontrollen durch die Nutzung der App, Tools und anderer Software. Die Agentur darf die Fahrkarten im Falle der Ung\u00fcltigkeit des Gutscheins, eines unleserlichen Gutscheins und der Unm\u00f6glichkeit, die G\u00fcltigkeitspr\u00fcfung durchzuf\u00fchren, nicht freigeben.  <\/p>\n<ol start=\"3\">\n<li><strong>Die Vox Connect App<\/strong><\/li>\n<\/ol>\n<p>Sie k\u00f6nnen die Vox Connect App, die mit dem Betriebssystem Ihres mobilen Ger\u00e4ts kompatibel ist, als In-App-Kauf \u00fcber den Apple App Store oder den Android App Store herunterladen, und die App kann auf diesen Plattformen kostenlos heruntergeladen werden. Die kostenlose Version der App kann sich je nach Plattform unterscheiden, und Vox beh\u00e4lt sich das Recht vor, die Preise ohne vorherige Ank\u00fcndigung zu \u00e4ndern. Die App ist nur f\u00fcr iOS-Mobilger\u00e4te ab Version 4.1 und f\u00fcr Android-Mobilger\u00e4te ab Version 8 verf\u00fcgbar. Sie ben\u00f6tigen einen unterst\u00fctzten Webbrowser, um die Website zu nutzen, auf die App zuzugreifen und die digitalen Inhalte herunterzuladen. Sie erkennen an und stimmen zu, dass Vox die Unterst\u00fctzung eines bestimmten Webbrowsers einstellen kann und dass Ihre fortgesetzte Nutzung der Website und der App erfordert, dass Sie einen unterst\u00fctzten Webbrowser herunterladen. Wir k\u00f6nnen die App von Zeit zu Zeit aus irgendeinem Grund und ohne Vorank\u00fcndigung \u00e4ndern oder beenden. Sie k\u00f6nnen m\u00f6glicherweise nicht mehr auf die App zugreifen, nachdem 1 (ein) Jahr nach dem Herunterladen der App aus dem App Store vergangen ist.      <\/p>\n<ol start=\"4\">\n<li><strong>Sprachen<\/strong><\/li>\n<\/ol>\n<p>Die Verf\u00fcgbarkeit der digitalen Inhalte in verschiedenen Sprachen ist auf die Sprachen beschr\u00e4nkt, die zum Zeitpunkt des Kaufs verf\u00fcgbar sind. Wir behalten uns das Recht vor, die verf\u00fcgbaren Sprachen nach eigenem Ermessen, jederzeit und ohne vorherige Zustimmung zu \u00e4ndern und\/oder zu beenden. Nachdem Sie auf die App zugegriffen haben, k\u00f6nnen die digitalen Inhalte nur einmal in 1 (einer) Sprache heruntergeladen werden, die Sie ausw\u00e4hlen m\u00fcssen, bevor Sie mit dem Herunterladen der digitalen Inhalte beginnen. Sie k\u00f6nnen m\u00f6glicherweise die digitalen Inhalte von Ihrer App l\u00f6schen und auf derselben App und demselben mobilen Ger\u00e4t in einer anderen der verf\u00fcgbaren Sprachen erneut herunterladen.   <\/p>\n<ol start=\"5\">\n<li><strong>Berechtigung<\/strong><\/li>\n<\/ol>\n<p>Sie m\u00fcssen achtzehn (18) Jahre oder \u00e4lter sein, um K\u00e4ufe auf der Website zu t\u00e4tigen. Durch die Nutzung der Website und\/oder der App versichern und gew\u00e4hrleisten Sie, dass Sie alle notwendigen Rechte, Befugnisse und Kapazit\u00e4ten besitzen, um diese Vereinbarung in \u00dcbereinstimmung mit den geltenden Gesetzen einzugehen. Durch den Abschluss dieser Vereinbarung versichern und gew\u00e4hrleisten Sie ferner, dass alle \u00fcbermittelten Kaufinformationen wahrheitsgem\u00e4\u00df und richtig sind und dass Sie sich damit einverstanden erkl\u00e4ren, die Richtigkeit dieser Informationen aufrechtzuerhalten. Ihr Zugang zur App kann jederzeit ohne vorherige Ank\u00fcndigung beendet werden, wenn Sie Informationen bereitstellen, die unwahr, ungenau, nicht aktuell oder unvollst\u00e4ndig sind. Sie sind f\u00fcr die Wahrung der Vertraulichkeit Ihrer Informationen, einschlie\u00dflich Ihres Passworts, in Bezug auf jedes Konto auf der Website verantwortlich, und die gesamte Haftung in Bezug auf die Verwaltung der Login-Daten liegt bei Ihnen, und unter keinen Umst\u00e4nden, einschlie\u00dflich Fahrl\u00e4ssigkeit oder Fehlverhalten, haftet Vox f\u00fcr Sch\u00e4den, die aus der Nutzung der App resultieren. Die App ist nicht f\u00fcr die Nutzung durch Kinder ohne direkte Aufsicht von Erwachsenen bestimmt und nicht geeignet, und Vox haftet nicht f\u00fcr die Nutzung der App unter Verletzung dieser Bestimmung.     <\/p>\n<ol start=\"6\">\n<li><strong>Geistiges Eigentum<\/strong><\/li>\n<\/ol>\n<p>Die digitalen Inhalte und die Informationen, die in der App und auf der Website enthalten sind, sowie ihre Dienste und Funktionen (einschlie\u00dflich, aber nicht beschr\u00e4nkt auf Mitteilungen, Haftungsausschl\u00fcsse, Daten, Informationen, Texte, Audio, Bilder, Grafiken, Videos, Software, Prozesse, Code oder anderes Material) sowie die Plattformen, die zur Bereitstellung dieser Inhalte verwendet werden, sind urheberrechtlich gesch\u00fctzt und unterliegen den geistigen Eigentumsrechten von Vox. Sie erkl\u00e4ren sich damit einverstanden, keine Informationen, Software, Produkte oder Dienstleistungen, die Sie durch oder \u00fcber die App und die Website erhalten haben, anderweitig zu ver\u00e4ndern, zu verbreiten, zu entschl\u00fcsseln, aufzuf\u00fchren, zu kopieren, zu reproduzieren, zu \u00fcbertragen, zu \u00fcbermitteln, anzuzeigen, zu ver\u00f6ffentlichen, zu lizenzieren, davon abgeleitete Werke zu erstellen oder zu verkaufen oder weiterzuverkaufen. Die App und die Website k\u00f6nnen auch Inhalte anzeigen und enthalten, die speziell von Dritten bereitgestellt werden. In diesem Fall geh\u00f6ren die Eigentumsrechte und die geistigen Eigentumsrechte an diesen Inhalten den jeweiligen Inhabern der Inhalte und k\u00f6nnen durch Urheberrechte, Marken oder andere anwendbare Gesetze und Gesetze \u00fcber geistiges Eigentum gesch\u00fctzt sein und den von dem Dritten, der sie bereitstellt, festgelegten Nutzungsbedingungen unterliegen. Diese Nutzungsbedingungen gew\u00e4hren Ihnen keine Rechte zur Nutzung dieser Inhalte oder eine Garantie, dass Sie dauerhaft \u00fcber diese Inhalte verf\u00fcgen k\u00f6nnen.    <\/p>\n<ol start=\"7\">\n<li><strong>Garantien<\/strong><\/li>\n<\/ol>\n<p>Sie erkennen ausdr\u00fccklich an und stimmen zu, dass der Dienst und alle Dienste und Funktionen, die Ihnen \u00fcber die App und die Website zur Verf\u00fcgung gestellt oder auf die Sie zugreifen, in dem Umfang genutzt werden, der durch die g\u00fcltige Gesetzgebung erlaubt ist, und zwar ausschlie\u00dflich auf Ihr eigenes Risiko. Vox sichert zu und gew\u00e4hrleistet, und der Nutzer erkennt an, dass Vox uneingeschr\u00e4nkt berechtigt ist, die Nutzung der App in \u00dcbereinstimmung mit dieser Vereinbarung zu lizenzieren. Der Dienst und die App werden auf einer \u201ewie besehen, wie verf\u00fcgbar\u201c Basis bereitgestellt. Vox gew\u00e4hrt dem Nutzer keine ausdr\u00fcckliche oder stillschweigende Garantie, ohne Einschr\u00e4nkung, Garantien f\u00fcr die digitalen Inhalte, auf die Sie \u00fcber die App und die Website zugreifen, welche Auswirkungen die digitalen Inhalte auf Sie haben k\u00f6nnen, wie Sie die digitalen Inhalte interpretieren oder nutzen k\u00f6nnen, einschlie\u00dflich derjenigen, die als Folge Ihres Vertrauens auf die bereitgestellten Informationen verursacht werden. Vox ist nicht verantwortlich oder haftbar f\u00fcr die Richtigkeit, die Einhaltung des Urheberrechts, die Rechtm\u00e4\u00dfigkeit oder die Anst\u00e4ndigkeit des Materials, das \u00fcber den Dienst, die App und die Website bereitgestellt oder auf das zugegriffen wird. Vox \u00fcbernimmt keine Garantie gegen die Verletzung des Besitzes der Vox Connect Software und garantiert auch nicht, dass der Betrieb der Vox Connect Software fehlerfrei, ununterbrochen und dauerhaft verf\u00fcgbar ist, dass Fehler der Vox Connect Software behoben werden oder dass die Vox Connect Software mit einem Ger\u00e4t, einer Software, Anwendungen und Diensten kompatibel ist oder mit diesen zusammenarbeitet. Wir k\u00f6nnen Dritte mit der Bereitstellung von Daten beauftragen, auf denen die von der App bereitgestellten Transportinformationen und -empfehlungen basieren. Alle Reise- und Transportzeiten sind nur Sch\u00e4tzungen, da die tats\u00e4chlichen Reisezeiten von externen Faktoren abh\u00e4ngen, die au\u00dferhalb der Kontrolle von Vox liegen. Dar\u00fcber hinaus k\u00f6nnen wir Lokalisierungsdienste von Dritten nutzen und \u00fcbernehmen keine Verantwortung f\u00fcr die Richtigkeit und Verf\u00fcgbarkeit Dritter. Vox garantiert nicht, dass die in der App angezeigten und beschriebenen Funktionen und Dienste jederzeit und an jedem Ort sicher oder verf\u00fcgbar sind. Die Fahrkarten unterliegen den Bedingungen, der G\u00fcltigkeit und den Nutzungsbedingungen des Transportunternehmens, und wir k\u00f6nnen nicht f\u00fcr Bedingungen haftbar gemacht werden, die diese anwenden, auferlegen oder \u00e4ndern.          <\/p>\n<p>Sie erkennen an, dass die App nicht f\u00fcr die Verwendung in Situationen, an Zielorten und in Umgebungen bestimmt oder geeignet ist, in denen ein Ausfall, eine Verz\u00f6gerung, ein Fehler oder eine Ungenauigkeit von Inhalten, Daten oder Informationen, die von Vox \u00fcber die App bereitgestellt werden, zu Gefahren, Tod, Verletzungen oder schweren Gesundheitssch\u00e4den f\u00fchren kann, und wir schlie\u00dfen jegliche Haftung f\u00fcr Handlungen aus, die Sie aufgrund des Vertrauens auf Informationen, die \u00fcber die App verf\u00fcgbar sind, vornehmen oder f\u00fcr Verluste oder Verletzungen, die Sie erleiden. Vox sichert nicht zu und gew\u00e4hrleistet nicht, dass das Bewegen in solchen Zielorten und Umgebungen ratsam oder ohne Risiko ist, und haftet nicht f\u00fcr Sch\u00e4den oder Verluste, die durch das Bewegen und Reisen in solchen Zielorten und Umgebungen entstehen k\u00f6nnen. Die App kann Werbung f\u00fcr und Links zu externen Websites enthalten, die von anderen Parteien als Vox betrieben werden. Vox kontrolliert diese Websites nicht und ist nicht verantwortlich f\u00fcr deren Inhalte, deren Verf\u00fcgbarkeit oder Richtigkeit. Sie erkl\u00e4ren sich damit einverstanden, dass Vox weder direkt noch indirekt f\u00fcr Verluste haftet oder verantwortlich ist, die im Zusammenhang mit Ihrer Nutzung oder Ihrem Vertrauen auf solche Inhalte, Werbung, Produkte, Dienstleistungen oder andere Ressourcen entstehen, die von solchen externen Websites zur Verf\u00fcgung gestellt werden. Dar\u00fcber hinaus verstehen und akzeptieren Sie hiermit, dass wir in keiner Weise f\u00fcr Inhalte, Dienstleistungen und andere Funktionen verantwortlich oder haftbar sind (oder im Zusammenhang mit dem Zugriff darauf), die von Dritten bereitgestellt werden, auf die Sie oder wir im Zusammenhang mit der App zugreifen. Alle Inhalte liegen in der alleinigen Verantwortung der Person, von der diese Inhalte stammen, und Vox garantiert nicht die Authentizit\u00e4t von Inhalten oder Daten, die Dritte \u00fcber die App bereitstellen.      <\/p>\n<ol start=\"8\">\n<li><strong>Haftungsbeschr\u00e4nkungen<\/strong><\/li>\n<\/ol>\n<p>In keinem Fall haftet Vox Ihnen oder Dritten gegen\u00fcber f\u00fcr direkte, indirekte, besondere, Folge-, Straf- und\/oder Nebensch\u00e4den, einschlie\u00dflich entgangenen Gewinns, Datenverlusts oder Verlusts des Firmenwerts, Betriebsunterbrechung, Computersch\u00e4den oder Systemausf\u00e4lle oder f\u00fcr Sch\u00e4den, die aus Ihrem Zugriff auf und Ihrer Nutzung des Dienstes, der Website und der App entstehen oder in irgendeiner Weise damit in Verbindung stehen. Sie entbinden Vox von jeglicher Haftung, die sich aus Ihrem Verhalten oder dem Verhalten anderer Personen im Zusammenhang mit dem Dienst ergibt oder damit in Zusammenhang steht. Unter bestimmten Umst\u00e4nden kann die App Sie ablenken oder eine gef\u00e4hrliche Situation verursachen; Vox \u00fcbernimmt keine Verantwortung f\u00fcr die sichere Bewegung des Nutzers, w\u00e4hrend er sich im \u00f6ffentlichen Raum bewegt, geht, f\u00e4hrt, Rad f\u00e4hrt und \u00f6ffentliche Verkehrsmittel benutzt. Durch die Nutzung der App erkl\u00e4ren Sie sich damit einverstanden, die Verantwortung f\u00fcr die Einhaltung der Verkehrsregeln und der Regeln f\u00fcr \u00f6ffentliche Verkehrsmittel zu \u00fcbernehmen. Wenn bestimmte Umst\u00e4nde Ihnen keine sichere Nutzung der App erm\u00f6glichen, sollten Sie sie nicht nutzen oder die Nutzung einstellen. Vox hat alle notwendigen Anstrengungen unternommen, um sicherzustellen, dass alle Beschreibungen der auf der Website und in der App aufgef\u00fchrten Produkte und Dienstleistungen auf dem neuesten Stand sind. Vox \u00fcbernimmt keine Verantwortung im Falle von falschen Informationen in Bezug auf die digitalen Inhalte, einschlie\u00dflich, aber nicht beschr\u00e4nkt auf die Verf\u00fcgbarkeit, die \u00d6ffnungszeiten und die Qualit\u00e4t von Dienstleistungen, die von Dritten angeboten werden. In keinem Fall haftet Vox f\u00fcr die Nichtverf\u00fcgbarkeit von Fu\u00dfg\u00e4ngerwegen, das Fehlen von Hindernissen, die Aussetzung oder \u00c4nderung von \u00f6ffentlichen Verkehrsmitteln, die \u00c4nderung einer Route, die Verkehrsbehinderung, die Unm\u00f6glichkeit, eine Route zu begehen, oder andere Ungenauigkeiten, die auftreten k\u00f6nnen, wie z. B. Verkehrsbehinderung, Sperrung einer Stra\u00dfe oder die Bereitstellung von Informationen, die sich von anderen Informationen unterscheiden, die von anderen Quellen bereitgestellt werden.       <\/p>\n<ol start=\"9\">\n<li><strong>Geltendes Recht und ausschlie\u00dflicher Gerichtsstand<\/strong><\/li>\n<\/ol>\n<p>Diese Vereinbarung unterliegt italienischem Recht und ist entsprechend auszulegen. Alle Streitigkeiten im Zusammenhang mit der Auslegung, G\u00fcltigkeit oder Erf\u00fcllung dieser Vereinbarung sind dem ausschlie\u00dflichen Gerichtsstand des Gerichts von Mailand zuzuweisen. <\/p>\n<ol start=\"10\">\n<li><strong>K\u00fcndigung<\/strong><\/li>\n<\/ol>\n<p>Die Bestimmungen des Dienstes k\u00f6nnen jederzeit, aus irgendeinem Grund und ohne vorherige Ank\u00fcndigung von Vox nach eigenem Ermessen gek\u00fcndigt werden. Wir behalten uns das Recht vor, diese Nutzungsbedingungen von Zeit zu Zeit ohne vorherige Ank\u00fcndigung zu \u00e4ndern. <\/p>\n<ol start=\"11\">\n<li><strong>Kontaktinformationen<\/strong><\/li>\n<\/ol>\n<p>Bitte senden Sie Kommentare oder Fragen zu den in dieser Vereinbarung enthaltenen Nutzungsbedingungen per E-Mail an die folgende Adresse: <a href=\"mailto:privacy@voxtours.com\">privacy@voxtours.com<\/a><\/p>\n<\/div><\/div><\/div><\/div><\/div><\/div><\/div><\/div><\/div><\/section>\n","protected":false},"excerpt":{"rendered":"","protected":false},"author":18,"featured_media":0,"parent":0,"menu_order":0,"comment_status":"closed","ping_status":"closed","template":"","meta":{"footnotes":""},"class_list":["post-5711","page","type-page","status-publish","hentry"],"acf":[],"_links":{"self":[{"href":"https:\/\/voxtours.com\/de\/wp-json\/wp\/v2\/pages\/5711","targetHints":{"allow":["GET"]}}],"collection":[{"href":"https:\/\/voxtours.com\/de\/wp-json\/wp\/v2\/pages"}],"about":[{"href":"https:\/\/voxtours.com\/de\/wp-json\/wp\/v2\/types\/page"}],"author":[{"embeddable":true,"href":"https:\/\/voxtours.com\/de\/wp-json\/wp\/v2\/users\/18"}],"replies":[{"embeddable":true,"href":"https:\/\/voxtours.com\/de\/wp-json\/wp\/v2\/comments?post=5711"}],"version-history":[{"count":0,"href":"https:\/\/voxtours.com\/de\/wp-json\/wp\/v2\/pages\/5711\/revisions"}],"wp:attachment":[{"href":"https:\/\/voxtours.com\/de\/wp-json\/wp\/v2\/media?parent=5711"}],"curies":[{"name":"wp","href":"https:\/\/api.w.org\/{rel}","templated":true}]}}