{"id":5710,"date":"2024-07-23T13:48:53","date_gmt":"2024-07-23T13:48:53","guid":{"rendered":"https:\/\/voxtours.com\/tech-talk-webinare\/"},"modified":"2025-07-09T16:58:26","modified_gmt":"2025-07-09T16:58:26","slug":"tech-talk-webinare","status":"publish","type":"page","link":"https:\/\/voxtours.com\/de\/tech-talk-webinare\/","title":{"rendered":"Tech-Talk-Webinare"},"content":{"rendered":"\t\t<div data-elementor-type=\"wp-page\" data-elementor-id=\"5710\" class=\"elementor elementor-5710 elementor-269\" data-elementor-post-type=\"page\">\n\t\t\t\t<div class=\"elementor-element elementor-element-7987d006 inner-ban-sec e-flex e-con-boxed e-con e-parent\" data-id=\"7987d006\" data-element_type=\"container\" data-e-type=\"container\" data-settings=\"{&quot;background_background&quot;:&quot;classic&quot;}\">\n\t\t\t\t\t<div class=\"e-con-inner\">\n\t\t<div class=\"elementor-element elementor-element-7789fe46 e-con-full e-flex e-con e-child\" data-id=\"7789fe46\" data-element_type=\"container\" data-e-type=\"container\">\n\t\t\t\t<div class=\"elementor-element elementor-element-3d515b5f elementor-widget__width-initial elementor-widget elementor-widget-heading\" data-id=\"3d515b5f\" data-element_type=\"widget\" data-e-type=\"widget\" data-widget_type=\"heading.default\">\n\t\t\t\t<div class=\"elementor-widget-container\">\n\t\t\t\t\t<h1 class=\"elementor-heading-title elementor-size-default\">Vox: Tech-Talk-Webinare<\/h1>\t\t\t\t<\/div>\n\t\t\t\t<\/div>\n\t\t\t\t<\/div>\n\t\t\t\t\t<\/div>\n\t\t\t\t<\/div>\n\t\t<div class=\"elementor-element elementor-element-dfb35e4 e-flex e-con-boxed e-con e-parent\" data-id=\"dfb35e4\" data-element_type=\"container\" data-e-type=\"container\">\n\t\t\t\t\t<div class=\"e-con-inner\">\n\t\t<div class=\"elementor-element elementor-element-f245546 e-con-full e-flex e-con e-child\" data-id=\"f245546\" data-element_type=\"container\" data-e-type=\"container\">\n\t\t\t\t<div class=\"elementor-element elementor-element-353160f elementor-widget elementor-widget-heading\" data-id=\"353160f\" data-element_type=\"widget\" data-e-type=\"widget\" data-widget_type=\"heading.default\">\n\t\t\t\t<div class=\"elementor-widget-container\">\n\t\t\t\t\t<h2 class=\"elementor-heading-title elementor-size-default\">Begleiten Sie uns auf eine Entdeckungsreise durch die Spitzentechnologie von F\u00fchrungsl\u00f6sungen, selbstgef\u00fchrter Technologie und innovativen Reisedienstleistungen<\/h2>\t\t\t\t<\/div>\n\t\t\t\t<\/div>\n\t\t\t\t<div class=\"elementor-element elementor-element-803ef9c elementor-widget elementor-widget-heading\" data-id=\"803ef9c\" data-element_type=\"widget\" data-e-type=\"widget\" data-widget_type=\"heading.default\">\n\t\t\t\t<div class=\"elementor-widget-container\">\n\t\t\t\t\t<h2 class=\"elementor-heading-title elementor-size-default\">Klicken Sie unten, um anzusehen.<\/h2>\t\t\t\t<\/div>\n\t\t\t\t<\/div>\n\t\t\t\t<div class=\"elementor-element elementor-element-ca7442e elementor-widget__width-initial elementor-widget elementor-widget-heading\" data-id=\"ca7442e\" data-element_type=\"widget\" data-e-type=\"widget\" data-widget_type=\"heading.default\">\n\t\t\t\t<div class=\"elementor-widget-container\">\n\t\t\t\t\t<h2 class=\"elementor-heading-title elementor-size-default\">Enth\u00fcllung des n\u00e4chsten Horizonts in der Reisetechnologie<\/h2>\t\t\t\t<\/div>\n\t\t\t\t<\/div>\n\t\t\t\t<div class=\"elementor-element elementor-element-e361d84 elementor-widget-mobile__width-initial elementor-widget elementor-widget-text-editor\" data-id=\"e361d84\" data-element_type=\"widget\" data-e-type=\"widget\" data-widget_type=\"text-editor.default\">\n\t\t\t\t<div class=\"elementor-widget-container\">\n\t\t\t\t\t\t\t\t\t<p style=\"text-align: left;\">Konzipiert f\u00fcr Branchenf\u00fchrer und Vision\u00e4re, war diese Reihe eine Fusion aus Bildung, Zusammenarbeit und Einblick, die den Pioniergeist von Produkten und Dienstleistungen enth\u00fcllt, die die Reisebranche in der heutigen neuen Dynamik voranbringen. <span style=\"font-style: var(--font-style,normal); letter-spacing: var(--letter-spacing,0); text-transform: var(--text-transform,none);\">Unsere Expertengremien befassten sich mit einer Vielzahl von aktuellen Themen und Technologiestrategien und lieferten unsch\u00e4tzbare Einblicke und Perspektiven zu den Auswirkungen aufkommender Technologien und innovativer Ans\u00e4tze, die das Reiseerlebnis verbessern werden. <\/span><span style=\"font-style: var(--font-style,normal); letter-spacing: var(--letter-spacing,0); text-transform: var(--text-transform,none);\">Unser beeindruckendes Redneraufgebot lieferte zum Nachdenken anregende Diskussionen, die man nicht verpassen sollte \u2013 klicken Sie unten, um die Videoaufzeichnungen anzusehen!<\/span><\/p>\t\t\t\t\t\t\t\t<\/div>\n\t\t\t\t<\/div>\n\t\t\t\t<div class=\"elementor-element elementor-element-372faba wbnr_ul_list elementor-widget elementor-widget-text-editor\" data-id=\"372faba\" data-element_type=\"widget\" data-e-type=\"widget\" data-widget_type=\"text-editor.default\">\n\t\t\t\t<div class=\"elementor-widget-container\">\n\t\t\t\t\t\t\t\t\t<p><span style=\"color: #800080;\">\u21d2 Anpassung an den Reisenden 2.0: Ein tiefer Einblick in Begleittechnologien<\/span> \u2013<a class=\"c-link\" href=\"https:\/\/youtu.be\/A-MXEeiFvqI?feature=shared\" target=\"_blank\" rel=\"noopener noreferrer nofollow\" data-stringify-link=\"https:\/\/youtu.be\/A-MXEeiFvqI?feature=shared\" data-sk=\"tooltip_parent\">Video jetzt ansehen!<\/a><\/p><p><span style=\"color: #800080;\">\u21d2 Die Entwicklung des Gruppenreisens: \u00dcberbr\u00fcckung der Generationsl\u00fccke<\/span> \u2013<a class=\"c-link\" href=\"https:\/\/www.youtube.com\/watch?v=yAbrGEM-LpU\" target=\"_blank\" rel=\"noopener noreferrer nofollow\" data-stringify-link=\"https:\/\/www.youtube.com\/watch?v=yAbrGEM-LpU\" data-sk=\"tooltip_parent\">Video jetzt ansehen!<\/a><\/p><p><span style=\"color: #800080;\">\u21d2 Der Aufstieg des FIT-Reisens: Personalisierung und Unabh\u00e4ngigkeit<\/span> &#8211; <a class=\"c-link\" href=\"https:\/\/youtu.be\/eonfu_H_pnM?feature=shared\" target=\"_blank\" rel=\"noopener noreferrer nofollow\" data-stringify-link=\"https:\/\/youtu.be\/eonfu_H_pnM?feature=shared\" data-sk=\"tooltip_parent\">Video jetzt ansehen!<\/a><\/p><p><span style=\"color: #800080;\">\u21d2 Integration von MaaS in das traditionelle Destinationsmanagement f\u00fcr zukunftsf\u00e4higes Stadtmarketing<\/span> \u2013 <a class=\"c-link\" href=\"https:\/\/youtu.be\/MwmEVVM0b9U?feature=shared\" target=\"_blank\" rel=\"noopener noreferrer nofollow\" data-stringify-link=\"https:\/\/youtu.be\/MwmEVVM0b9U?feature=shared\" data-sk=\"tooltip_parent\">Video jetzt ansehen!<\/a><\/p><p><span style=\"color: #800080;\">\u21d2 Erschlie\u00dfung von In-Destination-Daten: Eine neue Grenze f\u00fcr Betreiber<\/span> \u2013 <a href=\"https:\/\/youtu.be\/gEbsC8va3Ts?feature=shared\" rel=\"nofollow noopener\" target=\"_blank\">Video jetzt ansehen!<\/a><\/p><p><span style=\"color: #800080;\">\u21d2 Verbesserung von End-to-End-Reiseerlebnissen durch Technologie \u2013<\/span> <a href=\"https:\/\/attendee.gotowebinar.com\/recording\/5536139346423936605\" rel=\"nofollow noopener\" target=\"_blank\"><span style=\"color: #ff0000;\"><span style=\"color: #3366ff;\">Video jetzt ansehen!<\/span><\/span><\/a><\/p>\t\t\t\t\t\t\t\t<\/div>\n\t\t\t\t<\/div>\n\t\t\t\t<\/div>\n\t\t\t\t\t<\/div>\n\t\t\t\t<\/div>\n\t\t\t\t<\/div>\n\t\t","protected":false},"excerpt":{"rendered":"<p>Vox: Tech-Talk-Webinare Begleiten Sie uns auf eine Entdeckungsreise durch die Spitzentechnologie von F\u00fchrungsl\u00f6sungen, selbstgef\u00fchrter Technologie und innovativen Reisedienstleistungen Klicken Sie unten, um anzusehen. Enth\u00fcllung des n\u00e4chsten Horizonts in der Reisetechnologie Konzipiert f\u00fcr Branchenf\u00fchrer und Vision\u00e4re, war diese Reihe eine Fusion aus Bildung, Zusammenarbeit und Einblick, die den Pioniergeist von Produkten und Dienstleistungen enth\u00fcllt, die die&#8230;<\/p>\n","protected":false},"author":18,"featured_media":3032,"parent":0,"menu_order":0,"comment_status":"closed","ping_status":"closed","template":"","meta":{"footnotes":""},"class_list":["post-5710","page","type-page","status-publish","has-post-thumbnail","hentry"],"acf":[],"_links":{"self":[{"href":"https:\/\/voxtours.com\/de\/wp-json\/wp\/v2\/pages\/5710","targetHints":{"allow":["GET"]}}],"collection":[{"href":"https:\/\/voxtours.com\/de\/wp-json\/wp\/v2\/pages"}],"about":[{"href":"https:\/\/voxtours.com\/de\/wp-json\/wp\/v2\/types\/page"}],"author":[{"embeddable":true,"href":"https:\/\/voxtours.com\/de\/wp-json\/wp\/v2\/users\/18"}],"replies":[{"embeddable":true,"href":"https:\/\/voxtours.com\/de\/wp-json\/wp\/v2\/comments?post=5710"}],"version-history":[{"count":0,"href":"https:\/\/voxtours.com\/de\/wp-json\/wp\/v2\/pages\/5710\/revisions"}],"wp:featuredmedia":[{"embeddable":true,"href":"https:\/\/voxtours.com\/de\/wp-json\/wp\/v2\/media\/3032"}],"wp:attachment":[{"href":"https:\/\/voxtours.com\/de\/wp-json\/wp\/v2\/media?parent=5710"}],"curies":[{"name":"wp","href":"https:\/\/api.w.org\/{rel}","templated":true}]}}